{"id":992,"date":"2025-10-29T14:51:11","date_gmt":"2025-10-29T13:51:11","guid":{"rendered":"https:\/\/olliesport.click.si\/trgovina\/uncategorized\/155-bloodline\/"},"modified":"2026-04-16T20:58:34","modified_gmt":"2026-04-16T18:58:34","slug":"155-bloodline","status":"publish","type":"product","link":"https:\/\/olliesport.com\/en\/trgovina\/wake\/wakeboards\/155-bloodline\/","title":{"rendered":"HYPERLITE BLOODLINE"},"content":{"rendered":"<h3 data-start=\"108\" data-end=\"209\"><strong data-start=\"112\" data-end=\"209\">025 Hyperlite Bloodline Wakeboard \u2013 vrhunska park deska, razvita z bratskim tandemom Peacock<\/strong><\/h3>\n<p data-start=\"211\" data-end=\"535\"><b>P<\/b>rihaja\u00a0<strong data-start=\"299\" data-end=\"327\">2025 Hyperlite Bloodline<\/strong>, zasnovana v sodelovanju z Ryanom in Liamom Peacockom ter oblikovalcem Aaronom Stumpfom. Ta deska je\u00a0<strong data-start=\"429\" data-end=\"476\">ustvarjena za resne obiskovalce wake parkov<\/strong>, ki \u017eelijo kombinacijo hitrosti, nadzora in vzdr\u017eljivosti.<\/p>\n<p data-start=\"537\" data-end=\"692\">With\u00a0<strong data-start=\"539\" data-end=\"562\">faktorjem upogiba 4<\/strong>\u00a0nudi uravnote\u017eeno fleksibilnost, idealno za natan\u010dne pritiske na objektih v parku, hkrati pa ohranja stabilnost pri hitri vo\u017enji.<\/p>\n<hr data-start=\"694\" data-end=\"697\" \/>\n<h3 data-start=\"699\" data-end=\"732\">\ud83c\udfc4\u200d\u2642\ufe0f\u00a0<strong data-start=\"709\" data-end=\"732\">Main features:<\/strong><\/h3>\n<ul data-start=\"734\" data-end=\"1546\">\n<li data-start=\"734\" data-end=\"809\">\n<p data-start=\"736\" data-end=\"809\"><strong data-start=\"736\" data-end=\"752\">Flex Factor:<\/strong>\u00a04\u00a0<em data-start=\"755\" data-end=\"809\">(Mehkej\u0161a deska \u2013 idealna za pritiskanje na objekte)<\/em><\/p>\n<\/li>\n<li data-start=\"810\" data-end=\"884\">\n<p data-start=\"812\" data-end=\"884\"><strong data-start=\"812\" data-end=\"831\">Jedro Woodlite:<\/strong>\u00a0Lahko, pro\u017eno in zelo odporno jedro za igrivo vo\u017enjo<\/p>\n<\/li>\n<li data-start=\"885\" data-end=\"961\">\n<p data-start=\"887\" data-end=\"961\"><strong data-start=\"887\" data-end=\"916\">Abrupt Continuous Rocker:<\/strong>\u00a0Hitre prehode robov in ve\u010dja hitrost po vodi<\/p>\n<\/li>\n<li data-start=\"962\" data-end=\"1049\">\n<p data-start=\"964\" data-end=\"1049\"><strong data-start=\"964\" data-end=\"979\">Grab Rails:<\/strong>\u00a0Bolj\u0161i nadzor fleksije med \u010devlji in dodatna fleksibilnost na konicah<\/p>\n<\/li>\n<li data-start=\"1050\" data-end=\"1105\">\n<p data-start=\"1052\" data-end=\"1105\"><strong data-start=\"1052\" data-end=\"1069\">Tanek profil:<\/strong>\u00a0Mehki pristanki in natan\u010den ob\u010dutek<\/p>\n<\/li>\n<li data-start=\"1106\" data-end=\"1200\">\n<p data-start=\"1108\" data-end=\"1200\"><strong data-start=\"1108\" data-end=\"1156\">Konkavni konici in rep (Tip &amp; Tail Concave):<\/strong>\u00a0Bolj\u0161i oprijem in nadzor na cevnih objektih<\/p>\n<\/li>\n<li data-start=\"1201\" data-end=\"1313\">\n<p data-start=\"1203\" data-end=\"1313\"><strong data-start=\"1203\" data-end=\"1256\">Spremenljiv rob 360\u00b0 (360 Variable Beveled Edge):<\/strong>\u00a0Odpu\u0161\u010dajo\u010da zasnova za \u201cbutter\u201d trike in mehkej\u0161e robove<\/p>\n<\/li>\n<li data-start=\"1314\" data-end=\"1412\">\n<p data-start=\"1316\" data-end=\"1412\"><strong data-start=\"1316\" data-end=\"1337\">Sinterirana baza:<\/strong>\u00a0Najmo\u010dnej\u0161a in najbolj odporna drsna povr\u0161ina \u2013 idealna za kablovske parke<\/p>\n<\/li>\n<li data-start=\"1413\" data-end=\"1502\">\n<p data-start=\"1415\" data-end=\"1502\"><strong data-start=\"1415\" data-end=\"1448\">Poliuretanske stranske stene:<\/strong>\u00a0Trpe\u017ena, a pro\u017ena konstrukcija za dolgotrajno uporabo<\/p>\n<\/li>\n<li data-start=\"1503\" data-end=\"1546\">\n<p data-start=\"1505\" data-end=\"1546\"><strong data-start=\"1505\" data-end=\"1519\">M6 vlo\u017eki:<\/strong>\u00a0Zanesljiva pritrditev vezi<\/p>\n<\/li>\n<\/ul>\n<hr data-start=\"1548\" data-end=\"1551\" \/>\n<h3 data-start=\"1553\" data-end=\"1603\">\ud83d\udccf\u00a0<strong data-start=\"1560\" data-end=\"1603\">Vodnik po velikosti in te\u017ei uporabnika:<\/strong><\/h3>\n<ul data-start=\"1605\" data-end=\"1713\">\n<li data-start=\"1605\" data-end=\"1640\">\n<p data-start=\"1607\" data-end=\"1640\"><strong data-start=\"1607\" data-end=\"1618\">147 cm:<\/strong>\u00a0Za voznike do 85 kg<\/p>\n<\/li>\n<li data-start=\"1641\" data-end=\"1676\">\n<p data-start=\"1643\" data-end=\"1676\"><strong data-start=\"1643\" data-end=\"1654\">151 cm:<\/strong>\u00a0Za voznike do 95 kg<\/p>\n<\/li>\n<li data-start=\"1677\" data-end=\"1713\">\n<p data-start=\"1679\" data-end=\"1713\"><strong data-start=\"1679\" data-end=\"1690\">155 cm:<\/strong>\u00a0Za voznike do 105 kg<\/p>\n<\/li>\n<\/ul>\n<hr data-start=\"1715\" data-end=\"1718\" \/>\n<p data-start=\"1720\" data-end=\"1903\">Ne glede na to, ali stremi\u0161 k popolnim pritiskom, tehni\u010dnim trikom ali gladkim prehodom \u010dez objekt,\u00a0<strong data-start=\"1820\" data-end=\"1848\">Hyperlite Bloodline 2025<\/strong>\u00a0nudi vse \u2013 mo\u010d, prilagodljivost in izjemno vodljivost.<\/p>","protected":false},"excerpt":{"rendered":"<p><b>P<\/b>rihaja\u00a0<strong data-start=\"299\" data-end=\"327\">2025 Hyperlite Bloodline<\/strong>, zasnovana v sodelovanju z Ryanom in Liamom Peacockom ter oblikovalcem Aaronom Stumpfom. Ta deska je\u00a0<strong data-start=\"429\" data-end=\"476\">ustvarjena za resne obiskovalce wake parkov<\/strong>, ki \u017eelijo kombinacijo hitrosti, nadzora in vzdr\u017eljivosti.<\/p>","protected":false},"featured_media":3715,"comment_status":"closed","ping_status":"closed","template":"","meta":{"_acf_changed":false,"inline_featured_image":false,"_monsterinsights_skip_tracking":false,"_monsterinsights_sitenote_active":false,"_monsterinsights_sitenote_note":"","_monsterinsights_sitenote_category":0},"product_brand":[29],"product_cat":[18,52],"product_tag":[],"class_list":{"0":"post-992","1":"product","2":"type-product","3":"status-publish","4":"has-post-thumbnail","6":"product_brand-hyperlite","7":"product_cat-wake","8":"product_cat-wakeboards","10":"first","11":"instock","12":"sale","13":"taxable","14":"shipping-taxable","15":"purchasable","16":"product-type-variable"},"acf":[],"aioseo_notices":[],"_links":{"self":[{"href":"https:\/\/olliesport.com\/en\/wp-json\/wp\/v2\/product\/992","targetHints":{"allow":["GET"]}}],"collection":[{"href":"https:\/\/olliesport.com\/en\/wp-json\/wp\/v2\/product"}],"about":[{"href":"https:\/\/olliesport.com\/en\/wp-json\/wp\/v2\/types\/product"}],"replies":[{"embeddable":true,"href":"https:\/\/olliesport.com\/en\/wp-json\/wp\/v2\/comments?post=992"}],"wp:featuredmedia":[{"embeddable":true,"href":"https:\/\/olliesport.com\/en\/wp-json\/wp\/v2\/media\/3715"}],"wp:attachment":[{"href":"https:\/\/olliesport.com\/en\/wp-json\/wp\/v2\/media?parent=992"}],"wp:term":[{"taxonomy":"product_brand","embeddable":true,"href":"https:\/\/olliesport.com\/en\/wp-json\/wp\/v2\/product_brand?post=992"},{"taxonomy":"product_cat","embeddable":true,"href":"https:\/\/olliesport.com\/en\/wp-json\/wp\/v2\/product_cat?post=992"},{"taxonomy":"product_tag","embeddable":true,"href":"https:\/\/olliesport.com\/en\/wp-json\/wp\/v2\/product_tag?post=992"}],"curies":[{"name":"wp","href":"https:\/\/api.w.org\/{rel}","templated":true}]}}