{"id":989,"date":"2025-10-29T14:51:11","date_gmt":"2025-10-29T13:51:11","guid":{"rendered":"https:\/\/olliesport.click.si\/trgovina\/uncategorized\/148-pleasure\/"},"modified":"2026-04-16T20:58:33","modified_gmt":"2026-04-16T18:58:33","slug":"148-pleasure","status":"publish","type":"product","link":"https:\/\/olliesport.com\/en\/trgovina\/wake\/wakeboards\/148-pleasure\/","title":{"rendered":"HYPERLITE PLEASURE 2025"},"content":{"rendered":"<p data-start=\"569\" data-end=\"931\">Kot\u00a0<strong data-start=\"573\" data-end=\"612\">najmehkej\u0161a in najbolj pro\u017ena deska<\/strong>\u00a0v Hyperlite ponudbi, ima\u00a0<strong data-start=\"638\" data-end=\"650\">Pleasure<\/strong>\u00a0<strong data-start=\"651\" data-end=\"668\">Flex Factor 5<\/strong>, kar jo naredi popolno za \u201cpress\u201d trike in igrivo vo\u017enjo.\u00a0<strong data-start=\"727\" data-end=\"780\">Ravna zasnova konice in repa (Flat Tip\/Tail Base)<\/strong>\u00a0omogo\u010da zanesljiv stik z objekti,\u00a0<strong data-start=\"815\" data-end=\"832\">Sintered Base<\/strong>\u00a0and\u00a0<strong data-start=\"836\" data-end=\"858\">Urethane Sidewalls<\/strong>\u00a0pa zagotavljata trpe\u017enost tudi pri intenzivni uporabi v kabelskem parku.<\/p>\n<hr data-start=\"1172\" data-end=\"1175\" \/>\n<h3 data-start=\"1177\" data-end=\"1220\">Priporo\u010dila glede telesne te\u017ee voznika:<\/h3>\n<ul data-start=\"1221\" data-end=\"1328\">\n<li data-start=\"1221\" data-end=\"1245\">\n<p data-start=\"1223\" data-end=\"1245\"><strong data-start=\"1223\" data-end=\"1233\">144 cm<\/strong>: 60\u201380 kg<\/p>\n<\/li>\n<li data-start=\"1246\" data-end=\"1270\">\n<p data-start=\"1248\" data-end=\"1270\"><strong data-start=\"1248\" data-end=\"1258\">148 cm<\/strong>: 75\u201395 kg<\/p>\n<\/li>\n<li data-start=\"1271\" data-end=\"1299\">\n<p data-start=\"1273\" data-end=\"1299\"><strong data-start=\"1273\" data-end=\"1283\">152 cm<\/strong>: 85 kg in ve\u010d<\/p>\n<\/li>\n<li data-start=\"1300\" data-end=\"1328\">\n<p data-start=\"1302\" data-end=\"1328\"><strong data-start=\"1302\" data-end=\"1312\">156 cm<\/strong>: 85 kg in ve\u010d<\/p>\n<\/li>\n<\/ul>\n<hr data-start=\"1330\" data-end=\"1333\" \/>\n<h3 data-start=\"1335\" data-end=\"1359\">Key features:<\/h3>\n<ul data-start=\"1360\" data-end=\"2263\">\n<li data-start=\"1360\" data-end=\"1453\">\n<p data-start=\"1362\" data-end=\"1453\"><strong data-start=\"1362\" data-end=\"1379\">Flex Factor 5<\/strong>\u00a0\u2013 najbolj mehka in pro\u017ena Hyperlite deska, idealna za trike na objektih<\/p>\n<\/li>\n<li data-start=\"1454\" data-end=\"1521\">\n<p data-start=\"1456\" data-end=\"1521\"><strong data-start=\"1456\" data-end=\"1474\">Jedro Woodlite<\/strong>\u00a0\u2013 lahko in trpe\u017eno, zasnovano za park vo\u017enjo<\/p>\n<\/li>\n<li data-start=\"1522\" data-end=\"1605\">\n<p data-start=\"1524\" data-end=\"1605\"><strong data-start=\"1524\" data-end=\"1552\">Abrupt Continuous Rocker<\/strong>\u00a0\u2013 gladki in hitri prehodi s pove\u010dano \u201collie\u201d mo\u010djo<\/p>\n<\/li>\n<li data-start=\"1606\" data-end=\"1703\">\n<p data-start=\"1608\" data-end=\"1703\"><strong data-start=\"1608\" data-end=\"1651\">Ravna konica\/rep (Flat Tip\/Tail Design)<\/strong>\u00a0\u2013 zanesljiv stik z raili in kontrolirani \u201cpressi\u201d<\/p>\n<\/li>\n<li data-start=\"1704\" data-end=\"1766\">\n<p data-start=\"1706\" data-end=\"1766\"><strong data-start=\"1706\" data-end=\"1721\">Ozek profil<\/strong>\u00a0\u2013 la\u017eje zavijanje in prehajanje med robovi<\/p>\n<\/li>\n<li data-start=\"1767\" data-end=\"1841\">\n<p data-start=\"1769\" data-end=\"1841\"><strong data-start=\"1769\" data-end=\"1786\">Sintered Base<\/strong>\u00a0\u2013 najtrpe\u017enej\u0161a povr\u0161ina, odporna na obrabo v parkih<\/p>\n<\/li>\n<li data-start=\"1842\" data-end=\"1921\">\n<p data-start=\"1844\" data-end=\"1921\"><strong data-start=\"1844\" data-end=\"1866\">Urethane Sidewalls<\/strong>\u00a0\u2013 odporna in pro\u017ena konstrukcija, ki se lepo upogiba<\/p>\n<\/li>\n<li data-start=\"1922\" data-end=\"2029\">\n<p data-start=\"1924\" data-end=\"2029\"><strong data-start=\"1924\" data-end=\"1974\">Popolnoma zaobljeni robovi (Full Beveled Edge)<\/strong>\u00a0\u2013 bolj odpu\u0161\u010dajo\u010di za butter trike in gladko drsenje<\/p>\n<\/li>\n<li data-start=\"2030\" data-end=\"2108\">\n<p data-start=\"2032\" data-end=\"2108\"><strong data-start=\"2032\" data-end=\"2072\">Kanali v sredini (Mid-Body Channels)<\/strong>\u00a0\u2013 igriv, spro\u0161\u010den ob\u010dutek na vodi<\/p>\n<\/li>\n<li data-start=\"2109\" data-end=\"2190\">\n<p data-start=\"2111\" data-end=\"2190\"><strong data-start=\"2111\" data-end=\"2134\">Sized Up filozofija<\/strong>\u00a0\u2013 ve\u010dje deske za ve\u010d stabilnosti, odriva in zra\u010dnosti<\/p>\n<\/li>\n<li data-start=\"2191\" data-end=\"2263\">\n<p data-start=\"2193\" data-end=\"2263\"><strong data-start=\"2193\" data-end=\"2206\">M6 vlo\u017eki<\/strong>\u00a0\u2013 varen, stabilen in zanesljiv na\u010din pritrjevanja vezi<\/p>\n<\/li>\n<\/ul>","protected":false},"excerpt":{"rendered":"<p><strong data-start=\"94\" data-end=\"164\">Do\u017eivi vo\u017enjo z 2025 Hyperlite Pleasure Cable Park Wakeboard desko<\/strong>, ki jo je zasnoval\u00a0<strong data-start=\"184\" data-end=\"200\">Alex Aulbach<\/strong>, navdih pa \u010drpa iz teko\u010dega ritma neskon\u010dnih gorskih spustov. Ta deska ima\u00a0<strong data-start=\"276\" data-end=\"291\">ozek profil<\/strong>, ki omogo\u010da enostavno prehajanje med robovi, ter popolnoma strojno obdelano\u00a0<strong data-start=\"368\" data-end=\"386\">Woodlite jedro<\/strong>, ki nudi enakomerno pro\u017enost in \u017eivahen ob\u010dutek pod nogami. V kombinaciji z\u00a0<strong data-start=\"463\" data-end=\"500\">Abrupt Continuous Rocker profilom<\/strong>\u00a0deska omogo\u010da ve\u010djo \u201collie\u201d mo\u010d in gladko, odzivno vo\u017enjo po vodi.<\/p>","protected":false},"featured_media":3743,"comment_status":"closed","ping_status":"closed","template":"","meta":{"_acf_changed":false,"inline_featured_image":false,"_monsterinsights_skip_tracking":false,"_monsterinsights_sitenote_active":false,"_monsterinsights_sitenote_note":"","_monsterinsights_sitenote_category":0},"product_brand":[29],"product_cat":[18,52],"product_tag":[],"class_list":{"0":"post-989","1":"product","2":"type-product","3":"status-publish","4":"has-post-thumbnail","6":"product_brand-hyperlite","7":"product_cat-wake","8":"product_cat-wakeboards","10":"first","11":"instock","12":"sale","13":"taxable","14":"shipping-taxable","15":"purchasable","16":"product-type-variable"},"acf":[],"aioseo_notices":[],"_links":{"self":[{"href":"https:\/\/olliesport.com\/en\/wp-json\/wp\/v2\/product\/989","targetHints":{"allow":["GET"]}}],"collection":[{"href":"https:\/\/olliesport.com\/en\/wp-json\/wp\/v2\/product"}],"about":[{"href":"https:\/\/olliesport.com\/en\/wp-json\/wp\/v2\/types\/product"}],"replies":[{"embeddable":true,"href":"https:\/\/olliesport.com\/en\/wp-json\/wp\/v2\/comments?post=989"}],"wp:featuredmedia":[{"embeddable":true,"href":"https:\/\/olliesport.com\/en\/wp-json\/wp\/v2\/media\/3743"}],"wp:attachment":[{"href":"https:\/\/olliesport.com\/en\/wp-json\/wp\/v2\/media?parent=989"}],"wp:term":[{"taxonomy":"product_brand","embeddable":true,"href":"https:\/\/olliesport.com\/en\/wp-json\/wp\/v2\/product_brand?post=989"},{"taxonomy":"product_cat","embeddable":true,"href":"https:\/\/olliesport.com\/en\/wp-json\/wp\/v2\/product_cat?post=989"},{"taxonomy":"product_tag","embeddable":true,"href":"https:\/\/olliesport.com\/en\/wp-json\/wp\/v2\/product_tag?post=989"}],"curies":[{"name":"wp","href":"https:\/\/api.w.org\/{rel}","templated":true}]}}