{"id":988,"date":"2025-10-29T14:51:11","date_gmt":"2025-10-29T13:51:11","guid":{"rendered":"https:\/\/olliesport.click.si\/trgovina\/uncategorized\/148-freepress\/"},"modified":"2026-04-16T22:58:40","modified_gmt":"2026-04-16T20:58:40","slug":"148-freepress","status":"publish","type":"product","link":"https:\/\/olliesport.com\/en\/trgovina\/wake\/wakeboards\/148-freepress\/","title":{"rendered":"HYPERLITE FREEPRESS"},"content":{"rendered":"<p data-start=\"52\" data-end=\"204\">Zasnovan za vrhunsko zmogljivost in prilagodljivost, Freepress vklju\u010duje <strong data-start=\"125\" data-end=\"154\">me\u0161an 3-stopenjski rocker<\/strong>, ki omogo\u010da teko\u010de vo\u017enje in eksplozivni odriv.<\/p>\n<p data-start=\"206\" data-end=\"615\"><strong data-start=\"206\" data-end=\"224\">Jedro Woodlite<\/strong> zagotavlja lahkoten in \u017eivahen ob\u010dutek, z izjemnim odbojem in povratkom energije. <strong data-start=\"307\" data-end=\"352\">Ravna zasnova sprednjega in zadnjega dela<\/strong> omogo\u010da dosledno kontrolo in trden stik za optimalno oprijemanje elementov parka. Dalj\u0161i profil in tanke fleksibilne cone dajejo deski <strong data-start=\"488\" data-end=\"505\">Flex Factor 5<\/strong>, kar jo uvr\u0161\u010da med najbolj pro\u017ene deske Hyperlite, idealne za \u201cpressanje\u201d na elementih in gladke pristanke.<\/p>\n<p data-start=\"617\" data-end=\"906\">With <strong data-start=\"619\" data-end=\"662\">vzdr\u017eljivimi poliuretanskimi stranicami<\/strong> and <strong data-start=\"666\" data-end=\"689\">sinterirano podlago<\/strong> je deska narejena, da prenese intenzivne ure vo\u017enje v cable parku. Ne glede na to, ali ste izku\u0161en profesionalec ali \u0161ele izbolj\u0161ujete svoje sposobnosti, Freepress ponuja neprimerljivo zmogljivost in vsestranskost.<\/p>\n<p data-start=\"908\" data-end=\"936\"><strong data-start=\"908\" data-end=\"934\">Vodnik za te\u017eo jaha\u010da:<\/strong><\/p>\n<ul data-start=\"937\" data-end=\"1030\">\n<li data-start=\"937\" data-end=\"967\">\n<p data-start=\"939\" data-end=\"967\">145 cm: za jaha\u010de do 85 kg<\/p>\n<\/li>\n<li data-start=\"968\" data-end=\"998\">\n<p data-start=\"970\" data-end=\"998\">148 cm: za jaha\u010de do 95 kg<\/p>\n<\/li>\n<li data-start=\"999\" data-end=\"1030\">\n<p data-start=\"1001\" data-end=\"1030\">151 cm: za jaha\u010de do 105 kg<\/p>\n<\/li>\n<\/ul>\n<p data-start=\"1032\" data-end=\"1056\"><strong data-start=\"1032\" data-end=\"1054\">Key features:<\/strong><\/p>\n<ul data-start=\"1057\" data-end=\"1789\">\n<li data-start=\"1057\" data-end=\"1121\">\n<p data-start=\"1059\" data-end=\"1121\"><strong data-start=\"1059\" data-end=\"1077\">Flex Factor: 5<\/strong> \u2013 zelo pro\u017ena za \u201cpressanje\u201d na elementih<\/p>\n<\/li>\n<li data-start=\"1122\" data-end=\"1189\">\n<p data-start=\"1124\" data-end=\"1189\"><strong data-start=\"1124\" data-end=\"1142\">Jedro Woodlite<\/strong> \u2013 lahkotno in vzdr\u017eljivo za park zmogljivost<\/p>\n<\/li>\n<li data-start=\"1190\" data-end=\"1272\">\n<p data-start=\"1192\" data-end=\"1272\"><strong data-start=\"1192\" data-end=\"1221\">Me\u0161an 3-stopenjski rocker<\/strong> \u2013 eksploziven vertikalni odriv in gladka hitrost<\/p>\n<\/li>\n<li data-start=\"1273\" data-end=\"1359\">\n<p data-start=\"1275\" data-end=\"1359\"><strong data-start=\"1275\" data-end=\"1320\">Ravna zasnova sprednjega in zadnjega dela<\/strong> \u2013 bolj\u0161a kontrola in stik z elementi<\/p>\n<\/li>\n<li data-start=\"1360\" data-end=\"1426\">\n<p data-start=\"1362\" data-end=\"1426\"><strong data-start=\"1362\" data-end=\"1390\">Paraboli\u010dni robni kanali<\/strong> \u2013 gladki in naravni prehodi robov<\/p>\n<\/li>\n<li data-start=\"1427\" data-end=\"1513\">\n<p data-start=\"1429\" data-end=\"1513\"><strong data-start=\"1429\" data-end=\"1466\">Oja\u010dano obmo\u010dje za postavitev nog<\/strong> \u2013 ve\u010dja pro\u017enost med nogami za bolj\u0161i nadzor<\/p>\n<\/li>\n<li data-start=\"1514\" data-end=\"1599\">\n<p data-start=\"1516\" data-end=\"1599\"><strong data-start=\"1516\" data-end=\"1539\">Sinterirana podlaga<\/strong> \u2013 najmo\u010dnej\u0161a in najvzdr\u017eljivej\u0161a povr\u0161ina za cable parke<\/p>\n<\/li>\n<li data-start=\"1600\" data-end=\"1661\">\n<p data-start=\"1602\" data-end=\"1661\"><strong data-start=\"1602\" data-end=\"1628\">Poliuretanske stranice<\/strong> \u2013 trdna in pro\u017ena konstrukcija<\/p>\n<\/li>\n<li data-start=\"1662\" data-end=\"1730\">\n<p data-start=\"1664\" data-end=\"1730\"><strong data-start=\"1664\" data-end=\"1698\">Profil minimalne te\u017ee za zamah<\/strong> \u2013 enostavni obrati in inverzi<\/p>\n<\/li>\n<li data-start=\"1731\" data-end=\"1789\">\n<p data-start=\"1733\" data-end=\"1789\"><strong data-start=\"1733\" data-end=\"1747\">M6 vstavki<\/strong> \u2013 varna in zanesljiva pritrditev vezave<\/p>\n<\/li>\n<\/ul>","protected":false},"excerpt":{"rendered":"<p>Zasnovan za vrhunsko zmogljivost in prilagodljivost, Freepress vklju\u010duje <strong data-start=\"125\" data-end=\"154\">me\u0161an 3-stopenjski rocker<\/strong>, ki omogo\u010da teko\u010de vo\u017enje in eksplozivni odriv.<\/p>","protected":false},"featured_media":3727,"comment_status":"open","ping_status":"closed","template":"","meta":{"_acf_changed":false,"inline_featured_image":false,"_monsterinsights_skip_tracking":false,"_monsterinsights_sitenote_active":false,"_monsterinsights_sitenote_note":"","_monsterinsights_sitenote_category":0},"product_brand":[29],"product_cat":[18,52],"product_tag":[],"class_list":{"0":"post-988","1":"product","2":"type-product","3":"status-publish","4":"has-post-thumbnail","6":"product_brand-hyperlite","7":"product_cat-wake","8":"product_cat-wakeboards","10":"first","11":"instock","12":"taxable","13":"shipping-taxable","14":"purchasable","15":"product-type-variable"},"acf":[],"aioseo_notices":[],"_links":{"self":[{"href":"https:\/\/olliesport.com\/en\/wp-json\/wp\/v2\/product\/988","targetHints":{"allow":["GET"]}}],"collection":[{"href":"https:\/\/olliesport.com\/en\/wp-json\/wp\/v2\/product"}],"about":[{"href":"https:\/\/olliesport.com\/en\/wp-json\/wp\/v2\/types\/product"}],"replies":[{"embeddable":true,"href":"https:\/\/olliesport.com\/en\/wp-json\/wp\/v2\/comments?post=988"}],"wp:featuredmedia":[{"embeddable":true,"href":"https:\/\/olliesport.com\/en\/wp-json\/wp\/v2\/media\/3727"}],"wp:attachment":[{"href":"https:\/\/olliesport.com\/en\/wp-json\/wp\/v2\/media?parent=988"}],"wp:term":[{"taxonomy":"product_brand","embeddable":true,"href":"https:\/\/olliesport.com\/en\/wp-json\/wp\/v2\/product_brand?post=988"},{"taxonomy":"product_cat","embeddable":true,"href":"https:\/\/olliesport.com\/en\/wp-json\/wp\/v2\/product_cat?post=988"},{"taxonomy":"product_tag","embeddable":true,"href":"https:\/\/olliesport.com\/en\/wp-json\/wp\/v2\/product_tag?post=988"}],"curies":[{"name":"wp","href":"https:\/\/api.w.org\/{rel}","templated":true}]}}