{"id":979,"date":"2025-10-29T14:51:09","date_gmt":"2025-10-29T13:51:09","guid":{"rendered":"https:\/\/olliesport.click.si\/trgovina\/uncategorized\/138-union-dom-ltd\/"},"modified":"2026-04-16T23:58:32","modified_gmt":"2026-04-16T21:58:32","slug":"138-union-dom-ltd","status":"publish","type":"product","link":"https:\/\/olliesport.com\/en\/trgovina\/wake\/wakeboards\/138-union-dom-ltd\/","title":{"rendered":"HYPERLITE UNION DOM LTD"},"content":{"rendered":"<h3 data-start=\"89\" data-end=\"185\"><strong data-start=\"93\" data-end=\"185\">2025 Hyperlite Dom Guehrs LTD \u2013 vrhunska wake park deska z brezkompromisno zmogljivostjo<\/strong><\/h3>\n<p data-start=\"187\" data-end=\"420\">Zasnovana v sodelovanju z Domom Guehrsom in legendarnim oblikovalcem\u00a0<strong data-start=\"256\" data-end=\"276\">Aaronom Stumpfom<\/strong>, ta deska zdru\u017euje\u00a0<strong data-start=\"296\" data-end=\"327\">\u010dist, minimalisti\u010den dizajn<\/strong>\u00a0z vrhunsko zmogljivostjo, kar jo postavlja med najbolj\u0161e izbire za vse wake park navdu\u0161ence.<\/p>\n<p data-start=\"422\" data-end=\"739\">Deska je izdelana iz popolnoma strojno obdelanega\u00a0<strong data-start=\"472\" data-end=\"490\">Woodlite jedra<\/strong>, ki ji daje\u00a0<strong data-start=\"503\" data-end=\"553\">lahkost, odzivnost in dolgotrajno vzdr\u017eljivost<\/strong>. Z izjemno obstojnim\u00a0<strong data-start=\"575\" data-end=\"592\">Sintered Base<\/strong>\u00a0podplatom in trpe\u017enimi\u00a0<strong data-start=\"616\" data-end=\"667\">poliuretanskimi stranicami (Urethane Sidewalls)<\/strong>\u00a0je ta model pripravljen na \u0161tevilne sezone intenzivne vo\u017enje po kablih.<\/p>\n<p data-start=\"741\" data-end=\"1016\">S profilom\u00a0<strong data-start=\"752\" data-end=\"774\">Power Press Rocker<\/strong>\u00a0lahko enostavno zaklenete natan\u010dne \u201cnose\u201d in \u201ctail\u201d pritiske, medtem ko\u00a0<strong data-start=\"847\" data-end=\"872\">konkavna oblika konic<\/strong>\u00a0zagotavlja nadzor na cevnih elementih. Deska je ustvarjena za zabavo, zmogljivost in natan\u010dnost \u2013 idealna za napredne voznike in profesionalce.<\/p>\n<hr data-start=\"1018\" data-end=\"1021\" \/>\n<h3 data-start=\"1023\" data-end=\"1070\">\ud83d\udccf\u00a0<strong data-start=\"1030\" data-end=\"1070\">Vodnik po velikosti in te\u017ei voznika:<\/strong><\/h3>\n<ul data-start=\"1072\" data-end=\"1261\">\n<li data-start=\"1072\" data-end=\"1120\">\n<p data-start=\"1074\" data-end=\"1120\"><strong data-start=\"1074\" data-end=\"1084\">138 cm<\/strong>\u00a0\u2013 za voznike te\u017eke\u00a0<strong data-start=\"1104\" data-end=\"1120\">70 kg in ve\u010d<\/strong><\/p>\n<\/li>\n<li data-start=\"1121\" data-end=\"1169\">\n<p data-start=\"1123\" data-end=\"1169\"><strong data-start=\"1123\" data-end=\"1133\">143 cm<\/strong>\u00a0\u2013 za voznike te\u017eke\u00a0<strong data-start=\"1153\" data-end=\"1169\">80 kg in ve\u010d<\/strong><\/p>\n<\/li>\n<li data-start=\"1170\" data-end=\"1261\">\n<p data-start=\"1172\" data-end=\"1261\"><strong data-start=\"1172\" data-end=\"1182\">147 cm<\/strong>\u00a0\u2013 za voznike te\u017eke\u00a0<strong data-start=\"1202\" data-end=\"1218\">80 kg in ve\u010d<\/strong>\u00a0(ve\u010dja povr\u0161ina = ve\u010d stabilnosti in popa)<\/p>\n<\/li>\n<\/ul>\n<hr data-start=\"1263\" data-end=\"1266\" \/>\n<h3 data-start=\"1268\" data-end=\"1297\">\ud83d\udd27\u00a0<strong data-start=\"1275\" data-end=\"1297\">Key features:<\/strong><\/h3>\n<ul data-start=\"1299\" data-end=\"1969\">\n<li data-start=\"1299\" data-end=\"1358\">\n<p data-start=\"1301\" data-end=\"1358\"><strong data-start=\"1301\" data-end=\"1319\">Flex Factor: 2<\/strong>\u00a0\u2013 Trda (za ve\u010djo stabilnost in nadzor)<\/p>\n<\/li>\n<li data-start=\"1359\" data-end=\"1413\">\n<p data-start=\"1361\" data-end=\"1413\"><strong data-start=\"1361\" data-end=\"1385\">Jedro: Woodlite Core<\/strong>\u00a0\u2013 Lahko, \u017eivahno in trpe\u017eno<\/p>\n<\/li>\n<li data-start=\"1414\" data-end=\"1489\">\n<p data-start=\"1416\" data-end=\"1489\"><strong data-start=\"1416\" data-end=\"1438\">Power Press Rocker<\/strong>\u00a0\u2013 Omogo\u010da natan\u010dne pritiske pri vo\u017enji po objektih<\/p>\n<\/li>\n<li data-start=\"1490\" data-end=\"1562\">\n<p data-start=\"1492\" data-end=\"1562\"><strong data-start=\"1492\" data-end=\"1514\">Concave Tip &amp; Tail<\/strong>\u00a0\u2013 Bolj\u0161i oprijem in nadzor na cevnih strukturah<\/p>\n<\/li>\n<li data-start=\"1563\" data-end=\"1628\">\n<p data-start=\"1565\" data-end=\"1628\"><strong data-start=\"1565\" data-end=\"1586\">Mid-Body Channels<\/strong>\u00a0\u2013 Mehka, igriva vo\u017enja z gladkimi prehodi<\/p>\n<\/li>\n<li data-start=\"1629\" data-end=\"1705\">\n<p data-start=\"1631\" data-end=\"1705\"><strong data-start=\"1631\" data-end=\"1648\">Sintered Base<\/strong>\u00a0\u2013 Najtr\u0161i in najbolj vzdr\u017eljiv podplat za kabelske parke<\/p>\n<\/li>\n<li data-start=\"1706\" data-end=\"1816\">\n<p data-start=\"1708\" data-end=\"1816\"><strong data-start=\"1708\" data-end=\"1754\">Polni zaobljeni robovi (Full Beveled Edge)<\/strong>\u00a0\u2013 Omogo\u010dajo mehke, \u201cmaslene\u201d trike in bolj odpu\u0161\u010dajo\u010de napake<\/p>\n<\/li>\n<li data-start=\"1817\" data-end=\"1900\">\n<p data-start=\"1819\" data-end=\"1900\"><strong data-start=\"1819\" data-end=\"1841\">Urethane Sidewalls<\/strong>\u00a0\u2013 Prilagodljive in odporne stranice za dolgotrajno uporabo<\/p>\n<\/li>\n<li data-start=\"1901\" data-end=\"1969\">\n<p data-start=\"1903\" data-end=\"1969\"><strong data-start=\"1903\" data-end=\"1916\">M6 Vlo\u017eki<\/strong>\u00a0\u2013 Zanesljivo pritrditev vezi za najve\u010djo zmogljivost<\/p>\n<\/li>\n<\/ul>","protected":false},"excerpt":{"rendered":"<p>Zasnovana v sodelovanju z Domom Guehrsom in legendarnim oblikovalcem\u00a0<strong data-start=\"256\" data-end=\"276\">Aaronom Stumpfom<\/strong>, ta deska zdru\u017euje\u00a0<strong data-start=\"296\" data-end=\"327\">\u010dist, minimalisti\u010den dizajn<\/strong>\u00a0z vrhunsko zmogljivostjo, kar jo postavlja med najbolj\u0161e izbire za vse wake park navdu\u0161ence.<\/p>","protected":false},"featured_media":3751,"comment_status":"closed","ping_status":"closed","template":"","meta":{"_acf_changed":false,"inline_featured_image":false,"_monsterinsights_skip_tracking":false,"_monsterinsights_sitenote_active":false,"_monsterinsights_sitenote_note":"","_monsterinsights_sitenote_category":0},"product_brand":[29],"product_cat":[18,52],"product_tag":[],"class_list":{"0":"post-979","1":"product","2":"type-product","3":"status-publish","4":"has-post-thumbnail","6":"product_brand-hyperlite","7":"product_cat-wake","8":"product_cat-wakeboards","10":"first","11":"instock","12":"sale","13":"taxable","14":"shipping-taxable","15":"purchasable","16":"product-type-variable"},"acf":[],"aioseo_notices":[],"_links":{"self":[{"href":"https:\/\/olliesport.com\/en\/wp-json\/wp\/v2\/product\/979","targetHints":{"allow":["GET"]}}],"collection":[{"href":"https:\/\/olliesport.com\/en\/wp-json\/wp\/v2\/product"}],"about":[{"href":"https:\/\/olliesport.com\/en\/wp-json\/wp\/v2\/types\/product"}],"replies":[{"embeddable":true,"href":"https:\/\/olliesport.com\/en\/wp-json\/wp\/v2\/comments?post=979"}],"wp:featuredmedia":[{"embeddable":true,"href":"https:\/\/olliesport.com\/en\/wp-json\/wp\/v2\/media\/3751"}],"wp:attachment":[{"href":"https:\/\/olliesport.com\/en\/wp-json\/wp\/v2\/media?parent=979"}],"wp:term":[{"taxonomy":"product_brand","embeddable":true,"href":"https:\/\/olliesport.com\/en\/wp-json\/wp\/v2\/product_brand?post=979"},{"taxonomy":"product_cat","embeddable":true,"href":"https:\/\/olliesport.com\/en\/wp-json\/wp\/v2\/product_cat?post=979"},{"taxonomy":"product_tag","embeddable":true,"href":"https:\/\/olliesport.com\/en\/wp-json\/wp\/v2\/product_tag?post=979"}],"curies":[{"name":"wp","href":"https:\/\/api.w.org\/{rel}","templated":true}]}}