{"id":975,"date":"2025-10-29T14:51:08","date_gmt":"2025-10-29T13:51:08","guid":{"rendered":"https:\/\/olliesport.click.si\/trgovina\/uncategorized\/134-union\/"},"modified":"2026-04-16T22:58:40","modified_gmt":"2026-04-16T20:58:40","slug":"134-union","status":"publish","type":"product","link":"https:\/\/olliesport.com\/en\/trgovina\/wake\/wakeboards\/134-union\/","title":{"rendered":"HYPRELITE UNION 2025"},"content":{"rendered":"<p data-start=\"92\" data-end=\"184\"><strong data-start=\"92\" data-end=\"184\">Wakeboard deska Hyperlite Union 2025 \u2013 popolna izbira za navdu\u0161ence nad kabelskimi parki<\/strong><\/p>\n<p data-start=\"186\" data-end=\"350\">Zgrajena z natan\u010dno obdelanim\u00a0<strong data-start=\"216\" data-end=\"235\">jedrom Woodlite<\/strong>, ta deska zdru\u017euje lahko konstrukcijo z izjemno trpe\u017enostjo, zaradi \u010desar je idealna za vo\u017enjo v kabelskih parkih.<\/p>\n<p data-start=\"352\" data-end=\"760\">Deska vklju\u010duje inovativni\u00a0<strong data-start=\"379\" data-end=\"401\">Power Press Rocker<\/strong>, ki omogo\u010da voznikom, da se z lahkoto zaklenejo v natan\u010dne trike s pritiskom na nos ali rep deske.\u00a0<strong data-start=\"501\" data-end=\"527\">Konkavna konica in rep<\/strong>\u00a0zagotavljata vrhunski nadzor pri izvajanju trikov na cevastih objektih.\u00a0<strong data-start=\"600\" data-end=\"649\">Popolnoma obdane poliuretanske stranske stene<\/strong>\u00a0and\u00a0<strong data-start=\"653\" data-end=\"699\">vzdr\u017eljiva sintrana osnova (Sintered Base)<\/strong>\u00a0poskrbita, da deska zdr\u017ei tudi ve\u010d sezon intenzivne uporabe.<\/p>\n<p data-start=\"762\" data-end=\"1024\">Ustvarjena s strani legendarnega oblikovalca\u00a0<strong data-start=\"807\" data-end=\"825\">Aarona Stumpfa<\/strong>,\u00a0<strong data-start=\"827\" data-end=\"836\">Union<\/strong>\u00a0zagotavlja ure zabave v vsakem kabelskem parku. Ne glede na to, ali si za\u010detnik ali izku\u0161en voznik, ti\u00a0<strong data-start=\"940\" data-end=\"964\">Hyperlite Union 2025<\/strong>\u00a0nudi zanesljivost, prilagodljivost in vrhunsko zmogljivost.<\/p>\n<h3 data-start=\"1026\" data-end=\"1061\">Priporo\u010dila glede te\u017ee voznika:<\/h3>\n<ul data-start=\"1062\" data-end=\"1235\">\n<li data-start=\"1062\" data-end=\"1105\">\n<p data-start=\"1064\" data-end=\"1105\"><strong data-start=\"1064\" data-end=\"1074\">134 cm<\/strong>: za voznike\u00a0<strong data-start=\"1087\" data-end=\"1103\">60 kg in ve\u010d<\/strong><\/p>\n<\/li>\n<li data-start=\"1106\" data-end=\"1149\">\n<p data-start=\"1108\" data-end=\"1149\"><strong data-start=\"1108\" data-end=\"1118\">138 cm<\/strong>: za voznike\u00a0<strong data-start=\"1131\" data-end=\"1147\">70 kg in ve\u010d<\/strong><\/p>\n<\/li>\n<li data-start=\"1150\" data-end=\"1193\">\n<p data-start=\"1152\" data-end=\"1193\"><strong data-start=\"1152\" data-end=\"1162\">143 cm<\/strong>: za voznike\u00a0<strong data-start=\"1175\" data-end=\"1191\">80 kg in ve\u010d<\/strong><\/p>\n<\/li>\n<li data-start=\"1194\" data-end=\"1235\">\n<p data-start=\"1196\" data-end=\"1235\"><strong data-start=\"1196\" data-end=\"1206\">147 cm<\/strong>: za voznike\u00a0<strong data-start=\"1219\" data-end=\"1235\">80 kg in ve\u010d<\/strong><\/p>\n<\/li>\n<\/ul>","protected":false},"excerpt":{"rendered":"<p>Deska vklju\u010duje inovativni\u00a0<strong data-start=\"379\" data-end=\"401\">Power Press Rocker<\/strong>, ki omogo\u010da voznikom, da se z lahkoto zaklenejo v natan\u010dne trike s pritiskom na nos ali rep deske.\u00a0<strong data-start=\"501\" data-end=\"527\">Konkavna konica in rep<\/strong>\u00a0zagotavljata vrhunski nadzor pri izvajanju trikov na cevastih objektih.\u00a0<strong data-start=\"600\" data-end=\"649\">Popolnoma obdane poliuretanske stranske stene<\/strong>\u00a0and\u00a0<strong data-start=\"653\" data-end=\"699\">vzdr\u017eljiva sintrana osnova (Sintered Base)<\/strong>\u00a0poskrbita, da deska zdr\u017ei tudi ve\u010d sezon intenzivne uporabe.<\/p>","protected":false},"featured_media":3766,"comment_status":"open","ping_status":"closed","template":"","meta":{"_acf_changed":false,"inline_featured_image":false,"_monsterinsights_skip_tracking":false,"_monsterinsights_sitenote_active":false,"_monsterinsights_sitenote_note":"","_monsterinsights_sitenote_category":0},"product_brand":[29],"product_cat":[18,52],"product_tag":[],"class_list":{"0":"post-975","1":"product","2":"type-product","3":"status-publish","4":"has-post-thumbnail","6":"product_brand-hyperlite","7":"product_cat-wake","8":"product_cat-wakeboards","10":"first","11":"instock","12":"taxable","13":"shipping-taxable","14":"purchasable","15":"product-type-variable"},"acf":[],"aioseo_notices":[],"_links":{"self":[{"href":"https:\/\/olliesport.com\/en\/wp-json\/wp\/v2\/product\/975","targetHints":{"allow":["GET"]}}],"collection":[{"href":"https:\/\/olliesport.com\/en\/wp-json\/wp\/v2\/product"}],"about":[{"href":"https:\/\/olliesport.com\/en\/wp-json\/wp\/v2\/types\/product"}],"replies":[{"embeddable":true,"href":"https:\/\/olliesport.com\/en\/wp-json\/wp\/v2\/comments?post=975"}],"wp:featuredmedia":[{"embeddable":true,"href":"https:\/\/olliesport.com\/en\/wp-json\/wp\/v2\/media\/3766"}],"wp:attachment":[{"href":"https:\/\/olliesport.com\/en\/wp-json\/wp\/v2\/media?parent=975"}],"wp:term":[{"taxonomy":"product_brand","embeddable":true,"href":"https:\/\/olliesport.com\/en\/wp-json\/wp\/v2\/product_brand?post=975"},{"taxonomy":"product_cat","embeddable":true,"href":"https:\/\/olliesport.com\/en\/wp-json\/wp\/v2\/product_cat?post=975"},{"taxonomy":"product_tag","embeddable":true,"href":"https:\/\/olliesport.com\/en\/wp-json\/wp\/v2\/product_tag?post=975"}],"curies":[{"name":"wp","href":"https:\/\/api.w.org\/{rel}","templated":true}]}}