{"id":947,"date":"2025-10-29T10:52:59","date_gmt":"2025-10-29T09:52:59","guid":{"rendered":"https:\/\/olliesport.click.si\/trgovina\/uncategorized\/1162011-m-bondi-9-sntf-105\/"},"modified":"2026-03-10T10:15:16","modified_gmt":"2026-03-10T09:15:16","slug":"hoka-bondi-9-sntf","status":"publish","type":"product","link":"https:\/\/olliesport.com\/en\/trgovina\/tek-in-hoja\/moska-obutev\/moska-cestna-obutev\/hoka-bondi-9-sntf\/","title":{"rendered":"HOKA BONDI 9"},"content":{"rendered":"<p>ULTRA BLESSED GAME-CHANGER<\/p>\n<p>The Bondi has always been one of the most durable and comfortable shoes on Hoka&#039;s shelves, and the new Bondi 9 stays true to that tradition - the Bondi 9 offers superior comfort for everyday running, walking and leisure. We&#039;ve changed it from toe to heel, raised it by 2 millimeters and added a new, premium midsole foam, which delivers the soft, comfortable and responsive ride that the Bondi has always been known for.<\/p>\n<p>The new Bondi 9 features an updated 3D-molded collar and a composite knit upper with zonal breathability. The outsole is strategically placed with durable Durabrasion rubber for excellent traction on hard surfaces.<\/p>\n<p>What&#039;s new?<br \/>\nFor even more comfortable cushioning, we used new, super critical foam, raised the shoe by 2 mm, updated the collar, and used new knit on the upper for a great fit.<\/p>\n<ul>\n<li>Engineered mesh upper made from 55 % recycled polyester.<\/li>\n<li>Reflective details on the upper part of the shoe.<\/li>\n<li>Strap for easier putting on.<\/li>\n<li>3D shaped slipper collar.<\/li>\n<li>Super critical response EVA foam midsole.<\/li>\n<li>MetaRocker\u2122 uniform rocker.<\/li>\n<li>Active Foot Frame\u2122 construction with emphasis on the rear part of the shoe.<\/li>\n<li>EVA foam rubber inner insert.<\/li>\n<li>Durable Durabrasion rubber outsole.<\/li>\n<\/ul>\n<p>DATA<br \/>\nFit: Medium<br \/>\nSurface: Road<br \/>\nCategory: Neutral: Maximum cushioning<br \/>\nCushioning: Soft<\/p>\n<p>GEOMETRY<br \/>\nDrop: 5 mm<br \/>\nFront: 38 mm<br \/>\nHeel: 43 mm<\/p>\n<p>WEIGHT<br \/>\n297g<br \/>\nWeight for EU size 44.<\/p>\n<p>Features<\/p>\n<ul>\n<li>Foot type: neutral<\/li>\n<li>Shoe width: normal<\/li>\n<li>Cushioning: soft<\/li>\n<\/ul>\n<p>&nbsp;<\/p>","protected":false},"excerpt":{"rendered":"<p>ULTRA BLA\u017dENI GAME-CHANGER Bondi je bil vedno eden od najbolj trpe\u017enih in bla\u017eenih copatov s Hokinih polic in tudi nova devetka ostaja zvesta tej tradiciji \u2013 Bondi 9 namre\u010d nudi vrhunsko udobje za vsakodnevne teke, hojo in prosti \u010das. Spremenili smo ga od prstov do pet, ga dvignili za 2 milimetra in mu dodali novo, [&hellip;]<\/p>\n","protected":false},"featured_media":3520,"comment_status":"closed","ping_status":"closed","template":"","meta":{"_acf_changed":false,"inline_featured_image":false,"_monsterinsights_skip_tracking":false,"_monsterinsights_sitenote_active":false,"_monsterinsights_sitenote_note":"","_monsterinsights_sitenote_category":0},"product_brand":[28],"product_cat":[71,70,19],"product_tag":[],"class_list":{"0":"post-947","1":"product","2":"type-product","3":"status-publish","4":"has-post-thumbnail","6":"product_brand-hoka","7":"product_cat-moska-cestna-obutev","8":"product_cat-moska-obutev","9":"product_cat-tek-in-hoja","11":"first","12":"instock","13":"sale","14":"taxable","15":"shipping-taxable","16":"purchasable","17":"product-type-variable"},"acf":[],"aioseo_notices":[],"_links":{"self":[{"href":"https:\/\/olliesport.com\/en\/wp-json\/wp\/v2\/product\/947","targetHints":{"allow":["GET"]}}],"collection":[{"href":"https:\/\/olliesport.com\/en\/wp-json\/wp\/v2\/product"}],"about":[{"href":"https:\/\/olliesport.com\/en\/wp-json\/wp\/v2\/types\/product"}],"replies":[{"embeddable":true,"href":"https:\/\/olliesport.com\/en\/wp-json\/wp\/v2\/comments?post=947"}],"wp:featuredmedia":[{"embeddable":true,"href":"https:\/\/olliesport.com\/en\/wp-json\/wp\/v2\/media\/3520"}],"wp:attachment":[{"href":"https:\/\/olliesport.com\/en\/wp-json\/wp\/v2\/media?parent=947"}],"wp:term":[{"taxonomy":"product_brand","embeddable":true,"href":"https:\/\/olliesport.com\/en\/wp-json\/wp\/v2\/product_brand?post=947"},{"taxonomy":"product_cat","embeddable":true,"href":"https:\/\/olliesport.com\/en\/wp-json\/wp\/v2\/product_cat?post=947"},{"taxonomy":"product_tag","embeddable":true,"href":"https:\/\/olliesport.com\/en\/wp-json\/wp\/v2\/product_tag?post=947"}],"curies":[{"name":"wp","href":"https:\/\/api.w.org\/{rel}","templated":true}]}}