{"id":925,"date":"2025-10-29T10:52:57","date_gmt":"2025-10-29T09:52:57","guid":{"rendered":"https:\/\/olliesport.click.si\/trgovina\/uncategorized\/1155115-m-torrent-4-frrl-10\/"},"modified":"2026-04-17T04:58:28","modified_gmt":"2026-04-17T02:58:28","slug":"1155115-m-torrent-4-frrl-10","status":"publish","type":"product","link":"https:\/\/olliesport.com\/en\/trgovina\/tek-in-hoja\/moska-obutev\/moska-trail-obutev\/1155115-m-torrent-4-frrl-10\/","title":{"rendered":"HOKA TORRENT 4"},"content":{"rendered":"<h3 data-start=\"112\" data-end=\"182\"><strong data-start=\"116\" data-end=\"182\">Hoka Torrent 4 \u2013 lahki trail copati z odli\u010dno oprijemljivostjo<\/strong><\/h3>\n<p data-start=\"184\" data-end=\"689\">Prenovljeni Torrent 4 je lahek, mehak, odbojen, stabilen in vzdr\u017eljiv ter popolnoma zasnovan za <strong data-start=\"280\" data-end=\"300\">bla\u017eenje udarcev<\/strong> in trail tek. Srednji podplat je nadgrajen z la\u017ejo in bolj oblazinjeno zmesjo, vi\u0161ina sloja (stack height) je pove\u010dana, stopalo pa varno name\u0161\u010deno v <strong data-start=\"450\" data-end=\"472\">Active Foot Frame\u2122<\/strong>. Podplatu smo dodali <strong data-start=\"494\" data-end=\"521\">5 mm agresivne kramplje<\/strong> za optimalen oprijem, visokootporni gumijasti sloj pa strate\u0161ko ovili za ve\u010djo vzdr\u017eljivost. Mehkej\u0161i vlo\u017eek (sockliner) zagotavlja udobje tudi na dalj\u0161ih razdaljah.<\/p>\n<hr data-start=\"691\" data-end=\"694\" \/>\n<h3 data-start=\"696\" data-end=\"725\"><strong data-start=\"700\" data-end=\"723\">Zgornji del (Upper)<\/strong><\/h3>\n<ul data-start=\"726\" data-end=\"1036\">\n<li data-start=\"726\" data-end=\"802\">\n<p data-start=\"728\" data-end=\"802\">Oblazinjena konstrukcija ovratnika (<strong data-start=\"764\" data-end=\"799\">Molded Puff Collar Construction<\/strong>)<\/p>\n<\/li>\n<li data-start=\"803\" data-end=\"872\">\n<p data-start=\"805\" data-end=\"872\">Zra\u010den enoslojni mre\u017easti zgornji del (35 % recikliran poliester)<\/p>\n<\/li>\n<li data-start=\"873\" data-end=\"921\">\n<p data-start=\"875\" data-end=\"921\">Strukturna opora (<strong data-start=\"893\" data-end=\"918\">Hot Melt Support Cage<\/strong>)<\/p>\n<\/li>\n<li data-start=\"922\" data-end=\"986\">\n<p data-start=\"924\" data-end=\"986\">Jezik Lay-flat gusseted \u2013 prepre\u010duje vdor peska in kamen\u010dkov<\/p>\n<\/li>\n<li data-start=\"987\" data-end=\"1036\">\n<p data-start=\"989\" data-end=\"1036\">3D tiskana za\u0161\u010dita roba (<strong data-start=\"1014\" data-end=\"1033\">3D printed rand<\/strong>)<\/p>\n<\/li>\n<\/ul>\n<hr data-start=\"1038\" data-end=\"1041\" \/>\n<h3 data-start=\"1043\" data-end=\"1078\"><strong data-start=\"1047\" data-end=\"1076\">Srednji podplat (Midsole)<\/strong><\/h3>\n<ul data-start=\"1079\" data-end=\"1232\">\n<li data-start=\"1079\" data-end=\"1104\">\n<p data-start=\"1081\" data-end=\"1104\">Lahka in odzivna zmes<\/p>\n<\/li>\n<li data-start=\"1105\" data-end=\"1163\">\n<p data-start=\"1107\" data-end=\"1163\"><strong data-start=\"1107\" data-end=\"1134\">Early Stage MetaRocker\u2122<\/strong> za naravno drsenje stopala<\/p>\n<\/li>\n<li data-start=\"1164\" data-end=\"1232\">\n<p data-start=\"1166\" data-end=\"1232\"><strong data-start=\"1166\" data-end=\"1206\">Rear Foot-Focused Active Foot Frame\u2122<\/strong> \u2013 stabilna podpora peti<\/p>\n<\/li>\n<\/ul>\n<hr data-start=\"1234\" data-end=\"1237\" \/>\n<h3 data-start=\"1239\" data-end=\"1266\"><strong data-start=\"1243\" data-end=\"1264\">Podplat (Outsole)<\/strong><\/h3>\n<ul data-start=\"1267\" data-end=\"1396\">\n<li data-start=\"1267\" data-end=\"1327\">\n<p data-start=\"1269\" data-end=\"1327\">Strate\u0161ki gumijasti ovitek za vzdr\u017eljivost in stabilnost<\/p>\n<\/li>\n<li data-start=\"1328\" data-end=\"1396\">\n<p data-start=\"1330\" data-end=\"1396\">Agresivni 5 mm kramplji iz visokoodpornega gumijastega materiala<\/p>\n<\/li>\n<\/ul>","protected":false},"excerpt":{"rendered":"<h3 data-start=\"112\" data-end=\"182\"><strong data-start=\"116\" data-end=\"182\">Hoka Torrent 4 \u2013 lahki trail copati z odli\u010dno oprijemljivostjo<\/strong><\/h3>\n<p data-start=\"184\" data-end=\"689\">Prenovljeni Torrent 4 je lahek, mehak, odbojen, stabilen in vzdr\u017eljiv ter popolnoma zasnovan za <strong data-start=\"280\" data-end=\"300\">bla\u017eenje udarcev<\/strong> in trail tek. Srednji podplat je nadgrajen z la\u017ejo in bolj oblazinjeno zmesjo, vi\u0161ina sloja (stack height) je pove\u010dana, stopalo pa varno name\u0161\u010deno v <strong data-start=\"450\" data-end=\"472\">Active Foot Frame\u2122<\/strong>. Podplatu smo dodali <strong data-start=\"494\" data-end=\"521\">5 mm agresivne kramplje<\/strong> za optimalen oprijem, visokootporni gumijasti sloj pa strate\u0161ko ovili za ve\u010djo vzdr\u017eljivost. Mehkej\u0161i vlo\u017eek (sockliner) zagotavlja udobje tudi na dalj\u0161ih razdaljah.<\/p>","protected":false},"featured_media":4159,"comment_status":"open","ping_status":"closed","template":"","meta":{"_acf_changed":false,"inline_featured_image":false,"_monsterinsights_skip_tracking":false,"_monsterinsights_sitenote_active":false,"_monsterinsights_sitenote_note":"","_monsterinsights_sitenote_category":0},"product_brand":[],"product_cat":[70,72,19],"product_tag":[],"class_list":{"0":"post-925","1":"product","2":"type-product","3":"status-publish","4":"has-post-thumbnail","6":"product_cat-moska-obutev","7":"product_cat-moska-trail-obutev","8":"product_cat-tek-in-hoja","10":"first","11":"instock","12":"taxable","13":"shipping-taxable","14":"purchasable","15":"product-type-variable"},"acf":[],"aioseo_notices":[],"_links":{"self":[{"href":"https:\/\/olliesport.com\/en\/wp-json\/wp\/v2\/product\/925","targetHints":{"allow":["GET"]}}],"collection":[{"href":"https:\/\/olliesport.com\/en\/wp-json\/wp\/v2\/product"}],"about":[{"href":"https:\/\/olliesport.com\/en\/wp-json\/wp\/v2\/types\/product"}],"replies":[{"embeddable":true,"href":"https:\/\/olliesport.com\/en\/wp-json\/wp\/v2\/comments?post=925"}],"wp:featuredmedia":[{"embeddable":true,"href":"https:\/\/olliesport.com\/en\/wp-json\/wp\/v2\/media\/4159"}],"wp:attachment":[{"href":"https:\/\/olliesport.com\/en\/wp-json\/wp\/v2\/media?parent=925"}],"wp:term":[{"taxonomy":"product_brand","embeddable":true,"href":"https:\/\/olliesport.com\/en\/wp-json\/wp\/v2\/product_brand?post=925"},{"taxonomy":"product_cat","embeddable":true,"href":"https:\/\/olliesport.com\/en\/wp-json\/wp\/v2\/product_cat?post=925"},{"taxonomy":"product_tag","embeddable":true,"href":"https:\/\/olliesport.com\/en\/wp-json\/wp\/v2\/product_tag?post=925"}],"curies":[{"name":"wp","href":"https:\/\/api.w.org\/{rel}","templated":true}]}}