{"id":924,"date":"2025-10-29T10:52:57","date_gmt":"2025-10-29T09:52:57","guid":{"rendered":"https:\/\/olliesport.click.si\/trgovina\/uncategorized\/1155074-w-torrent-4-dfc-85\/"},"modified":"2026-04-16T20:58:32","modified_gmt":"2026-04-16T18:58:32","slug":"1155074-w-torrent-4-dfc-85","status":"publish","type":"product","link":"https:\/\/olliesport.com\/en\/trgovina\/tek-in-hoja\/zenska-obutev\/zenska-trail-obutev\/1155074-w-torrent-4-dfc-85\/","title":{"rendered":"HOKA TORRENT 4"},"content":{"rendered":"<h3 data-start=\"709\" data-end=\"745\"><strong data-start=\"713\" data-end=\"737\">Najbolj primerni za:<\/strong> Trail<\/h3>\n<p data-start=\"747\" data-end=\"765\"><strong data-start=\"747\" data-end=\"763\">Zna\u010dilnosti:<\/strong><\/p>\n<ul data-start=\"766\" data-end=\"1475\">\n<li data-start=\"766\" data-end=\"846\">\n<p data-start=\"768\" data-end=\"846\"><strong data-start=\"768\" data-end=\"803\">Molded Puff Collar Construction<\/strong> \u2013 oblazinjena konstrukcija okrog gle\u017enja<\/p>\n<\/li>\n<li data-start=\"847\" data-end=\"941\">\n<p data-start=\"849\" data-end=\"941\"><strong data-start=\"849\" data-end=\"900\">Zgornji del iz enoslojnega mre\u017eastega materiala<\/strong> (35% recikliran poliester) za zra\u010dnost<\/p>\n<\/li>\n<li data-start=\"942\" data-end=\"1004\">\n<p data-start=\"944\" data-end=\"1004\"><strong data-start=\"944\" data-end=\"969\">Hot Melt Support Cage<\/strong> \u2013 strukturna opora za stabilnost<\/p>\n<\/li>\n<li data-start=\"1005\" data-end=\"1102\">\n<p data-start=\"1007\" data-end=\"1102\"><strong data-start=\"1007\" data-end=\"1035\">Lay-Flat Gusseted Tongue<\/strong> \u2013 jezik, ki se ne premika in prepre\u010duje vdor peska ali kamen\u010dkov<\/p>\n<\/li>\n<li data-start=\"1103\" data-end=\"1159\">\n<p data-start=\"1105\" data-end=\"1159\"><strong data-start=\"1105\" data-end=\"1124\">3D Printed Rand<\/strong> \u2013 3D tiskana za\u0161\u010dita roba copata<\/p>\n<\/li>\n<li data-start=\"1160\" data-end=\"1206\">\n<p data-start=\"1162\" data-end=\"1206\"><strong data-start=\"1162\" data-end=\"1204\">Lahka in odzivna srednja zmes podplata<\/strong><\/p>\n<\/li>\n<li data-start=\"1207\" data-end=\"1267\">\n<p data-start=\"1209\" data-end=\"1267\"><strong data-start=\"1209\" data-end=\"1236\">Early Stage MetaRocker\u2122<\/strong> \u2013 za naravno drsenje stopala<\/p>\n<\/li>\n<li data-start=\"1268\" data-end=\"1336\">\n<p data-start=\"1270\" data-end=\"1336\"><strong data-start=\"1270\" data-end=\"1310\">Rear Foot-Focused Active Foot Frame\u2122<\/strong> \u2013 stabilna podpora peti<\/p>\n<\/li>\n<li data-start=\"1337\" data-end=\"1401\">\n<p data-start=\"1339\" data-end=\"1401\"><strong data-start=\"1339\" data-end=\"1369\">Strate\u0161ki gumijasti ovitek<\/strong> za vzdr\u017eljivost in stabilnost<\/p>\n<\/li>\n<li data-start=\"1402\" data-end=\"1475\">\n<p data-start=\"1404\" data-end=\"1475\"><strong data-start=\"1404\" data-end=\"1473\">Agresivni 5 mm kramplji iz visoko odpornega gumijastega materiala<\/strong><\/p>\n<\/li>\n<\/ul>\n<p data-start=\"1477\" data-end=\"1544\"><strong data-start=\"1477\" data-end=\"1486\">Weight:<\/strong> 236 g<br data-start=\"1492\" data-end=\"1495\" \/><strong data-start=\"1495\" data-end=\"1537\">Razlika peta-prsti (Heel-To-Toe Drop):<\/strong> 5 mm<\/p>\n<p data-start=\"1546\" data-end=\"1743\"><strong data-start=\"1546\" data-end=\"1561\">Stabilnost:<\/strong> Nevtralna \u2013 Torrent 4 ima simetri\u010dno postavitev bla\u017eenja brez dodatnih korektivnih tehnologij. Namenjen je zagotavljanju <strong data-start=\"1683\" data-end=\"1708\">podpore, ki jo \u017eelite<\/strong>, in ni\u010desar, kar ne potrebujete.<\/p>\n<p data-start=\"1745\" data-end=\"1869\"><strong data-start=\"1745\" data-end=\"1758\">Damping:<\/strong> Uravnote\u017eeno \u2013 Torrent 4 nudi <strong data-start=\"1789\" data-end=\"1810\">za\u0161\u010ditno bla\u017eenje<\/strong>, hkrati pa ohranja odzivnost pri odrivu za hitrej\u0161i tek.<\/p>","protected":false},"excerpt":{"rendered":"<p><strong data-start=\"151\" data-end=\"200\">Lahki, mehki, odbojni, stabilni in vzdr\u017eljivi<\/strong> \u2013 prenovljeni Torrent 4 je popolnoma osredoto\u010den na <strong data-start=\"253\" data-end=\"265\">bla\u017eenje<\/strong> in optimiziran za trail. Srednji podplat smo nadgradili z <strong data-start=\"324\" data-end=\"360\">la\u017ejo in bolj oblazinjeno zmesjo<\/strong>, vi\u0161jo vi\u0161ino sloja (stack height), hkrati pa stopalo varno postavili v <strong data-start=\"433\" data-end=\"455\">Active Foot Frame\u2122<\/strong>. Podplatu smo dodali <strong data-start=\"477\" data-end=\"504\">5 mm agresivne kramplje<\/strong> za bolj\u0161i oprijem, visokootporni gumijasti sloj pa se strate\u0161ko ovije po podplatu za ve\u010djo vzdr\u017eljivost. Dodali smo \u0161e <strong data-start=\"624\" data-end=\"663\">mehkej\u0161i vlo\u017eek za nogo (sockliner)<\/strong> za udobje tudi na dalj\u0161ih razdaljah.<\/p>","protected":false},"featured_media":4156,"comment_status":"closed","ping_status":"closed","template":"","meta":{"_acf_changed":false,"inline_featured_image":false,"_monsterinsights_skip_tracking":false,"_monsterinsights_sitenote_active":false,"_monsterinsights_sitenote_note":"","_monsterinsights_sitenote_category":0},"product_brand":[28],"product_cat":[19,73,75],"product_tag":[],"class_list":{"0":"post-924","1":"product","2":"type-product","3":"status-publish","4":"has-post-thumbnail","6":"product_brand-hoka","7":"product_cat-tek-in-hoja","8":"product_cat-zenska-obutev","9":"product_cat-zenska-trail-obutev","11":"first","12":"instock","13":"sale","14":"taxable","15":"shipping-taxable","16":"purchasable","17":"product-type-variable"},"acf":[],"aioseo_notices":[],"_links":{"self":[{"href":"https:\/\/olliesport.com\/en\/wp-json\/wp\/v2\/product\/924","targetHints":{"allow":["GET"]}}],"collection":[{"href":"https:\/\/olliesport.com\/en\/wp-json\/wp\/v2\/product"}],"about":[{"href":"https:\/\/olliesport.com\/en\/wp-json\/wp\/v2\/types\/product"}],"replies":[{"embeddable":true,"href":"https:\/\/olliesport.com\/en\/wp-json\/wp\/v2\/comments?post=924"}],"wp:featuredmedia":[{"embeddable":true,"href":"https:\/\/olliesport.com\/en\/wp-json\/wp\/v2\/media\/4156"}],"wp:attachment":[{"href":"https:\/\/olliesport.com\/en\/wp-json\/wp\/v2\/media?parent=924"}],"wp:term":[{"taxonomy":"product_brand","embeddable":true,"href":"https:\/\/olliesport.com\/en\/wp-json\/wp\/v2\/product_brand?post=924"},{"taxonomy":"product_cat","embeddable":true,"href":"https:\/\/olliesport.com\/en\/wp-json\/wp\/v2\/product_cat?post=924"},{"taxonomy":"product_tag","embeddable":true,"href":"https:\/\/olliesport.com\/en\/wp-json\/wp\/v2\/product_tag?post=924"}],"curies":[{"name":"wp","href":"https:\/\/api.w.org\/{rel}","templated":true}]}}