{"id":921,"date":"2025-10-29T10:52:56","date_gmt":"2025-10-29T09:52:56","guid":{"rendered":"https:\/\/olliesport.click.si\/trgovina\/uncategorized\/1147911-m-skyward-x-bvr-10\/"},"modified":"2026-04-16T22:58:39","modified_gmt":"2026-04-16T20:58:39","slug":"1147911-m-skyward-x-bvr-10","status":"publish","type":"product","link":"https:\/\/olliesport.com\/en\/trgovina\/tek-in-hoja\/moska-obutev\/moska-cestna-obutev\/1147911-m-skyward-x-bvr-10\/","title":{"rendered":"HOKA SKYWARD X"},"content":{"rendered":"<p>Za RES najmehkej\u0161i tek po cesti.<\/p>\n<p>Ko smo za\u010deli snovati novega Skywarda X, smo pravilnik preprosto vrgli stran. Mehkobo in udobje smo \u017eeleli pripeljati do ekstrema in narediti res zabaven teka\u0161ki copat. No, v mislih nismo imeli samo super zabavnega, ampak tudi tehni\u010dno vrhunski copat, zato smo ga opremili z revolucionarnim sistemom vzmetenja s konveksno karbonsko plo\u0161\u010do, ki se stisne in spro\u017ei z vsakim korakom.<br \/>\nMehka, visoko odbojna pena PEBA direktno pod stopalom poskrbi za \u017eivahen, lepo bla\u017een tek, medtem kot okvir iz super kriti\u010dne pene EVA zagotavlja stabilno bazo za tvoje najla\u017ee kilometre do zdaj.<\/p>\n<ul>\n<li>Zgornji del copata iz ploskega pletiva za izjemno oporo stopalu.<\/li>\n<li>Vmesni podplat iz pro\u017ene dvoslojne pene PEBA.<\/li>\n<li>Karbonska plo\u0161\u010da za dinami\u010dno propulzijo.<\/li>\n<li>Okvir gugalnika copata iz super kriti\u010dne pene EVA.<\/li>\n<li>Okvir Deep Active Foot Frame\u2122 za odli\u010dno stabilnost.<\/li>\n<\/ul>\n<p>RECOMMENDED FOR:<br \/>\nRoad running<\/p>\n<p>DATA<br \/>\nFit: Medium<br \/>\nSurface: Road<br \/>\nCategory: Neutral: Maximum cushioning<br \/>\nCushioning: Soft<\/p>\n<p>GEOMETRY<br \/>\nDrop: 5 mm<br \/>\nSpredaj: 43 mm<br \/>\nPeta: 48 mm<\/p>\n<p>WEIGHT<br \/>\n320 g<br \/>\nWeight for EU size 44.<\/p>\n<p>Features<\/p>\n<ul>\n<li>Foot type: neutral<\/li>\n<li>Shoe width: normal<\/li>\n<li>Cushioning: soft<\/li>\n<\/ul>","protected":false},"excerpt":{"rendered":"<p>Ko smo za\u010deli snovati novega Skywarda X, smo pravilnik preprosto vrgli stran. Mehkobo in udobje smo \u017eeleli pripeljati do ekstrema in narediti res zabaven teka\u0161ki copat. No, v mislih nismo imeli samo super zabavnega, ampak tudi tehni\u010dno vrhunski copat, zato smo ga opremili z revolucionarnim sistemom vzmetenja s konveksno karbonsko plo\u0161\u010do, ki se stisne in spro\u017ei z vsakim korakom.<br \/>\nMehka, visoko odbojna pena PEBA direktno pod stopalom poskrbi za \u017eivahen, lepo bla\u017een tek, medtem kot okvir iz super kriti\u010dne pene EVA zagotavlja stabilno bazo za tvoje najla\u017ee kilometre do zdaj.<\/p>","protected":false},"featured_media":4167,"comment_status":"closed","ping_status":"closed","template":"","meta":{"_acf_changed":false,"inline_featured_image":false,"_monsterinsights_skip_tracking":false,"_monsterinsights_sitenote_active":false,"_monsterinsights_sitenote_note":"","_monsterinsights_sitenote_category":0},"product_brand":[28],"product_cat":[71,70,19],"product_tag":[],"class_list":{"0":"post-921","1":"product","2":"type-product","3":"status-publish","4":"has-post-thumbnail","6":"product_brand-hoka","7":"product_cat-moska-cestna-obutev","8":"product_cat-moska-obutev","9":"product_cat-tek-in-hoja","11":"first","12":"instock","13":"sale","14":"taxable","15":"shipping-taxable","16":"purchasable","17":"product-type-variable"},"acf":[],"aioseo_notices":[],"_links":{"self":[{"href":"https:\/\/olliesport.com\/en\/wp-json\/wp\/v2\/product\/921","targetHints":{"allow":["GET"]}}],"collection":[{"href":"https:\/\/olliesport.com\/en\/wp-json\/wp\/v2\/product"}],"about":[{"href":"https:\/\/olliesport.com\/en\/wp-json\/wp\/v2\/types\/product"}],"replies":[{"embeddable":true,"href":"https:\/\/olliesport.com\/en\/wp-json\/wp\/v2\/comments?post=921"}],"wp:featuredmedia":[{"embeddable":true,"href":"https:\/\/olliesport.com\/en\/wp-json\/wp\/v2\/media\/4167"}],"wp:attachment":[{"href":"https:\/\/olliesport.com\/en\/wp-json\/wp\/v2\/media?parent=921"}],"wp:term":[{"taxonomy":"product_brand","embeddable":true,"href":"https:\/\/olliesport.com\/en\/wp-json\/wp\/v2\/product_brand?post=921"},{"taxonomy":"product_cat","embeddable":true,"href":"https:\/\/olliesport.com\/en\/wp-json\/wp\/v2\/product_cat?post=921"},{"taxonomy":"product_tag","embeddable":true,"href":"https:\/\/olliesport.com\/en\/wp-json\/wp\/v2\/product_tag?post=921"}],"curies":[{"name":"wp","href":"https:\/\/api.w.org\/{rel}","templated":true}]}}