{"id":860,"date":"2025-10-29T10:52:49","date_gmt":"2025-10-29T09:52:49","guid":{"rendered":"https:\/\/olliesport.click.si\/trgovina\/uncategorized\/1127953-m-bondi-8-wide-bwht-11\/"},"modified":"2026-01-22T15:35:29","modified_gmt":"2026-01-22T14:35:29","slug":"1127953-m-bondi-8-wide-bwht-11","status":"publish","type":"product","link":"https:\/\/olliesport.com\/en\/trgovina\/tek-in-hoja\/moska-obutev\/moska-cestna-obutev\/1127953-m-bondi-8-wide-bwht-11\/","title":{"rendered":"HOKA BONDI 8 WIDE"},"content":{"rendered":"<p data-start=\"203\" data-end=\"411\">Hoka One One Bondi 8 Wide so mo\u0161ki teka\u0161ki copati, idealni za <strong data-start=\"265\" data-end=\"301\">teko\u010de teka\u010de srednje-te\u017eje te\u017ee<\/strong> in z <strong data-start=\"307\" data-end=\"334\">srednje-po\u010dasnim tempom<\/strong>, who are looking for <strong data-start=\"346\" data-end=\"379\">maksimalno bla\u017eenje in udobje<\/strong> za premagovanje vseh razdalj.<\/p>\n<hr data-start=\"413\" data-end=\"416\" \/>\n<h3 data-start=\"418\" data-end=\"448\"><strong data-start=\"422\" data-end=\"446\">Prednosti tehnologij<\/strong><\/h3>\n<ul data-start=\"449\" data-end=\"939\">\n<li data-start=\"449\" data-end=\"641\">\n<p data-start=\"451\" data-end=\"641\"><strong data-start=\"451\" data-end=\"466\">Zgornji del<\/strong> iz tehni\u010dnega mre\u017eastega materiala in notranja podloga sta narejena iz recikliranega materiala, z ve\u010djimi mre\u017eastimi podro\u010dji za optimalno zra\u010dnost in ob\u010dutno ve\u010dje udobje.<\/p>\n<\/li>\n<li data-start=\"642\" data-end=\"808\">\n<p data-start=\"644\" data-end=\"808\"><strong data-start=\"644\" data-end=\"663\">Srednji podplat<\/strong> je posodobljen z la\u017ejo, mehkej\u0161o in bolj odzivno zmesjo, preoblikovan v \u201cwave\u201d dizajn za bolj gladke in varne prehode ter superiorno bla\u017eenje.<\/p>\n<\/li>\n<li data-start=\"809\" data-end=\"939\">\n<p data-start=\"811\" data-end=\"939\"><strong data-start=\"811\" data-end=\"830\">Zunanji podplat<\/strong> vsebuje vstavke iz Durabrasion gume na mestih najve\u010dje obrabe, za dolgotrajno oprijemljivost in odpornost.<\/p>\n<\/li>\n<\/ul>\n<hr data-start=\"941\" data-end=\"944\" \/>\n<h3 data-start=\"946\" data-end=\"981\"><strong data-start=\"950\" data-end=\"979\">Zakaj jih boste obo\u017eevali<\/strong><\/h3>\n<p data-start=\"982\" data-end=\"1117\">Znani Bondi se vra\u010da v <strong data-start=\"1005\" data-end=\"1031\">novi obliki in dizajnu<\/strong>, ki izbolj\u0161uje bla\u017eenje in udobje, da boste imeli ob\u010dutek, kot da te\u010dete po oblaku.<\/p>\n<hr data-start=\"1119\" data-end=\"1122\" \/>\n<h3 data-start=\"1124\" data-end=\"1145\"><strong data-start=\"1128\" data-end=\"1143\">Podrobnosti<\/strong><\/h3>\n<ul data-start=\"1146\" data-end=\"2044\">\n<li data-start=\"1146\" data-end=\"1188\">\n<p data-start=\"1148\" data-end=\"1188\">Wide (2E) razli\u010dica s \u0161ir\u0161im podplatom<\/p>\n<\/li>\n<li data-start=\"1189\" data-end=\"1257\">\n<p data-start=\"1191\" data-end=\"1257\">Anatomskem ovratniku z ve\u010d oblazinjenja, ki bolje objame gle\u017eenj<\/p>\n<\/li>\n<li data-start=\"1258\" data-end=\"1316\">\n<p data-start=\"1260\" data-end=\"1316\">Oblazinjen jezik z mre\u017eastimi vlo\u017eki za ve\u010djo zra\u010dnost<\/p>\n<\/li>\n<li data-start=\"1317\" data-end=\"1421\">\n<p data-start=\"1319\" data-end=\"1421\">Sistem vezalk s sinteti\u010dnimi o\u010desci in ravnimi vezalkami za enakomeren pritisk na zadnji del stopala<\/p>\n<\/li>\n<li data-start=\"1422\" data-end=\"1524\">\n<p data-start=\"1424\" data-end=\"1524\">Bo\u010dne vstavke, vro\u010de stisnjene in odpornej\u0161e, ki pomagajo, da stopalo ostane vedno na svojem mestu<\/p>\n<\/li>\n<li data-start=\"1525\" data-end=\"1616\">\n<p data-start=\"1527\" data-end=\"1616\">Zadnji del pete z bolj odporenim pokrovom za ve\u010djo podporo in varnost pri vsakem koraku<\/p>\n<\/li>\n<li data-start=\"1617\" data-end=\"1662\">\n<p data-start=\"1619\" data-end=\"1662\">Naprava na zadnjem delu za la\u017eje obuvanje<\/p>\n<\/li>\n<li data-start=\"1663\" data-end=\"1739\">\n<p data-start=\"1665\" data-end=\"1739\">Podalj\u0161ana geometrija pete za bolj\u0161o stabilnost in udobje pri fazi opore<\/p>\n<\/li>\n<li data-start=\"1740\" data-end=\"1774\">\n<p data-start=\"1742\" data-end=\"1774\">Odsevniki za bolj\u0161o vidljivost<\/p>\n<\/li>\n<li data-start=\"1775\" data-end=\"1831\">\n<p data-start=\"1777\" data-end=\"1831\"><strong data-start=\"1777\" data-end=\"1797\">OrthoLite Hybrid<\/strong> odstranljiv in oblikovan vlo\u017eek<\/p>\n<\/li>\n<li data-start=\"1832\" data-end=\"1845\">\n<p data-start=\"1834\" data-end=\"1845\"><strong data-start=\"1834\" data-end=\"1843\">Vegan<\/strong><\/p>\n<\/li>\n<li data-start=\"1846\" data-end=\"2044\">\n<p data-start=\"1848\" data-end=\"2044\"><strong data-start=\"1848\" data-end=\"1863\">Meta-Rocker<\/strong>: nizka razlika med peto in prsti, srednji podplat z zna\u010dilno obliko in ekskluzivno HOKA blazinico omogo\u010da naraven tekovni cikel in mehko ter fluidno prehajanje od opore do odriva<\/p>\n<\/li>\n<\/ul>\n<hr data-start=\"2046\" data-end=\"2049\" \/>\n<h3 data-start=\"2051\" data-end=\"2084\"><strong data-start=\"2055\" data-end=\"2082\">BLA\u017dENI SREDNJI PODPLAT<\/strong><\/h3>\n<p data-start=\"2085\" data-end=\"2220\">Razli\u010dno debel glede na potrebe, na\u0161i <strong data-start=\"2123\" data-end=\"2170\">super lahki in oblazinjeni srednji podplati<\/strong> nudijo <strong data-start=\"2178\" data-end=\"2217\">bla\u017eenje udarcev, udobje in podporo<\/strong>.<\/p>","protected":false},"excerpt":{"rendered":"<p>Hoka One One Bondi 8 Wide so mo\u0161ki teka\u0161ki copati, idealni za <strong data-start=\"265\" data-end=\"301\">teko\u010de teka\u010de srednje-te\u017eje te\u017ee<\/strong> in z <strong data-start=\"307\" data-end=\"334\">srednje-po\u010dasnim tempom<\/strong>, who are looking for <strong data-start=\"346\" data-end=\"379\">maksimalno bla\u017eenje in udobje<\/strong> za premagovanje vseh razdalj.<\/p>","protected":false},"featured_media":4123,"comment_status":"closed","ping_status":"closed","template":"","meta":{"_acf_changed":false,"inline_featured_image":false,"_monsterinsights_skip_tracking":false,"_monsterinsights_sitenote_active":false,"_monsterinsights_sitenote_note":"","_monsterinsights_sitenote_category":0},"product_brand":[28],"product_cat":[71,70,19],"product_tag":[],"class_list":{"0":"post-860","1":"product","2":"type-product","3":"status-publish","4":"has-post-thumbnail","6":"product_brand-hoka","7":"product_cat-moska-cestna-obutev","8":"product_cat-moska-obutev","9":"product_cat-tek-in-hoja","11":"first","12":"instock","13":"sale","14":"taxable","15":"shipping-taxable","16":"purchasable","17":"product-type-variable"},"acf":[],"aioseo_notices":[],"_links":{"self":[{"href":"https:\/\/olliesport.com\/en\/wp-json\/wp\/v2\/product\/860","targetHints":{"allow":["GET"]}}],"collection":[{"href":"https:\/\/olliesport.com\/en\/wp-json\/wp\/v2\/product"}],"about":[{"href":"https:\/\/olliesport.com\/en\/wp-json\/wp\/v2\/types\/product"}],"replies":[{"embeddable":true,"href":"https:\/\/olliesport.com\/en\/wp-json\/wp\/v2\/comments?post=860"}],"wp:featuredmedia":[{"embeddable":true,"href":"https:\/\/olliesport.com\/en\/wp-json\/wp\/v2\/media\/4123"}],"wp:attachment":[{"href":"https:\/\/olliesport.com\/en\/wp-json\/wp\/v2\/media?parent=860"}],"wp:term":[{"taxonomy":"product_brand","embeddable":true,"href":"https:\/\/olliesport.com\/en\/wp-json\/wp\/v2\/product_brand?post=860"},{"taxonomy":"product_cat","embeddable":true,"href":"https:\/\/olliesport.com\/en\/wp-json\/wp\/v2\/product_cat?post=860"},{"taxonomy":"product_tag","embeddable":true,"href":"https:\/\/olliesport.com\/en\/wp-json\/wp\/v2\/product_tag?post=860"}],"curies":[{"name":"wp","href":"https:\/\/api.w.org\/{rel}","templated":true}]}}