{"id":858,"date":"2025-10-29T10:52:49","date_gmt":"2025-10-29T09:52:49","guid":{"rendered":"https:\/\/olliesport.click.si\/trgovina\/uncategorized\/1127915-w-torrent-3-mepr-6\/"},"modified":"2026-04-18T10:58:44","modified_gmt":"2026-04-18T08:58:44","slug":"1127915-w-torrent-3-mepr-6","status":"publish","type":"product","link":"https:\/\/olliesport.com\/en\/trgovina\/tek-in-hoja\/zenska-obutev\/zenska-trail-obutev\/1127915-w-torrent-3-mepr-6\/","title":{"rendered":"HOKA TORRENT 3"},"content":{"rendered":"<p>Hitri. Okretni. Zelo zabavni! Novi Torrent 3 uporablja enako preizku\u0161eno konstrukcijo vmesnega podplata PROFLY\u2122, ki zaradi svoje mehkobe in odzivnosti omogo\u010da mehke pristanke ter odzivne odrive, se pa pona\u0161a z novim zgornjim delom, ki smo ga malce oklestili. Dvoslojno mre\u017eico zgornjega dela smo zamenjali z enoslojno in\u017eenirsko zasnovano mre\u017eico, izdelano iz zra\u010dne in visokozmogljive preje, na mestih oja\u010dano s trakovi iz TPU za dodatno oporo. Glede na to, da je Torrent namenjen teku v naravi: Tudi na zunanji podplat nismo pozabili. Narejen iz nove Hokine gume, ki ima \u0161e bolj\u0161i oprijem in trpe\u017enost od prej\u0161njih verzij.<\/p>\n<ul>\n<li>Enoslojna mre\u017eica na zgornjem delu iz recikliranih poliestrskih vlaken.<\/li>\n<li>Konstrukcija vmesnega podplata PROFLY\u2122 za mehek pristanek in odziven odriv.<\/li>\n<li>Geometrija gugalnika (Meta-Rocker) v zgodnji fazi za optimiziran prehod s pete na prste.<\/li>\n<li>Posodobljeni, v razli\u010dne smeri obrnjeni 4 mm \u010depki zagotavljajo vrhunski oprijem na neravnem terenu.<\/li>\n<li>Guma z zelo dobrim oprijemom na zunanjem podplatu.<\/li>\n<\/ul>\n<p><strong>DATA<\/strong><\/p>\n<ul>\n<li>Fit: Medium<\/li>\n<li>Surface: Running in nature<\/li>\n<li>Category: Neutral<\/li>\n<li>Cushioning: Balanced<\/li>\n<\/ul>\n<p><strong>GEOMETRY<\/strong><\/p>\n<ul>\n<li>Padec: 5\u00a0mm<\/li>\n<li>Spredaj: 18 mm<\/li>\n<li>Peta: 23\u00a0mm<\/li>\n<\/ul>","protected":false},"excerpt":{"rendered":"<ul>\n<li>Enoslojna mre\u017eica na zgornjem delu iz recikliranih poliestrskih vlaken.<\/li>\n<li>Konstrukcija vmesnega podplata PROFLY\u2122 za mehek pristanek in odziven odriv.<\/li>\n<li>Geometrija gugalnika (Meta-Rocker) v zgodnji fazi za optimiziran prehod s pete na prste.<\/li>\n<li>Posodobljeni, v razli\u010dne smeri obrnjeni 4 mm \u010depki zagotavljajo vrhunski oprijem na neravnem terenu.<\/li>\n<li>Guma z zelo dobrim oprijemom na zunanjem podplatu.<\/li>\n<\/ul>","protected":false},"featured_media":4113,"comment_status":"closed","ping_status":"closed","template":"","meta":{"_acf_changed":false,"inline_featured_image":false,"_monsterinsights_skip_tracking":false,"_monsterinsights_sitenote_active":false,"_monsterinsights_sitenote_note":"","_monsterinsights_sitenote_category":0},"product_brand":[28],"product_cat":[19,73,75],"product_tag":[],"class_list":{"0":"post-858","1":"product","2":"type-product","3":"status-publish","4":"has-post-thumbnail","6":"product_brand-hoka","7":"product_cat-tek-in-hoja","8":"product_cat-zenska-obutev","9":"product_cat-zenska-trail-obutev","11":"first","12":"instock","13":"sale","14":"taxable","15":"shipping-taxable","16":"purchasable","17":"product-type-variable"},"acf":[],"aioseo_notices":[],"_links":{"self":[{"href":"https:\/\/olliesport.com\/en\/wp-json\/wp\/v2\/product\/858","targetHints":{"allow":["GET"]}}],"collection":[{"href":"https:\/\/olliesport.com\/en\/wp-json\/wp\/v2\/product"}],"about":[{"href":"https:\/\/olliesport.com\/en\/wp-json\/wp\/v2\/types\/product"}],"replies":[{"embeddable":true,"href":"https:\/\/olliesport.com\/en\/wp-json\/wp\/v2\/comments?post=858"}],"wp:featuredmedia":[{"embeddable":true,"href":"https:\/\/olliesport.com\/en\/wp-json\/wp\/v2\/media\/4113"}],"wp:attachment":[{"href":"https:\/\/olliesport.com\/en\/wp-json\/wp\/v2\/media?parent=858"}],"wp:term":[{"taxonomy":"product_brand","embeddable":true,"href":"https:\/\/olliesport.com\/en\/wp-json\/wp\/v2\/product_brand?post=858"},{"taxonomy":"product_cat","embeddable":true,"href":"https:\/\/olliesport.com\/en\/wp-json\/wp\/v2\/product_cat?post=858"},{"taxonomy":"product_tag","embeddable":true,"href":"https:\/\/olliesport.com\/en\/wp-json\/wp\/v2\/product_tag?post=858"}],"curies":[{"name":"wp","href":"https:\/\/api.w.org\/{rel}","templated":true}]}}