{"id":7115,"date":"2026-04-16T16:49:20","date_gmt":"2026-04-16T14:49:20","guid":{"rendered":"https:\/\/olliesport.com\/trgovina\/nekategorizirano\/holiday-134\/"},"modified":"2026-04-23T14:59:13","modified_gmt":"2026-04-23T12:59:13","slug":"holiday-134","status":"publish","type":"product","link":"https:\/\/olliesport.com\/en\/trgovina\/wake\/wakeboards\/holiday-134\/","title":{"rendered":"LIQUID FORCE HOLIDAY 2026 WAKEBOARD"},"content":{"rendered":"<h2>LIQUID FORCE HOLIDAY 2026\u00a0WAKEBOARD<\/h2>\n<p>&nbsp;<\/p>\n<p data-end=\"366\" data-start=\"56\">Ne glede na to, ali Claudia Pagnini trenira v svojem drugem domu Thai Wake Park ali pobira stopni\u010dke na tekmovanjih, potrebuje desko, ki ji sledi.\u00a0<strong data-end=\"264\" data-start=\"248\">Holiday 2026<\/strong>\u00a0prihaja z osve\u017eenim grafi\u010dnim dizajnom, navdihnjenim s Tajsko, kot poklon njenim koreninam pri TWP.<\/p>\n<p data-end=\"524\" data-start=\"368\">Lahka, odzivna in narejena za \u010disti fun \u2014 Holiday ponuja dovolj\u00a0<em data-end=\"438\" data-start=\"432\">popa<\/em>\u00a0z bolj \u201cmellow\u201d flexom, kar je idealno za igrive park linije in progresivno vo\u017enjo.<\/p>\n<p data-end=\"782\" data-start=\"526\">Zasnovana s\u00a0<strong data-end=\"569\" data-start=\"538\">hybrid continuous rockerjem<\/strong>\u00a0in rahlo dvignjenimi robovi (lifted rails) omogo\u010da gladko vo\u017enjo po robu in \u201ccatch-free\u201d ob\u010dutek na objektih. Z la\u017ejo konstrukcijo, prilagojeno \u017eenskam, je Holiday popolna izbira za vsak popoln dan v parku \ud83c\udf0a\ud83e\udd19<\/p>\n<p data-end=\"818\" data-is-last-node=\"\" data-is-only-node=\"\" data-start=\"784\">Naslednji krog? Naj bo na Holiday!<\/p>\n<p data-end=\"41\" data-start=\"0\"><strong data-end=\"41\" data-start=\"0\">Lastnosti produkta (Holiday vibe \ud83c\udf34):<\/strong><\/p>\n<ul data-end=\"774\" data-start=\"43\">\n<li data-end=\"118\" data-section-id=\"10nw8os\" data-start=\"43\"><strong data-end=\"73\" data-start=\"45\">Hybrid continuous rocker<\/strong><br data-end=\"76\" data-start=\"73\" \/>Hitra, smooth vo\u017enja + konstanten\u00a0<em data-end=\"117\" data-start=\"112\">pop<\/em>.<\/li>\n<li data-end=\"221\" data-section-id=\"4p5tsw\" data-start=\"120\"><strong data-end=\"166\" data-start=\"122\">Paulownia CNC profilirana lesena sredica<\/strong><br data-end=\"169\" data-start=\"166\" \/>Lahka, odzivna in stabilna \u2014 idealna za park flow.<\/li>\n<li data-end=\"334\" data-section-id=\"1v7eg5o\" data-start=\"223\"><strong data-end=\"265\" data-start=\"225\">Narejeno v Solar Powered Fun Factory<\/strong><br data-end=\"268\" data-start=\"265\" \/>Trajnostna proizvodnja od Liquid Force.<\/li>\n<li data-end=\"428\" data-section-id=\"6wpqr7\" data-start=\"336\"><strong data-end=\"375\" data-start=\"338\">Tip\/Tail: o\u017eji diamond squashtail<\/strong><br data-end=\"378\" data-start=\"375\" \/>Bolj natan\u010den nadzor + igriv ob\u010dutek pri trikih.<\/li>\n<li data-end=\"520\" data-section-id=\"7rh31d\" data-start=\"430\"><strong data-end=\"460\" data-start=\"432\">Lifted catch-free robovi<\/strong><br data-end=\"463\" data-start=\"460\" \/>Manj zatikanja na railih \u2192 ve\u010d samozavesti na objektih.<\/li>\n<li data-end=\"607\" data-section-id=\"1ut1q9t\" data-start=\"522\"><strong data-end=\"562\" data-start=\"524\">Liquid Rails + sintrana grind baza<\/strong><br data-end=\"565\" data-start=\"562\" \/>Trpe\u017enost in hitrost za park sessione \ud83d\udd25<\/li>\n<li data-end=\"676\" data-section-id=\"thdc94\" data-start=\"609\"><strong data-end=\"642\" data-start=\"611\">Brez finov (finless design)<\/strong><br data-end=\"645\" data-start=\"642\" \/>Maksimalna svoboda na railih.<\/li>\n<li data-end=\"774\" data-section-id=\"1g48iuz\" data-start=\"678\"><strong data-end=\"740\" data-start=\"680\">Claudia Pagnini | Dura-Flex serija<\/strong><br data-end=\"743\" data-start=\"740\" \/>Narejena za njen stil vo\u017enje.<\/li>\n<\/ul>\n<p data-end=\"819\" data-start=\"781\"><strong data-end=\"819\" data-start=\"781\">Prednosti (park rider razlaga \ud83e\udd19):<\/strong><\/p>\n<ul data-end=\"1215\" data-is-last-node=\"\" data-is-only-node=\"\" data-start=\"821\">\n<li data-end=\"946\" data-section-id=\"1gqe7p0\" data-start=\"821\"><strong data-end=\"860\" data-start=\"823\">Refined shape (izbolj\u0161ana oblika)<\/strong><br data-end=\"863\" data-start=\"860\" \/>Deska je hitra in zelo odzivna na vodi \u2014 pripravljena na vsak manever v trenutku.<\/li>\n<li data-end=\"1073\" data-section-id=\"1swqhte\" data-start=\"948\"><strong data-end=\"972\" data-start=\"950\">Lifted rail design<\/strong><br data-end=\"975\" data-start=\"972\" \/>\u201cCatch-free\u201d robovi pomenijo manj zatikanja na objektih \u2192 bolj samozavestna vo\u017enja in ve\u010d flowa.<\/li>\n<li data-end=\"1215\" data-is-last-node=\"\" data-section-id=\"1t30qr7\" data-start=\"1075\"><strong data-end=\"1101\" data-start=\"1077\">4-Up Flexbar inserti<\/strong><br data-end=\"1104\" data-start=\"1101\" \/>Optimizirano za Liquid Force 6X\/6R vezi, kompatibilno z vsemi vezmi z 6\u201d razmakom \ud83d\udc4d<\/li>\n<\/ul>","protected":false},"excerpt":{"rendered":"<h2>LIQUID FORCE HOLIDAY 2026\u00a0WAKEBOARD<\/h2>\n<p>&nbsp;<\/p>\n<p data-end=\"366\" data-start=\"56\">Ne glede na to, ali Claudia Pagnini trenira v svojem drugem domu Thai Wake Park ali pobira stopni\u010dke na tekmovanjih, potrebuje desko, ki ji sledi.\u00a0<strong data-end=\"264\" data-start=\"248\">Holiday 2026<\/strong>\u00a0prihaja z osve\u017eenim grafi\u010dnim dizajnom, navdihnjenim s Tajsko, kot poklon njenim koreninam pri TWP.<\/p>\n<p data-end=\"524\" data-start=\"368\">Lahka, odzivna in narejena za \u010disti fun \u2014 Holiday ponuja dovolj\u00a0<em data-end=\"438\" data-start=\"432\">popa<\/em>\u00a0z bolj \u201cmellow\u201d flexom, kar je idealno za igrive park linije in progresivno vo\u017enjo.<\/p>\n<p data-end=\"782\" data-start=\"526\">Zasnovana s\u00a0<strong data-end=\"569\" data-start=\"538\">hybrid continuous rockerjem<\/strong>\u00a0in rahlo dvignjenimi robovi (lifted rails) omogo\u010da gladko vo\u017enjo po robu in \u201ccatch-free\u201d ob\u010dutek na objektih. Z la\u017ejo konstrukcijo, prilagojeno \u017eenskam, je Holiday popolna izbira za vsak popoln dan v parku \ud83c\udf0a\ud83e\udd19<\/p>\n<p data-end=\"818\" data-is-last-node=\"\" data-is-only-node=\"\" data-start=\"784\">Naslednji krog? Naj bo na Holiday!<\/p>","protected":false},"featured_media":7461,"comment_status":"closed","ping_status":"closed","template":"","meta":{"_acf_changed":false,"inline_featured_image":false,"_monsterinsights_skip_tracking":false,"_monsterinsights_sitenote_active":false,"_monsterinsights_sitenote_note":"","_monsterinsights_sitenote_category":0},"product_brand":[32],"product_cat":[18,52],"product_tag":[],"class_list":{"0":"post-7115","1":"product","2":"type-product","3":"status-publish","4":"has-post-thumbnail","6":"product_brand-liquid-force","7":"product_cat-wake","8":"product_cat-wakeboards","10":"first","11":"instock","12":"taxable","13":"shipping-taxable","14":"purchasable","15":"product-type-variable"},"acf":[],"aioseo_notices":[],"_links":{"self":[{"href":"https:\/\/olliesport.com\/en\/wp-json\/wp\/v2\/product\/7115","targetHints":{"allow":["GET"]}}],"collection":[{"href":"https:\/\/olliesport.com\/en\/wp-json\/wp\/v2\/product"}],"about":[{"href":"https:\/\/olliesport.com\/en\/wp-json\/wp\/v2\/types\/product"}],"replies":[{"embeddable":true,"href":"https:\/\/olliesport.com\/en\/wp-json\/wp\/v2\/comments?post=7115"}],"wp:featuredmedia":[{"embeddable":true,"href":"https:\/\/olliesport.com\/en\/wp-json\/wp\/v2\/media\/7461"}],"wp:attachment":[{"href":"https:\/\/olliesport.com\/en\/wp-json\/wp\/v2\/media?parent=7115"}],"wp:term":[{"taxonomy":"product_brand","embeddable":true,"href":"https:\/\/olliesport.com\/en\/wp-json\/wp\/v2\/product_brand?post=7115"},{"taxonomy":"product_cat","embeddable":true,"href":"https:\/\/olliesport.com\/en\/wp-json\/wp\/v2\/product_cat?post=7115"},{"taxonomy":"product_tag","embeddable":true,"href":"https:\/\/olliesport.com\/en\/wp-json\/wp\/v2\/product_tag?post=7115"}],"curies":[{"name":"wp","href":"https:\/\/api.w.org\/{rel}","templated":true}]}}