{"id":7111,"date":"2026-04-16T16:49:18","date_gmt":"2026-04-16T14:49:18","guid":{"rendered":"https:\/\/olliesport.com\/trgovina\/nekategorizirano\/grail-148\/"},"modified":"2026-04-23T14:59:12","modified_gmt":"2026-04-23T12:59:12","slug":"grail-148","status":"publish","type":"product","link":"https:\/\/olliesport.com\/en\/trgovina\/wake\/wakeboards\/grail-148\/","title":{"rendered":"LIQUID FORCE GRAIL 2026 WAKEBOARD"},"content":{"rendered":"<h2>LIQUID FORCE GRAIL 2026 WAKEBOARD<\/h2>\n<p>&nbsp;<\/p>\n<section dir=\"auto\" data-scroll-anchor=\"true\" data-testid=\"conversation-turn-2\" data-turn=\"assistant\" data-turn-id=\"request-WEB:6fc92fe8-96b0-41ef-8055-aa954d07ad1f-0\">\n<p data-end=\"371\" data-start=\"54\"><strong>Grail<\/strong>\u00a0je narejen za mo\u010d, dober \u201cpop\u201d in agresiven napad na park. Gre za high-performance park desko, navdihnjeno z novim stilom vo\u017enje\u00a0<strong>Gavin Stuckey<\/strong>. Skupaj z\u00a0<strong>Jimmy LaRiche<\/strong>\u00a0sta skozi ADI program ustvarila pravo mojstrovino, prilagojeno Gavinovemu dominiranju v parku.<\/p>\n<p data-end=\"595\" data-start=\"373\">Deska ima tr\u0161i sredinski del za stabilnost pri pristankih, mehkej\u0161e konice za bolj\u0161i \u201cpress\u201d, ter kanale, ki sledijo robu deske \u2014 zato izgleda in vozi \u010disto druga\u010de kot ostale Liquid Force deske.<\/p>\n<p data-end=\"891\" data-start=\"597\">Gavin je hotel desko, ki se zaklene na railih, lepo drsi, ampak se tudi hitro odlepi brez \u201clepljenja\u201d (brez suction efekta). Pomembno mu je bilo tudi, da lahko gladko prehaja\u0161 iz raila na rail. Re\u0161itev: flat do single concave baza z kanalom ob robu \u2014 popoln kompromis med kontrolo in svobodo.\ud83e\udd19<\/p>\n<p data-end=\"891\" data-start=\"597\">\n<p data-end=\"891\" data-start=\"597\">Lasnosti:<\/p>\n<section dir=\"auto\" data-scroll-anchor=\"true\" data-testid=\"conversation-turn-4\" data-turn=\"assistant\" data-turn-id=\"request-WEB:6fc92fe8-96b0-41ef-8055-aa954d07ad1f-1\">\n<ul data-end=\"954\" data-is-last-node=\"\" data-is-only-node=\"\" data-start=\"48\">\n<li data-end=\"179\" data-section-id=\"1evmpay\" data-start=\"48\"><strong data-end=\"103\" data-start=\"50\">Nov Hybrid 3-Stage rocker z nizkim izhodnim kotom<\/strong><br data-end=\"106\" data-start=\"103\" \/>Hiter na vodi, ampak \u0161e vedno da konkreten\u00a0<em data-end=\"156\" data-start=\"151\">pop<\/em>\u00a0za kickerje in ollije.<\/li>\n<li data-end=\"281\" data-section-id=\"r6qaut\" data-start=\"181\"><strong data-end=\"224\" data-start=\"183\">Paulownia lesena CNC obdelana sredica<\/strong><br data-end=\"227\" data-start=\"224\" \/>Lahka, odzivna in trpe\u017ena \u2014 perfektna za park abuse.<\/li>\n<li data-end=\"411\" data-section-id=\"t7m236\" data-start=\"283\"><strong data-end=\"331\" data-start=\"285\">CNC izrezane flex cone &amp; kanali ob robovih<\/strong><br data-end=\"334\" data-start=\"331\" \/>To pomeni bolj\u0161i\u00a0<em data-end=\"360\" data-start=\"353\">press<\/em>, ve\u010d kontrole na railih in smooth feel pod nogami.<\/li>\n<li data-end=\"537\" data-section-id=\"ialtuo\" data-start=\"413\"><strong data-end=\"458\" data-start=\"415\">Narejeno v LF Solar Powered Fun Factory<\/strong><br data-end=\"461\" data-start=\"458\" \/>Eco vibe + top kvaliteta iz Liquid Force fabrike.<\/li>\n<li data-end=\"660\" data-section-id=\"pb8oay\" data-start=\"539\"><strong data-end=\"581\" data-start=\"541\">Tip\/Tail oblika: Full blunted squash<\/strong><br data-end=\"584\" data-start=\"581\" \/>\u0160ir\u0161i konci za ve\u010d stabilnosti pri pristankih in bolj\u0161i kontroliran slide.<\/li>\n<li data-end=\"749\" data-section-id=\"1tbjwpi\" data-start=\"662\"><strong data-end=\"694\" data-start=\"664\">Flat \u2192 single concave baza<\/strong><br data-end=\"697\" data-start=\"694\" \/>Hitrost + stabilnost + manj \u201clepljenja\u201d na railih.<\/li>\n<li data-end=\"862\" data-section-id=\"tludgn\" data-start=\"751\"><strong data-end=\"791\" data-start=\"753\">Liquid Rails + sintrana grind baza<\/strong><br data-end=\"794\" data-start=\"791\" \/>Ultra trpe\u017eni robovi in hitra baza \u2014 idealno za park uni\u010devanje \ud83d\udd25<\/li>\n<li data-end=\"954\" data-is-last-node=\"\" data-section-id=\"1vwyxqo\" data-start=\"864\"><strong data-end=\"897\" data-start=\"866\">Brez finov (finless design)<\/strong><br data-end=\"900\" data-start=\"897\" \/>\u010cista park ma\u0161ina \u2014 vse na robovih in tvojem skillu.<\/li>\n<\/ul>\n<p data-end=\"38\" data-start=\"0\"><strong data-end=\"38\" data-start=\"0\">Prednosti:<\/strong><\/p>\n<ul data-end=\"1051\" data-is-last-node=\"\" data-is-only-node=\"\" data-start=\"40\">\n<li data-end=\"228\" data-section-id=\"8sq9nz\" data-start=\"40\"><strong data-end=\"82\" data-start=\"42\">CNC obdelan deck (zgornji del deske)<\/strong><br data-end=\"85\" data-start=\"82\" \/>Zni\u017eane flex cone v tip\/tailu pomenijo manj te\u017ee in bolj odziven\u00a0<em data-end=\"159\" data-start=\"152\">press<\/em>. Plus grab rail (na Gavinovo \u017eeljo) \u2014 la\u017eje grabi\u0161 desko pri trikih.<\/li>\n<li data-end=\"419\" data-section-id=\"l37yyr\" data-start=\"230\"><strong data-end=\"269\" data-start=\"232\">Agresiven, kotno rezan rob (rail)<\/strong><br data-end=\"272\" data-start=\"269\" \/>Rob bolj \u201czagrabi\u201d v vodi \u2014 mo\u010dnej\u0161i carve, ve\u010d kontrole pri pristopu na kicker ali rail. Kanali sledijo robu, kar \u0161e dodatno stabilizira vo\u017enjo.<\/li>\n<li data-end=\"634\" data-section-id=\"np40ga\" data-start=\"421\"><strong data-end=\"462\" data-start=\"423\">Ukrivljeni kanali (curved channels)<\/strong><br data-end=\"465\" data-start=\"462\" \/>Namesto ravnih kanalov (kot pri ve\u010dini desk) so ti ukrivljeni skupaj z robom. Rezultat: dober oprijem, ko ga rabi\u0161, ampak \u0161e vedno smooth release za slide na objektih.<\/li>\n<li data-end=\"848\" data-section-id=\"zne5a6\" data-start=\"636\"><strong data-end=\"670\" data-start=\"638\">Control base (baza za slide)<\/strong><br data-end=\"673\" data-start=\"670\" \/>Narejena za park \u2014 velik flat del pod nogami = predvidljiv ob\u010dutek. Manj zatikanja na railih (<em data-end=\"784\" data-start=\"769\">less hang-ups<\/em>), ve\u010d flowa. Pa \u0161e ful trpe\u017ena \u2014 brez hitrega \u201cza\u017eiganja\u201d baze.<\/li>\n<li data-end=\"1051\" data-is-last-node=\"\" data-section-id=\"dswdsm\" data-start=\"850\"><strong data-end=\"891\" data-start=\"852\">FlexTrack \u2013 neomejene stance opcije<\/strong><br data-end=\"894\" data-start=\"891\" \/>Lahko si nastavi\u0161 stance to\u010dno tako, kot ti pa\u0161e. Optimizirano za Liquid Force 4D vezi, ampak kompatibilno z vsemi ostalimi vezmi.<\/li>\n<\/ul>\n<p><img decoding=\"async\" src=\"https:\/\/www.wakelab.net\/media\/Grail%20set%20up.jpg\" \/><\/p>\n<\/section>\n<\/section>","protected":false},"excerpt":{"rendered":"<h2>LIQUID FORCE GRAIL 2026 WAKEBOARD<\/h2>\n<p>&nbsp;<\/p>\n<section dir=\"auto\" data-scroll-anchor=\"true\" data-testid=\"conversation-turn-2\" data-turn=\"assistant\" data-turn-id=\"request-WEB:6fc92fe8-96b0-41ef-8055-aa954d07ad1f-0\">\n<p data-end=\"371\" data-start=\"54\"><strong>Grail<\/strong>\u00a0je narejen za mo\u010d, dober \u201cpop\u201d in agresiven napad na park. Gre za high-performance park desko, navdihnjeno z novim stilom vo\u017enje\u00a0<strong>Gavin Stuckey<\/strong>. Skupaj z\u00a0<strong>Jimmy LaRiche<\/strong>\u00a0sta skozi ADI program ustvarila pravo mojstrovino, prilagojeno Gavinovemu dominiranju v parku.<\/p>\n<p data-end=\"595\" data-start=\"373\">Deska ima tr\u0161i sredinski del za stabilnost pri pristankih, mehkej\u0161e konice za bolj\u0161i \u201cpress\u201d, ter kanale, ki sledijo robu deske \u2014 zato izgleda in vozi \u010disto druga\u010de kot ostale Liquid Force deske.<\/p>\n<p data-end=\"891\" data-start=\"597\">Gavin je hotel desko, ki se zaklene na railih, lepo drsi, ampak se tudi hitro odlepi brez \u201clepljenja\u201d (brez suction efekta). Pomembno mu je bilo tudi, da lahko gladko prehaja\u0161 iz raila na rail. Re\u0161itev: flat do single concave baza z kanalom ob robu \u2014 popoln kompromis med kontrolo in svobodo.\ud83e\udd19<\/p>\n<\/section>","protected":false},"featured_media":7435,"comment_status":"closed","ping_status":"closed","template":"","meta":{"_acf_changed":false,"inline_featured_image":false,"_monsterinsights_skip_tracking":false,"_monsterinsights_sitenote_active":false,"_monsterinsights_sitenote_note":"","_monsterinsights_sitenote_category":0},"product_brand":[32],"product_cat":[18,52],"product_tag":[],"class_list":{"0":"post-7111","1":"product","2":"type-product","3":"status-publish","4":"has-post-thumbnail","6":"product_brand-liquid-force","7":"product_cat-wake","8":"product_cat-wakeboards","10":"first","11":"instock","12":"taxable","13":"shipping-taxable","14":"purchasable","15":"product-type-variable"},"acf":[],"aioseo_notices":[],"_links":{"self":[{"href":"https:\/\/olliesport.com\/en\/wp-json\/wp\/v2\/product\/7111","targetHints":{"allow":["GET"]}}],"collection":[{"href":"https:\/\/olliesport.com\/en\/wp-json\/wp\/v2\/product"}],"about":[{"href":"https:\/\/olliesport.com\/en\/wp-json\/wp\/v2\/types\/product"}],"replies":[{"embeddable":true,"href":"https:\/\/olliesport.com\/en\/wp-json\/wp\/v2\/comments?post=7111"}],"wp:featuredmedia":[{"embeddable":true,"href":"https:\/\/olliesport.com\/en\/wp-json\/wp\/v2\/media\/7435"}],"wp:attachment":[{"href":"https:\/\/olliesport.com\/en\/wp-json\/wp\/v2\/media?parent=7111"}],"wp:term":[{"taxonomy":"product_brand","embeddable":true,"href":"https:\/\/olliesport.com\/en\/wp-json\/wp\/v2\/product_brand?post=7111"},{"taxonomy":"product_cat","embeddable":true,"href":"https:\/\/olliesport.com\/en\/wp-json\/wp\/v2\/product_cat?post=7111"},{"taxonomy":"product_tag","embeddable":true,"href":"https:\/\/olliesport.com\/en\/wp-json\/wp\/v2\/product_tag?post=7111"}],"curies":[{"name":"wp","href":"https:\/\/api.w.org\/{rel}","templated":true}]}}