{"id":7109,"date":"2026-04-16T16:49:16","date_gmt":"2026-04-16T14:49:16","guid":{"rendered":"https:\/\/olliesport.com\/trgovina\/nekategorizirano\/follow-2026-total-ladies-silver-xs\/"},"modified":"2026-04-17T00:58:09","modified_gmt":"2026-04-16T22:58:09","slug":"follow-2026-total-ladies-silver-xs","status":"publish","type":"product","link":"https:\/\/olliesport.com\/en\/trgovina\/wake\/impact-jopici\/follow-2026-total-ladies-silver-xs\/","title":{"rendered":"Jopi\u010d Follow &#8211; 2026 | Total Ladies &#8211; Srebrna"},"content":{"rendered":"<h1 data-path-to-node=\"2\">Follow 2026 | Total Ladies Impact Vest \u2013 Srebrna (Silver)<\/h1>\n<p data-path-to-node=\"3\"><b data-path-to-node=\"3\" data-index-in-node=\"0\">Zablistajte na vodi z brez\u010dasno eleganco in vrhunsko za\u0161\u010dito.<\/b><\/p>\n<p data-path-to-node=\"4\">\u017denski impact jopi\u010d <b data-path-to-node=\"4\" data-index-in-node=\"20\">Total Ladies<\/b> za leto <b data-path-to-node=\"4\" data-index-in-node=\"41\">2026<\/b> v <b data-path-to-node=\"4\" data-index-in-node=\"48\">srebrni<\/b> barvi je zasnovan za riderke, ki i\u0161\u010dejo popolno kombinacijo opaznega dizajna in preverjene Follow funkcionalnosti. Srebrna barva daje jopi\u010du presti\u017een, visokotehnolo\u0161ki videz, ki se \u010dudovito sveti na soncu in zagotavlja, da boste v parku ali za \u010dolnom vedno v sredi\u0161\u010du pozornosti.<\/p>\n<h3 data-path-to-node=\"5\">Klju\u010dne lastnosti jopi\u010da Total Ladies Silver:<\/h3>\n<ul data-path-to-node=\"6\">\n<li>\n<p data-path-to-node=\"6,0,0\"><b data-path-to-node=\"6,0,0\" data-index-in-node=\"0\">Ladies Happy Fit:<\/b> Ta kroj je priljubljen zaradi svoje izjemne prilagodljivosti. Je nekoliko bolj spro\u0161\u010den in udoben, kar omogo\u010da neovirano dihanje in gibanje, hkrati pa nudi vso potrebno varnost in za\u0161\u010dito pri udarcih.<\/p>\n<\/li>\n<li>\n<p data-path-to-node=\"6,1,0\"><b data-path-to-node=\"6,1,0\" data-index-in-node=\"0\">Futuristi\u010dna srebrna barva:<\/b> Poseben premaz neoprena v srebrni barvi ni le estetski, temve\u010d nudi tudi dodatno odpornost na UV \u017earke, kar podalj\u0161uje \u017eivljenjsko dobo jopi\u010da.<\/p>\n<\/li>\n<li>\n<p data-path-to-node=\"6,2,0\"><b data-path-to-node=\"6,2,0\" data-index-in-node=\"0\">Dual-Layer Neoprene:<\/b> Dvoslojna konstrukcija prepre\u010duje raztegovanje mokrega materiala. Va\u0161 jopi\u010d bo ostal enake velikosti in se vam bo popolnoma prilegal od prvega do zadnjega kroga v vodi.<\/p>\n<\/li>\n<li>\n<p data-path-to-node=\"6,3,0\"><b data-path-to-node=\"6,3,0\" data-index-in-node=\"0\">Featherweight Foam:<\/b> Najla\u017eja pena na trgu zagotavlja visoko stopnjo za\u0161\u010dite brez nepotrebne te\u017ee. Rezultat je jopi\u010d, ki ga boste komaj \u010dutili na sebi.<\/p>\n<\/li>\n<\/ul>\n<h3 data-path-to-node=\"7\">Tehni\u010dni poudarki:<\/h3>\n<ul data-path-to-node=\"8\">\n<li>\n<p data-path-to-node=\"8,0,0\"><b data-path-to-node=\"8,0,0\" data-index-in-node=\"0\">Letnik:<\/b> 2026<\/p>\n<\/li>\n<li>\n<p data-path-to-node=\"8,1,0\"><b data-path-to-node=\"8,1,0\" data-index-in-node=\"0\">Barva:<\/b> Srebrna (Silver)<\/p>\n<\/li>\n<li>\n<p data-path-to-node=\"8,2,0\"><b data-path-to-node=\"8,2,0\" data-index-in-node=\"0\">Kroj:<\/b> <i data-path-to-node=\"8,2,0\" data-index-in-node=\"6\">Ladies Happy Fit<\/i> \u2013 Spro\u0161\u010den \u017eenski kroj za celodnevno udobje.<\/p>\n<\/li>\n<li>\n<p data-path-to-node=\"8,3,0\"><b data-path-to-node=\"8,3,0\" data-index-in-node=\"0\">Zadrga:<\/b> Premium YKK s sistemom zaklepanja na vrhu.<\/p>\n<\/li>\n<li>\n<p data-path-to-node=\"8,4,0\"><b data-path-to-node=\"8,4,0\" data-index-in-node=\"0\">Notranjost:<\/b> Mehka podloga, ki je prijazna do ko\u017ee in kopalk.<\/p>\n<\/li>\n<\/ul>\n<hr data-path-to-node=\"9\" \/>\n<h3 data-path-to-node=\"10\">Zakaj izbrati srebrni model Total?<\/h3>\n<p data-path-to-node=\"11\">\u010ce \u017eelite jopi\u010d, ki zdru\u017euje udobje &#8220;Happy Fit&#8221; kroja z izgledom, ki bi ga pri\u010dakovali pri najdra\u017ejih modelih, je srebrni Total Ladies 2026 prava izbira. Je vsestranski jopi\u010d, ki ne zahteva napornega obla\u010denja, a kljub temu nudi vso za\u0161\u010dito, ki jo potrebujete za napredek pri svojih trikih.<\/p>\n<blockquote data-path-to-node=\"12\">\n<p data-path-to-node=\"12,0\"><b data-path-to-node=\"12,0\" data-index-in-node=\"0\">Pomembno obvestilo:<\/b> To je &#8220;Impact Vest&#8221; (za\u0161\u010ditni jopi\u010d) in ni re\u0161ilni jopi\u010d. Namenjen je ubla\u017eitvi padcev pri wakeboardanju in ni primeren za osebe, ki niso suvereni plavalci.<\/p>\n<\/blockquote>","protected":false},"excerpt":{"rendered":"<h1 data-path-to-node=\"2\">Follow 2026 | Total Ladies Impact Vest \u2013 Srebrna (Silver)<\/h1>\n<p data-path-to-node=\"3\"><b data-path-to-node=\"3\" data-index-in-node=\"0\">Zablistajte na vodi z brez\u010dasno eleganco in vrhunsko za\u0161\u010dito.<\/b><\/p>\n<p data-path-to-node=\"4\">\u017denski impact jopi\u010d <b data-path-to-node=\"4\" data-index-in-node=\"20\">Total Ladies<\/b> za leto <b data-path-to-node=\"4\" data-index-in-node=\"41\">2026<\/b> v <b data-path-to-node=\"4\" data-index-in-node=\"48\">srebrni<\/b> barvi je zasnovan za riderke, ki i\u0161\u010dejo popolno kombinacijo opaznega dizajna in preverjene Follow funkcionalnosti. Srebrna barva daje jopi\u010du presti\u017een, visokotehnolo\u0161ki videz, ki se \u010dudovito sveti na soncu in zagotavlja, da boste v parku ali za \u010dolnom vedno v sredi\u0161\u010du pozornosti.<\/p>\n<h3 data-path-to-node=\"5\">Klju\u010dne lastnosti jopi\u010da Total Ladies Silver:<\/h3>\n<ul data-path-to-node=\"6\">\n<li>\n<p data-path-to-node=\"6,0,0\"><b data-path-to-node=\"6,0,0\" data-index-in-node=\"0\">Ladies Happy Fit:<\/b> Ta kroj je priljubljen zaradi svoje izjemne prilagodljivosti. Je nekoliko bolj spro\u0161\u010den in udoben, kar omogo\u010da neovirano dihanje in gibanje, hkrati pa nudi vso potrebno varnost in za\u0161\u010dito pri udarcih.<\/p>\n<\/li>\n<li>\n<p data-path-to-node=\"6,1,0\"><b data-path-to-node=\"6,1,0\" data-index-in-node=\"0\">Futuristi\u010dna srebrna barva:<\/b> Poseben premaz neoprena v srebrni barvi ni le estetski, temve\u010d nudi tudi dodatno odpornost na UV \u017earke, kar podalj\u0161uje \u017eivljenjsko dobo jopi\u010da.<\/p>\n<\/li>\n<li>\n<p data-path-to-node=\"6,2,0\"><b data-path-to-node=\"6,2,0\" data-index-in-node=\"0\">Dual-Layer Neoprene:<\/b> Dvoslojna konstrukcija prepre\u010duje raztegovanje mokrega materiala. Va\u0161 jopi\u010d bo ostal enake velikosti in se vam bo popolnoma prilegal od prvega do zadnjega kroga v vodi.<\/p>\n<\/li>\n<li>\n<p data-path-to-node=\"6,3,0\"><b data-path-to-node=\"6,3,0\" data-index-in-node=\"0\">Featherweight Foam:<\/b> Najla\u017eja pena na trgu zagotavlja visoko stopnjo za\u0161\u010dite brez nepotrebne te\u017ee. Rezultat je jopi\u010d, ki ga boste komaj \u010dutili na sebi.<\/p>\n<\/li>\n<\/ul>\n<h3 data-path-to-node=\"7\"><\/h3>","protected":false},"featured_media":7319,"comment_status":"closed","ping_status":"closed","template":"","meta":{"_acf_changed":false,"inline_featured_image":false,"_monsterinsights_skip_tracking":false,"_monsterinsights_sitenote_active":false,"_monsterinsights_sitenote_note":"","_monsterinsights_sitenote_category":0},"product_brand":[27],"product_cat":[55,18],"product_tag":[],"class_list":{"0":"post-7109","1":"product","2":"type-product","3":"status-publish","4":"has-post-thumbnail","6":"product_brand-follow","7":"product_cat-impact-jopici","8":"product_cat-wake","10":"first","11":"instock","12":"taxable","13":"shipping-taxable","14":"purchasable","15":"product-type-variable"},"acf":[],"aioseo_notices":[],"_links":{"self":[{"href":"https:\/\/olliesport.com\/en\/wp-json\/wp\/v2\/product\/7109","targetHints":{"allow":["GET"]}}],"collection":[{"href":"https:\/\/olliesport.com\/en\/wp-json\/wp\/v2\/product"}],"about":[{"href":"https:\/\/olliesport.com\/en\/wp-json\/wp\/v2\/types\/product"}],"replies":[{"embeddable":true,"href":"https:\/\/olliesport.com\/en\/wp-json\/wp\/v2\/comments?post=7109"}],"wp:featuredmedia":[{"embeddable":true,"href":"https:\/\/olliesport.com\/en\/wp-json\/wp\/v2\/media\/7319"}],"wp:attachment":[{"href":"https:\/\/olliesport.com\/en\/wp-json\/wp\/v2\/media?parent=7109"}],"wp:term":[{"taxonomy":"product_brand","embeddable":true,"href":"https:\/\/olliesport.com\/en\/wp-json\/wp\/v2\/product_brand?post=7109"},{"taxonomy":"product_cat","embeddable":true,"href":"https:\/\/olliesport.com\/en\/wp-json\/wp\/v2\/product_cat?post=7109"},{"taxonomy":"product_tag","embeddable":true,"href":"https:\/\/olliesport.com\/en\/wp-json\/wp\/v2\/product_tag?post=7109"}],"curies":[{"name":"wp","href":"https:\/\/api.w.org\/{rel}","templated":true}]}}