{"id":7077,"date":"2026-04-16T16:49:02","date_gmt":"2026-04-16T14:49:02","guid":{"rendered":"https:\/\/olliesport.com\/trgovina\/nekategorizirano\/follow-2026-section-black-petina-s\/"},"modified":"2026-04-17T00:58:08","modified_gmt":"2026-04-16T22:58:08","slug":"follow-2026-section-black-petina-s","status":"publish","type":"product","link":"https:\/\/olliesport.com\/en\/trgovina\/wake\/impact-jopici\/follow-2026-section-black-petina-s\/","title":{"rendered":"Jopi\u010d Follow &#8211; 2026 | Section &#8211; Black\/Petina"},"content":{"rendered":"<h1 data-path-to-node=\"2\">Follow 2026 | Section Impact Vest \u2013 Black\/Patina<\/h1>\n<p data-path-to-node=\"3\"><b data-path-to-node=\"3\" data-index-in-node=\"0\">Vzdr\u017eljivost sre\u010da surovo estetiko.<\/b><\/p>\n<p data-path-to-node=\"4\">Model <b data-path-to-node=\"4\" data-index-in-node=\"6\">Section<\/b> za leto <b data-path-to-node=\"4\" data-index-in-node=\"22\">2026<\/b> v barvni kombinaciji <b data-path-to-node=\"4\" data-index-in-node=\"48\">Black\/Patina<\/b> je ustvarjen za riderje, ki od svoje opreme zahtevajo dolgo \u017eivljenjsko dobo in unikaten videz. Kombinacija globoke \u010drne barve in detajlov v videzu patine daje jopi\u010du industrijski, a hkrati presti\u017een pridih. Section je znan po svoji robustni konstrukciji, ki zdr\u017ei sezone intenzivne uporabe v parku ali na valovih.<\/p>\n<h3 data-path-to-node=\"5\">Zakaj izbrati model Section 2026?<\/h3>\n<ul data-path-to-node=\"6\">\n<li>\n<p data-path-to-node=\"6,0,0\"><b data-path-to-node=\"6,0,0\" data-index-in-node=\"0\">Dual-S\u00a9 Neopren:<\/b> Izjemno mo\u010dan in hkrati pro\u017een neopren zagotavlja, da jopi\u010d zdr\u017ei drgnjenje ob ovire, hkrati pa nudi potrebno raztegljivost za neovirano gibanje.<\/p>\n<\/li>\n<li>\n<p data-path-to-node=\"6,1,0\"><b data-path-to-node=\"6,1,0\" data-index-in-node=\"0\">Dual-Layer Construction:<\/b> Dvoslojna zasnova neoprena prepre\u010duje vpijanje prevelike koli\u010dine vode, s \u010dimer jopi\u010d ohranja svojo prvotno te\u017eo in tesno prileganje skozi ves dan.<\/p>\n<\/li>\n<li>\n<p data-path-to-node=\"6,2,0\"><b data-path-to-node=\"6,2,0\" data-index-in-node=\"0\">Featherweight Foam:<\/b> Kljub svoji robustnosti jopi\u010d uporablja najla\u017ejo peno na trgu, ki nudi vrhunsko za\u0161\u010dito pred udarci, ne da bi vas ovirala pri te\u017enosti.<\/p>\n<\/li>\n<li>\n<p data-path-to-node=\"6,3,0\"><b data-path-to-node=\"6,3,0\" data-index-in-node=\"0\">Sectioned Flex Panels:<\/b> Pena je strate\u0161ko razporejena v segmente, ki so prilagojeni naravnemu gibanju \u010dlove\u0161kega trupa, kar omogo\u010da maksimalen &#8220;tweak&#8221; pri va\u0161ih trikih.<\/p>\n<\/li>\n<\/ul>\n<h3 data-path-to-node=\"7\">Technical specifications:<\/h3>\n<ul data-path-to-node=\"8\">\n<li>\n<p data-path-to-node=\"8,0,0\"><b data-path-to-node=\"8,0,0\" data-index-in-node=\"0\">Letnik:<\/b> 2026<\/p>\n<\/li>\n<li>\n<p data-path-to-node=\"8,1,0\"><b data-path-to-node=\"8,1,0\" data-index-in-node=\"0\">Barvna kombinacija:<\/b> Black\/Patina (\u010crna z detajli patine)<\/p>\n<\/li>\n<li>\n<p data-path-to-node=\"8,2,0\"><b data-path-to-node=\"8,2,0\" data-index-in-node=\"0\">Kroj:<\/b> <i data-path-to-node=\"8,2,0\" data-index-in-node=\"6\">Happy Fit<\/i> \u2013 Zasnovan za udobje. Ta kroj nudi nekoliko ve\u010d prostora in je primeren za razli\u010dne tipe postav, ne da bi pri tem izgubil na stabilnosti.<\/p>\n<\/li>\n<li>\n<p data-path-to-node=\"8,3,0\"><b data-path-to-node=\"8,3,0\" data-index-in-node=\"0\">Zadrga:<\/b> Trpe\u017ena YKK\u00ae zadrga z varovalom na vrhu.<\/p>\n<\/li>\n<\/ul>\n<hr data-path-to-node=\"9\" \/>\n<h3 data-path-to-node=\"10\">Stil, ki traja<\/h3>\n<p data-path-to-node=\"11\">Barvna shema <b data-path-to-node=\"11\" data-index-in-node=\"13\">Black\/Patina<\/b> je zasnovana za tiste, ki \u017eelijo nekaj druga\u010dnega od klasi\u010dnih enobarvnih jopi\u010dev. Patina detajli poskrbijo za &#8220;vintage&#8221; ob\u010dutek, ki se odli\u010dno poda k modernim wakeboardom. Model Section je prava izbira za vsakodnevne riderje, ki potrebujejo zanesljivo za\u0161\u010dito, ki ne bo popustila po enem mesecu uporabe.<\/p>\n<blockquote data-path-to-node=\"12\">\n<p data-path-to-node=\"12,0\"><b data-path-to-node=\"12,0\" data-index-in-node=\"0\">Opozorilo:<\/b> To je impact jopi\u010d (za\u0161\u010dita pred udarci) in ni certificiran re\u0161ilni jopi\u010d. Namenjen je uporabi v nadzorovanih vodnih \u0161portih.<\/p>\n<\/blockquote>","protected":false},"excerpt":{"rendered":"<h1 data-path-to-node=\"2\">Follow 2026 | Section Impact Vest \u2013 Black\/Patina<\/h1>\n<p data-path-to-node=\"3\"><b data-path-to-node=\"3\" data-index-in-node=\"0\">Vzdr\u017eljivost sre\u010da surovo estetiko.<\/b><\/p>\n<p data-path-to-node=\"4\">Model <b data-path-to-node=\"4\" data-index-in-node=\"6\">Section<\/b> za leto <b data-path-to-node=\"4\" data-index-in-node=\"22\">2026<\/b> v barvni kombinaciji <b data-path-to-node=\"4\" data-index-in-node=\"48\">Black\/Patina<\/b> je ustvarjen za riderje, ki od svoje opreme zahtevajo dolgo \u017eivljenjsko dobo in unikaten videz. Kombinacija globoke \u010drne barve in detajlov v videzu patine daje jopi\u010du industrijski, a hkrati presti\u017een pridih. Section je znan po svoji robustni konstrukciji, ki zdr\u017ei sezone intenzivne uporabe v parku ali na valovih.<\/p>\n<h3 data-path-to-node=\"5\">Zakaj izbrati model Section 2026?<\/h3>\n<ul data-path-to-node=\"6\">\n<li>\n<p data-path-to-node=\"6,0,0\"><b data-path-to-node=\"6,0,0\" data-index-in-node=\"0\">Dual-S\u00a9 Neopren:<\/b> Izjemno mo\u010dan in hkrati pro\u017een neopren zagotavlja, da jopi\u010d zdr\u017ei drgnjenje ob ovire, hkrati pa nudi potrebno raztegljivost za neovirano gibanje.<\/p>\n<\/li>\n<li>\n<p data-path-to-node=\"6,1,0\"><b data-path-to-node=\"6,1,0\" data-index-in-node=\"0\">Dual-Layer Construction:<\/b> Dvoslojna zasnova neoprena prepre\u010duje vpijanje prevelike koli\u010dine vode, s \u010dimer jopi\u010d ohranja svojo prvotno te\u017eo in tesno prileganje skozi ves dan.<\/p>\n<\/li>\n<li>\n<p data-path-to-node=\"6,2,0\"><b data-path-to-node=\"6,2,0\" data-index-in-node=\"0\">Featherweight Foam:<\/b> Kljub svoji robustnosti jopi\u010d uporablja najla\u017ejo peno na trgu, ki nudi vrhunsko za\u0161\u010dito pred udarci, ne da bi vas ovirala pri te\u017enosti.<\/p>\n<\/li>\n<li>\n<p data-path-to-node=\"6,3,0\"><b data-path-to-node=\"6,3,0\" data-index-in-node=\"0\">Sectioned Flex Panels:<\/b> Pena je strate\u0161ko razporejena v segmente, ki so prilagojeni naravnemu gibanju \u010dlove\u0161kega trupa, kar omogo\u010da maksimalen &#8220;tweak&#8221; pri va\u0161ih trikih.<\/p>\n<\/li>\n<\/ul>","protected":false},"featured_media":7231,"comment_status":"closed","ping_status":"closed","template":"","meta":{"_acf_changed":false,"inline_featured_image":false,"_monsterinsights_skip_tracking":false,"_monsterinsights_sitenote_active":false,"_monsterinsights_sitenote_note":"","_monsterinsights_sitenote_category":0},"product_brand":[27],"product_cat":[55,18],"product_tag":[],"class_list":{"0":"post-7077","1":"product","2":"type-product","3":"status-publish","4":"has-post-thumbnail","6":"product_brand-follow","7":"product_cat-impact-jopici","8":"product_cat-wake","10":"first","11":"instock","12":"taxable","13":"shipping-taxable","14":"purchasable","15":"product-type-variable"},"acf":[],"aioseo_notices":[],"_links":{"self":[{"href":"https:\/\/olliesport.com\/en\/wp-json\/wp\/v2\/product\/7077","targetHints":{"allow":["GET"]}}],"collection":[{"href":"https:\/\/olliesport.com\/en\/wp-json\/wp\/v2\/product"}],"about":[{"href":"https:\/\/olliesport.com\/en\/wp-json\/wp\/v2\/types\/product"}],"replies":[{"embeddable":true,"href":"https:\/\/olliesport.com\/en\/wp-json\/wp\/v2\/comments?post=7077"}],"wp:featuredmedia":[{"embeddable":true,"href":"https:\/\/olliesport.com\/en\/wp-json\/wp\/v2\/media\/7231"}],"wp:attachment":[{"href":"https:\/\/olliesport.com\/en\/wp-json\/wp\/v2\/media?parent=7077"}],"wp:term":[{"taxonomy":"product_brand","embeddable":true,"href":"https:\/\/olliesport.com\/en\/wp-json\/wp\/v2\/product_brand?post=7077"},{"taxonomy":"product_cat","embeddable":true,"href":"https:\/\/olliesport.com\/en\/wp-json\/wp\/v2\/product_cat?post=7077"},{"taxonomy":"product_tag","embeddable":true,"href":"https:\/\/olliesport.com\/en\/wp-json\/wp\/v2\/product_tag?post=7077"}],"curies":[{"name":"wp","href":"https:\/\/api.w.org\/{rel}","templated":true}]}}