{"id":7057,"date":"2026-04-16T16:48:53","date_gmt":"2026-04-16T14:48:53","guid":{"rendered":"https:\/\/olliesport.com\/trgovina\/nekategorizirano\/follow-2026-love-nor-money-black-m\/"},"modified":"2026-04-16T20:58:09","modified_gmt":"2026-04-16T18:58:09","slug":"follow-2026-love-nor-money-black-m","status":"publish","type":"product","link":"https:\/\/olliesport.com\/en\/trgovina\/wake\/impact-jopici\/follow-2026-love-nor-money-black-m\/","title":{"rendered":"Jopi\u010d Follow 2026  Love nor Money &#8211;  \u010crn"},"content":{"rendered":"<h1 data-path-to-node=\"2\">Follow Love Nor Money 2025 \u2013 Black (Wakeboard Impact Vest)<\/h1>\n<p data-path-to-node=\"3\"><b data-path-to-node=\"3\" data-index-in-node=\"0\">Izkusite popolno ravnovesje med stilom, za\u0161\u010dito in svobodo gibanja.<\/b><\/p>\n<p data-path-to-node=\"4\">Model <b data-path-to-node=\"4\" data-index-in-node=\"6\">Love Nor Money<\/b> za leto 2025 je evolucija priljubljenih modelov DOCA in BP. Ta impact jopi\u010d zdru\u017euje vrhunsko diamantno pre\u0161ito zgornjo plast s prilagodljivim spodnjim delom, kar zagotavlja, da pena ostane na svojem mestu ne glede na intenzivnost va\u0161e vo\u017enje. Zasnovan je v sodelovanju z <b data-path-to-node=\"4\" data-index-in-node=\"293\">Gavinom Stuckeyjem<\/b>, kar zagotavlja profesionalno zmogljivost za riderje vseh stopenj.<\/p>\n<h3 data-path-to-node=\"5\">Key features:<\/h3>\n<ul data-path-to-node=\"6\">\n<li>\n<p data-path-to-node=\"6,0,0\"><b data-path-to-node=\"6,0,0\" data-index-in-node=\"0\">Dual-S\u00a9 Neopren:<\/b> Izjemno trpe\u017een in raztegljiv material, ki zagotavlja dolgo \u017eivljenjsko dobo jopi\u010da.<\/p>\n<\/li>\n<li>\n<p data-path-to-node=\"6,1,0\"><b data-path-to-node=\"6,1,0\" data-index-in-node=\"0\">TrueFit\u00a9 Notranja podloga:<\/b> Prilagodi se naravnim linijam va\u0161ega telesa in prepre\u010duje gubanje materiala, kar omogo\u010da celodnevno udobje brez trenja.<\/p>\n<\/li>\n<li>\n<p data-path-to-node=\"6,2,0\"><b data-path-to-node=\"6,2,0\" data-index-in-node=\"0\">Featherweight Foam:<\/b> Uporabljena je najla\u017eja in najmehkej\u0161a pena na trgu, ki minimalno vpija vodo.<\/p>\n<\/li>\n<li>\n<p data-path-to-node=\"6,3,0\"><b data-path-to-node=\"6,3,0\" data-index-in-node=\"0\">Dual-Layer konstrukcija:<\/b> Dvoslojni neopren zmanj\u0161uje raztegovanje jopi\u010da v vodi (do katerega obi\u010dajno pride pri mokrih materialih) in ohranja popolno prileganje.<\/p>\n<\/li>\n<li>\n<p data-path-to-node=\"6,4,0\"><b data-path-to-node=\"6,4,0\" data-index-in-node=\"0\">Diamantno pre\u0161ita segmentacija:<\/b> Prepre\u010duje premikanje pene in nudi vrhunsko za\u0161\u010dito pri udarcih ob vodo ali ovire.<\/p>\n<\/li>\n<\/ul>\n<h3 data-path-to-node=\"7\">Technical data:<\/h3>\n<ul data-path-to-node=\"8\">\n<li>\n<p data-path-to-node=\"8,0,0\"><b data-path-to-node=\"8,0,0\" data-index-in-node=\"0\">Fit:<\/b> Men\u2019s Relaxed Fit (spro\u0161\u010den kroj, ki ne omejuje gibanja).<\/p>\n<\/li>\n<li>\n<p data-path-to-node=\"8,1,0\"><b data-path-to-node=\"8,1,0\" data-index-in-node=\"0\">Zadrga:<\/b> Trpe\u017ena YKK Locker zadrga.<\/p>\n<\/li>\n<li>\n<p data-path-to-node=\"8,2,0\"><b data-path-to-node=\"8,2,0\" data-index-in-node=\"0\">Barva:<\/b> Elegantna \u010drna (Black).<\/p>\n<\/li>\n<li>\n<p data-path-to-node=\"8,3,0\"><b data-path-to-node=\"8,3,0\" data-index-in-node=\"0\">Trajnost:<\/b> Pakirano v biorazgradljivi embala\u017ei.<\/p>\n<\/li>\n<\/ul>\n<hr data-path-to-node=\"9\" \/>\n<h3 data-path-to-node=\"10\">Zakaj izbrati Follow Love Nor Money?<\/h3>\n<p data-path-to-node=\"11\">Ta jopi\u010d ni le varnostni pripomo\u010dek, temve\u010d del va\u0161e opreme, ki se premika skupaj z vami. Zahvaljujo\u010d tehnologiji <b data-path-to-node=\"11\" data-index-in-node=\"114\">TrueFit\u00a9<\/b> boste pozabili, da ga sploh nosite, medtem ko bo <b data-path-to-node=\"11\" data-index-in-node=\"172\">Featherweight<\/b> pena poskrbela, da boste na vodi lahki in hitri.<\/p>\n<blockquote data-path-to-node=\"12\">\n<p data-path-to-node=\"12,0\"><b data-path-to-node=\"12,0\" data-index-in-node=\"0\">Opozorilo:<\/b> To je impact jopi\u010d (pomo\u010d pri plovnosti) in <i data-path-to-node=\"12,0\" data-index-in-node=\"55\">ni<\/i> re\u0161ilni jopi\u010d po standardu ISO\/CE za plovila. Namenjen je za\u0161\u010diti pred udarci pri wakeboardanju in podobnih vodnih \u0161portih.<\/p>\n<\/blockquote>","protected":false},"excerpt":{"rendered":"<h1 data-path-to-node=\"2\">Follow Love Nor Money 2025 \u2013 Black (Wakeboard Impact Vest)<\/h1>\n<p data-path-to-node=\"3\"><b data-path-to-node=\"3\" data-index-in-node=\"0\">Izkusite popolno ravnovesje med stilom, za\u0161\u010dito in svobodo gibanja.<\/b><\/p>\n<p data-path-to-node=\"4\">Model <b data-path-to-node=\"4\" data-index-in-node=\"6\">Love Nor Money<\/b> za leto 2025 je evolucija priljubljenih modelov DOCA in BP. Ta impact jopi\u010d zdru\u017euje vrhunsko diamantno pre\u0161ito zgornjo plast s prilagodljivim spodnjim delom, kar zagotavlja, da pena ostane na svojem mestu ne glede na intenzivnost va\u0161e vo\u017enje. Zasnovan je v sodelovanju z <b data-path-to-node=\"4\" data-index-in-node=\"293\">Gavinom Stuckeyjem<\/b>, kar zagotavlja profesionalno zmogljivost za riderje vseh stopenj.<\/p>\n<h3 data-path-to-node=\"5\">Key features:<\/h3>\n<ul data-path-to-node=\"6\">\n<li>\n<p data-path-to-node=\"6,0,0\"><b data-path-to-node=\"6,0,0\" data-index-in-node=\"0\">Dual-S\u00a9 Neopren:<\/b> Izjemno trpe\u017een in raztegljiv material, ki zagotavlja dolgo \u017eivljenjsko dobo jopi\u010da.<\/p>\n<\/li>\n<li>\n<p data-path-to-node=\"6,1,0\"><b data-path-to-node=\"6,1,0\" data-index-in-node=\"0\">TrueFit\u00a9 Notranja podloga:<\/b> Prilagodi se naravnim linijam va\u0161ega telesa in prepre\u010duje gubanje materiala, kar omogo\u010da celodnevno udobje brez trenja.<\/p>\n<\/li>\n<li>\n<p data-path-to-node=\"6,2,0\"><b data-path-to-node=\"6,2,0\" data-index-in-node=\"0\">Featherweight Foam:<\/b> Uporabljena je najla\u017eja in najmehkej\u0161a pena na trgu, ki minimalno vpija vodo.<\/p>\n<\/li>\n<li>\n<p data-path-to-node=\"6,3,0\"><b data-path-to-node=\"6,3,0\" data-index-in-node=\"0\">Dual-Layer konstrukcija:<\/b> Dvoslojni neopren zmanj\u0161uje raztegovanje jopi\u010da v vodi (do katerega obi\u010dajno pride pri mokrih materialih) in ohranja popolno prileganje.<\/p>\n<\/li>\n<li>\n<p data-path-to-node=\"6,4,0\"><b data-path-to-node=\"6,4,0\" data-index-in-node=\"0\">Diamantno pre\u0161ita segmentacija:<\/b> Prepre\u010duje premikanje pene in nudi vrhunsko za\u0161\u010dito pri udarcih ob vodo ali ovire.<\/p>\n<\/li>\n<\/ul>","protected":false},"featured_media":7133,"comment_status":"closed","ping_status":"closed","template":"","meta":{"_acf_changed":false,"inline_featured_image":false,"_monsterinsights_skip_tracking":false,"_monsterinsights_sitenote_active":false,"_monsterinsights_sitenote_note":"","_monsterinsights_sitenote_category":0},"product_brand":[27],"product_cat":[55,18],"product_tag":[],"class_list":{"0":"post-7057","1":"product","2":"type-product","3":"status-publish","4":"has-post-thumbnail","6":"product_brand-follow","7":"product_cat-impact-jopici","8":"product_cat-wake","10":"first","11":"instock","12":"taxable","13":"shipping-taxable","14":"purchasable","15":"product-type-variable"},"acf":[],"aioseo_notices":[],"_links":{"self":[{"href":"https:\/\/olliesport.com\/en\/wp-json\/wp\/v2\/product\/7057","targetHints":{"allow":["GET"]}}],"collection":[{"href":"https:\/\/olliesport.com\/en\/wp-json\/wp\/v2\/product"}],"about":[{"href":"https:\/\/olliesport.com\/en\/wp-json\/wp\/v2\/types\/product"}],"replies":[{"embeddable":true,"href":"https:\/\/olliesport.com\/en\/wp-json\/wp\/v2\/comments?post=7057"}],"wp:featuredmedia":[{"embeddable":true,"href":"https:\/\/olliesport.com\/en\/wp-json\/wp\/v2\/media\/7133"}],"wp:attachment":[{"href":"https:\/\/olliesport.com\/en\/wp-json\/wp\/v2\/media?parent=7057"}],"wp:term":[{"taxonomy":"product_brand","embeddable":true,"href":"https:\/\/olliesport.com\/en\/wp-json\/wp\/v2\/product_brand?post=7057"},{"taxonomy":"product_cat","embeddable":true,"href":"https:\/\/olliesport.com\/en\/wp-json\/wp\/v2\/product_cat?post=7057"},{"taxonomy":"product_tag","embeddable":true,"href":"https:\/\/olliesport.com\/en\/wp-json\/wp\/v2\/product_tag?post=7057"}],"curies":[{"name":"wp","href":"https:\/\/api.w.org\/{rel}","templated":true}]}}