{"id":6975,"date":"2026-04-16T16:48:14","date_gmt":"2026-04-16T14:48:14","guid":{"rendered":"https:\/\/olliesport.com\/trgovina\/nekategorizirano\/flx-143\/"},"modified":"2026-05-01T16:59:03","modified_gmt":"2026-05-01T14:59:03","slug":"flx-143","status":"publish","type":"product","link":"https:\/\/olliesport.com\/en\/trgovina\/wake\/wakeboards\/flx-143\/","title":{"rendered":"2026 Liquid Force FLX Wakeboard"},"content":{"rendered":"<p data-path-to-node=\"0\">\n<h2 data-path-to-node=\"2\"><b data-path-to-node=\"2\" data-index-in-node=\"0\">Liquid Force FLX Wakeboard (2026)<\/b><\/h2>\n<p id=\"p-rc_e8602184970d2974-19\" data-path-to-node=\"3\"><b data-path-to-node=\"3\" data-index-in-node=\"0\">Svoboda, lahkotnost in neskon\u010dna zabava v parku!<\/b> \u010ce i\u0161\u010dete desko za svoje prve (ali stote) kroge na &#8220;kablu&#8221; in ne \u017eelite sklepati kompromisov med ceno ter zmogljivostjo, je model Liquid Force FLX va\u0161a idealna izbira. <span class=\"citation-17 citation-end-17\">FLX velja za eno najbolj priljubljenih in dostopnih &#8220;park&#8221; desk na trgu.<\/span> <span class=\"citation-16 citation-end-16\">Ponuja vrhunsko razmerje med kakovostjo in ceno, letnik 2026 pa prina\u0161a \u0161e povsem osve\u017eeno, &#8220;premium&#8221; grafiko, s katero boste na vodi zagotovo izstopali.<\/span><\/p>\n<div class=\"source-inline-chip-container ng-star-inserted\"><\/div>\n<p>&nbsp;<\/p>\n<h3 data-path-to-node=\"4\"><b data-path-to-node=\"4\" data-index-in-node=\"0\">Zakaj izbrati desko FLX?<\/b><\/h3>\n<p id=\"p-rc_e8602184970d2974-20\" data-path-to-node=\"5\">Ta deska je zasnovana z mislijo na \u010disti u\u017eitek pri &#8220;jibbanju&#8221;. <span class=\"citation-15 citation-end-15\">Polna lesena sredica in srednji flex (upogljivost) poskrbita za naraven, \u017eivahen odziv in popolno ravnote\u017eje.<\/span> Desko boste z lahkoto potisnili v &#8220;press&#8221; na drsnih objektih, pod nogami pa bo \u0161e vedno dovolj stabilna za nadzorovane in varne pristanke po skokih s &#8220;kickerjev&#8221;.<\/p>\n<div class=\"source-inline-chip-container ng-star-inserted\"><\/div>\n<p>&nbsp;<\/p>\n<hr data-path-to-node=\"6\" \/>\n<h3 data-path-to-node=\"7\"><b data-path-to-node=\"7\" data-index-in-node=\"0\">Klju\u010dne tehni\u010dne lastnosti:<\/b><\/h3>\n<ul data-path-to-node=\"8\">\n<li>\n<p id=\"p-rc_e8602184970d2974-21\" data-path-to-node=\"8,0,0\"><b data-path-to-node=\"8,0,0\" data-index-in-node=\"0\"><span class=\"citation-14 citation-end-14\">Polna lesena sredica (Paulownia Wood Core):<\/span><\/b><span class=\"citation-13 citation-end-13\"> Sredica iz profilirane obdelanega lesa paulovnije od nosu do repa zagotavlja izjemno mo\u010d, naraven odboj (pop) in dosledno fleksibilnost sezone in sezone.<\/span><\/p>\n<div class=\"source-inline-chip-container ng-star-inserted\"><\/div>\n<p>&nbsp;<\/li>\n<li>\n<p id=\"p-rc_e8602184970d2974-22\" data-path-to-node=\"8,1,0\"><b data-path-to-node=\"8,1,0\" data-index-in-node=\"0\"><span class=\"citation-12\">Progresivni 3-stopenjski Rocker:<\/span><\/b><span class=\"citation-12 citation-end-12\"> Poskrbi za hitro in gladko drsenje po vodi ter predvidljiv, a eksploziven odriv na skakalnicah in valovih.<\/span><\/p>\n<div class=\"source-inline-chip-container ng-star-inserted\"><\/div>\n<p>&nbsp;<\/li>\n<li>\n<p id=\"p-rc_e8602184970d2974-23\" data-path-to-node=\"8,2,0\"><b data-path-to-node=\"8,2,0\" data-index-in-node=\"0\"><span class=\"citation-11 citation-end-11\">LF Grind Base (Sinterirana drsna ploskev):<\/span><\/b> Ekstremno trpe\u017ena spodnja ploskev, ustvarjena za zlorabo na objektih. Va\u0161o desko \u0161\u010diti pred praskami in obrabo, da boste po &#8220;railih&#8221; drseli dlje in hitreje.<\/p>\n<div class=\"source-inline-chip-container ng-star-inserted\"><\/div>\n<p>&nbsp;<\/li>\n<li>\n<p data-path-to-node=\"8,3,0\"><b data-path-to-node=\"8,3,0\" data-index-in-node=\"0\">Liquid Rails (Poliuretanski robovi):<\/b> Elastomeri\u010dni robovi okoli celotne deske absorbirajo mo\u010dne udarce ob objekte in prepre\u010dujejo razslojevanje, kar desko naredi skorajda neuni\u010dljivo.<\/p>\n<\/li>\n<li>\n<p data-path-to-node=\"8,4,0\"><b data-path-to-node=\"8,4,0\" data-index-in-node=\"0\">Bi-Axial Fiberglass:<\/b> Sloji steklenih vlaken zagotavljajo kontroliran flex, kar pomeni, da se deska po upogibu z lahkoto in nadzorovano vrne v svojo prvotno obliko.<\/p>\n<\/li>\n<li>\n<p data-path-to-node=\"8,5,0\"><b data-path-to-node=\"8,5,0\" data-index-in-node=\"0\">Subtilna dvojna konkava z robnimi kanali:<\/b> Spodnji del deske je oblikovan za mehak in svoboden ob\u010dutek v parku, stranski kanali pa pomagajo pri bolj\u0161em oprijemu robu, ko to potrebujete.<\/p>\n<\/li>\n<\/ul>\n<h3 data-path-to-node=\"9\"><b data-path-to-node=\"9\" data-index-in-node=\"0\">Za koga je ta deska idealna?<\/b><\/h3>\n<p id=\"p-rc_e8602184970d2974-24\" data-path-to-node=\"10\"><span class=\"citation-10\">Liquid Force FLX (2026) je popolna &#8220;Cable Park&#8221; deska za <\/span><b data-path-to-node=\"10\" data-index-in-node=\"57\"><span class=\"citation-10\">za\u010detnike in srednje napredne riderje<\/span><\/b><span class=\"citation-10 citation-end-10\">, ki si \u017eelijo predvidljive, trpe\u017ene in igrive deske.<\/span> <span class=\"citation-9 citation-end-9\">Odli\u010dna je kot va\u0161a prva prava park deska, s katero boste hitro in varno nadgradili svoje trike na objektih.<\/span><\/p>","protected":false},"excerpt":{"rendered":"<h2 data-path-to-node=\"2\"><b data-path-to-node=\"2\" data-index-in-node=\"0\">Liquid Force FLX Wakeboard (2026)<\/b><\/h2>\n<p id=\"p-rc_e8602184970d2974-19\" data-path-to-node=\"3\"><b data-path-to-node=\"3\" data-index-in-node=\"0\">Svoboda, lahkotnost in neskon\u010dna zabava v parku!<\/b> \u010ce i\u0161\u010dete desko za svoje prve (ali stote) kroge na &#8220;kablu&#8221; in ne \u017eelite sklepati kompromisov med ceno ter zmogljivostjo, je model Liquid Force FLX va\u0161a idealna izbira. <span class=\"citation-17 citation-end-17\">FLX velja za eno najbolj priljubljenih in dostopnih &#8220;park&#8221; desk na trgu.<\/span> <span class=\"citation-16 citation-end-16\">Ponuja vrhunsko razmerje med kakovostjo in ceno, letnik 2026 pa prina\u0161a \u0161e povsem osve\u017eeno, &#8220;premium&#8221; grafiko, s katero boste na vodi zagotovo izstopali.<\/span><\/p>\n<div class=\"source-inline-chip-container ng-star-inserted\"><\/div>\n<p>&nbsp;<\/p>\n<h3 data-path-to-node=\"4\"><b data-path-to-node=\"4\" data-index-in-node=\"0\">Zakaj izbrati desko FLX?<\/b><\/h3>\n<p id=\"p-rc_e8602184970d2974-20\" data-path-to-node=\"5\">Ta deska je zasnovana z mislijo na \u010disti u\u017eitek pri &#8220;jibbanju&#8221;. <span class=\"citation-15 citation-end-15\">Polna lesena sredica in srednji flex (upogljivost) poskrbita za naraven, \u017eivahen odziv in popolno ravnote\u017eje.<\/span> Desko boste z lahkoto potisnili v &#8220;press&#8221; na drsnih objektih, pod nogami pa bo \u0161e vedno dovolj stabilna za nadzorovane in varne pristanke po skokih s &#8220;kickerjev&#8221;.<\/p>","protected":false},"featured_media":7487,"comment_status":"closed","ping_status":"closed","template":"","meta":{"_acf_changed":false,"inline_featured_image":false,"_monsterinsights_skip_tracking":false,"_monsterinsights_sitenote_active":false,"_monsterinsights_sitenote_note":"","_monsterinsights_sitenote_category":0},"product_brand":[32],"product_cat":[18,52],"product_tag":[],"class_list":{"0":"post-6975","1":"product","2":"type-product","3":"status-publish","4":"has-post-thumbnail","6":"product_brand-liquid-force","7":"product_cat-wake","8":"product_cat-wakeboards","10":"first","11":"instock","12":"taxable","13":"shipping-taxable","14":"purchasable","15":"product-type-variable"},"acf":[],"aioseo_notices":[],"_links":{"self":[{"href":"https:\/\/olliesport.com\/en\/wp-json\/wp\/v2\/product\/6975","targetHints":{"allow":["GET"]}}],"collection":[{"href":"https:\/\/olliesport.com\/en\/wp-json\/wp\/v2\/product"}],"about":[{"href":"https:\/\/olliesport.com\/en\/wp-json\/wp\/v2\/types\/product"}],"replies":[{"embeddable":true,"href":"https:\/\/olliesport.com\/en\/wp-json\/wp\/v2\/comments?post=6975"}],"wp:featuredmedia":[{"embeddable":true,"href":"https:\/\/olliesport.com\/en\/wp-json\/wp\/v2\/media\/7487"}],"wp:attachment":[{"href":"https:\/\/olliesport.com\/en\/wp-json\/wp\/v2\/media?parent=6975"}],"wp:term":[{"taxonomy":"product_brand","embeddable":true,"href":"https:\/\/olliesport.com\/en\/wp-json\/wp\/v2\/product_brand?post=6975"},{"taxonomy":"product_cat","embeddable":true,"href":"https:\/\/olliesport.com\/en\/wp-json\/wp\/v2\/product_cat?post=6975"},{"taxonomy":"product_tag","embeddable":true,"href":"https:\/\/olliesport.com\/en\/wp-json\/wp\/v2\/product_tag?post=6975"}],"curies":[{"name":"wp","href":"https:\/\/api.w.org\/{rel}","templated":true}]}}