{"id":6817,"date":"2026-04-07T18:58:17","date_gmt":"2026-04-07T16:58:17","guid":{"rendered":"https:\/\/olliesport.com\/trgovina\/nekategorizirano\/sedez-nova-2-0-st4-black\/"},"modified":"2026-04-16T20:58:21","modified_gmt":"2026-04-16T18:58:21","slug":"sedez-nova-2-0-st4-black","status":"publish","type":"product","link":"https:\/\/olliesport.com\/en\/trgovina\/kolo\/sedezi\/sedez-nova-2-0-st4-black\/","title":{"rendered":"REPENTE SEAT  Nova 2.0 st4"},"content":{"rendered":"<h1 data-path-to-node=\"2\">Kolesarski sede\u017e Repente Nova 2.0 ST4 \u2013 Udobje z zelenim podpisom<\/h1>\n<p data-path-to-node=\"3\"><b data-path-to-node=\"3\" data-index-in-node=\"0\">Nova 2.0 ST4<\/b> ni le kolesarski sede\u017e; je dokaz, da lahko vrhunska zmogljivost in okoljska odgovornost hodita z roko v roki. Italijanski proizvajalec Repente predstavlja sede\u017e, ki zdru\u017euje inovativno tehnologijo brez uporabe lepil, izjemno udobje in popolno reciklabilnost.<\/p>\n<h3 data-path-to-node=\"4\">Glavne prednosti, ki vas bodo prepri\u010dale:<\/h3>\n<ul data-path-to-node=\"5\">\n<li>\n<p data-path-to-node=\"5,0,0\"><b data-path-to-node=\"5,0,0\" data-index-in-node=\"0\">Ekolo\u0161ka inovacija:<\/b> Sede\u017e je izdelan iz enega samega materiala (TPU), brez uporabe lepil ali topil. To pomeni, da je ob koncu svoje \u017eivljenjske dobe popolnoma primeren za recikla\u017eo.<\/p>\n<\/li>\n<li>\n<p data-path-to-node=\"5,1,0\"><b data-path-to-node=\"5,1,0\" data-index-in-node=\"0\">Izjemno udobje (Close Fit):<\/b> Zasnova je osredoto\u010dena na ergonomijo. \u0160irok osrednji kanal za sprostitev pritiska (<i data-path-to-node=\"5,1,0\" data-index-in-node=\"112\">Pressure Relief<\/i>) prepre\u010duje odrevenelost in zagotavlja udobje na dolgih trasah.<\/p>\n<\/li>\n<li>\n<p data-path-to-node=\"5,2,0\"><b data-path-to-node=\"5,2,0\" data-index-in-node=\"0\">Ergo Shape dizajn:<\/b> Stranska oblika sede\u017ea je zasnovana tako, da omogo\u010da neovirano gibanje nog in prepre\u010duje drgnjenje ob notranjo stran stegna.<\/p>\n<\/li>\n<li>\n<p data-path-to-node=\"5,3,0\"><b data-path-to-node=\"5,3,0\" data-index-in-node=\"0\">Versatility:<\/b> Sede\u017e je primeren tako za mo\u0161ke kot \u017eenske ter se odli\u010dno obnese na cestnih, gorskih (MTB) ali gravel kolesih.<\/p>\n<\/li>\n<li>\n<p data-path-to-node=\"5,4,0\"><b data-path-to-node=\"5,4,0\" data-index-in-node=\"0\">Nedrse\u010da povr\u0161ina:<\/b> Prevleka nudi odli\u010den oprijem v vseh pogojih, kar zagotavlja stabilnost in bolj\u0161i prenos mo\u010di na pedala.<\/p>\n<\/li>\n<\/ul>\n<hr data-path-to-node=\"6\" \/>\n<h3 data-path-to-node=\"7\">Technical specifications<\/h3>\n<table data-path-to-node=\"8\">\n<thead>\n<tr>\n<td><strong>Lastnost<\/strong><\/td>\n<td><strong>Podatki<\/strong><\/td>\n<\/tr>\n<\/thead>\n<tbody>\n<tr>\n<td><span data-path-to-node=\"8,1,0,0\"><b data-path-to-node=\"8,1,0,0\" data-index-in-node=\"0\">Material (ogrodje in oblazinjenje)<\/b><\/span><\/td>\n<td><span data-path-to-node=\"8,1,1,0\">Raz\u0161irjen termoplasti\u010dni poliuretan (TPU)<\/span><\/td>\n<\/tr>\n<tr>\n<td><span data-path-to-node=\"8,2,0,0\"><b data-path-to-node=\"8,2,0,0\" data-index-in-node=\"0\">Nosilci (Rail)<\/b><\/span><\/td>\n<td><span data-path-to-node=\"8,2,1,0\">ST4 jeklo (\u00f8 7 mm)<\/span><\/td>\n<\/tr>\n<tr>\n<td><span data-path-to-node=\"8,3,0,0\"><b data-path-to-node=\"8,3,0,0\" data-index-in-node=\"0\">Dimenzije<\/b><\/span><\/td>\n<td><span data-path-to-node=\"8,3,1,0\">260 mm x 142 mm<\/span><\/td>\n<\/tr>\n<tr>\n<td><span data-path-to-node=\"8,4,0,0\"><b data-path-to-node=\"8,4,0,0\" data-index-in-node=\"0\">Te\u017ea<\/b><\/span><\/td>\n<td><span data-path-to-node=\"8,4,1,0\">285 g<\/span><\/td>\n<\/tr>\n<tr>\n<td><span data-path-to-node=\"8,5,0,0\"><b data-path-to-node=\"8,5,0,0\" data-index-in-node=\"0\">Oblika<\/b><\/span><\/td>\n<td><span data-path-to-node=\"8,5,1,0\">Semi-flat (pol-raven)<\/span><\/td>\n<\/tr>\n<tr>\n<td><span data-path-to-node=\"8,6,0,0\"><b data-path-to-node=\"8,6,0,0\" data-index-in-node=\"0\">Barva<\/b><\/span><\/td>\n<td><span data-path-to-node=\"8,6,1,0\">Mat \u010drna<\/span><\/td>\n<\/tr>\n<tr>\n<td><span data-path-to-node=\"8,7,0,0\"><b data-path-to-node=\"8,7,0,0\" data-index-in-node=\"0\">Namen uporabe<\/b><\/span><\/td>\n<td><span data-path-to-node=\"8,7,1,0\">Road, MTB, Gravel<\/span><\/td>\n<\/tr>\n<\/tbody>\n<\/table>\n<hr data-path-to-node=\"9\" \/>\n<h3 data-path-to-node=\"10\">Zakaj izbrati Nova 2.0 ST4?<\/h3>\n<blockquote data-path-to-node=\"11\">\n<p data-path-to-node=\"11,0\">&#8220;Repente Nova 2.0 ST4 postavlja nove standarde v kolesarski industriji. Z zmanj\u0161anjem \u0161tevila proizvodnih korakov in uporabo reciklabilnih materialov so ustvarili sede\u017e z izjemno nizkim oglji\u010dnim odtisom, ki pa kolesarju nudi udobje, ki ga obi\u010dajno najdemo le pri precej dra\u017ejih modelih.&#8221;<\/p>\n<\/blockquote>\n<h3 data-path-to-node=\"12\">Popolna izbira za:<\/h3>\n<p data-path-to-node=\"13\">Kolesarje, ki i\u0161\u010dejo vzdr\u017eljiv, udoben in cenovno dostopen sede\u017e, hkrati pa jim ni vseeno za okolje. Nova 2.0 ST4 ponuja nepremagljivo razmerje med kakovostjo in ceno.<\/p>\n<hr data-path-to-node=\"14\" \/>\n<p data-path-to-node=\"15\"><b data-path-to-node=\"15\" data-index-in-node=\"0\">Izbolj\u0161ajte svojo kolesarsko izku\u0161njo in poskrbite za naravo \u2013 izberite Repente Nova 2.0 ST4!<\/b><\/p>","protected":false},"excerpt":{"rendered":"<h1 data-path-to-node=\"2\">Kolesarski sede\u017e Repente Nova 2.0 ST4 \u2013 Udobje z zelenim podpisom<\/h1>\n<p data-path-to-node=\"3\"><b data-path-to-node=\"3\" data-index-in-node=\"0\">Nova 2.0 ST4<\/b> ni le kolesarski sede\u017e; je dokaz, da lahko vrhunska zmogljivost in okoljska odgovornost hodita z roko v roki. Italijanski proizvajalec Repente predstavlja sede\u017e, ki zdru\u017euje inovativno tehnologijo brez uporabe lepil, izjemno udobje in popolno reciklabilnost.<\/p>\n<h3 data-path-to-node=\"4\">Glavne prednosti, ki vas bodo prepri\u010dale:<\/h3>\n<ul data-path-to-node=\"5\">\n<li>\n<p data-path-to-node=\"5,0,0\"><b data-path-to-node=\"5,0,0\" data-index-in-node=\"0\">Ekolo\u0161ka inovacija:<\/b> Sede\u017e je izdelan iz enega samega materiala (TPU), brez uporabe lepil ali topil. To pomeni, da je ob koncu svoje \u017eivljenjske dobe popolnoma primeren za recikla\u017eo.<\/p>\n<\/li>\n<li>\n<p data-path-to-node=\"5,1,0\"><b data-path-to-node=\"5,1,0\" data-index-in-node=\"0\">Izjemno udobje (Close Fit):<\/b> Zasnova je osredoto\u010dena na ergonomijo. \u0160irok osrednji kanal za sprostitev pritiska (<i data-path-to-node=\"5,1,0\" data-index-in-node=\"112\">Pressure Relief<\/i>) prepre\u010duje odrevenelost in zagotavlja udobje na dolgih trasah.<\/p>\n<\/li>\n<li>\n<p data-path-to-node=\"5,2,0\"><b data-path-to-node=\"5,2,0\" data-index-in-node=\"0\">Ergo Shape dizajn:<\/b> Stranska oblika sede\u017ea je zasnovana tako, da omogo\u010da neovirano gibanje nog in prepre\u010duje drgnjenje ob notranjo stran stegna.<\/p>\n<\/li>\n<li>\n<p data-path-to-node=\"5,3,0\"><b data-path-to-node=\"5,3,0\" data-index-in-node=\"0\">Versatility:<\/b> Sede\u017e je primeren tako za mo\u0161ke kot \u017eenske ter se odli\u010dno obnese na cestnih, gorskih (MTB) ali gravel kolesih.<\/p>\n<\/li>\n<li>\n<p data-path-to-node=\"5,4,0\"><b data-path-to-node=\"5,4,0\" data-index-in-node=\"0\">Nedrse\u010da povr\u0161ina:<\/b> Prevleka nudi odli\u010den oprijem v vseh pogojih, kar zagotavlja stabilnost in bolj\u0161i prenos mo\u010di na pedala.<\/p>\n<\/li>\n<\/ul>","protected":false},"featured_media":6845,"comment_status":"closed","ping_status":"closed","template":"","meta":{"_acf_changed":false,"inline_featured_image":false,"_monsterinsights_skip_tracking":false,"_monsterinsights_sitenote_active":false,"_monsterinsights_sitenote_note":"","_monsterinsights_sitenote_category":0},"product_brand":[220],"product_cat":[20,51],"product_tag":[],"class_list":{"0":"post-6817","1":"product","2":"type-product","3":"status-publish","4":"has-post-thumbnail","6":"product_brand-repente","7":"product_cat-kolo","8":"product_cat-sedezi","10":"first","11":"instock","12":"taxable","13":"shipping-taxable","14":"purchasable","15":"product-type-simple"},"acf":[],"aioseo_notices":[],"_links":{"self":[{"href":"https:\/\/olliesport.com\/en\/wp-json\/wp\/v2\/product\/6817","targetHints":{"allow":["GET"]}}],"collection":[{"href":"https:\/\/olliesport.com\/en\/wp-json\/wp\/v2\/product"}],"about":[{"href":"https:\/\/olliesport.com\/en\/wp-json\/wp\/v2\/types\/product"}],"replies":[{"embeddable":true,"href":"https:\/\/olliesport.com\/en\/wp-json\/wp\/v2\/comments?post=6817"}],"wp:featuredmedia":[{"embeddable":true,"href":"https:\/\/olliesport.com\/en\/wp-json\/wp\/v2\/media\/6845"}],"wp:attachment":[{"href":"https:\/\/olliesport.com\/en\/wp-json\/wp\/v2\/media?parent=6817"}],"wp:term":[{"taxonomy":"product_brand","embeddable":true,"href":"https:\/\/olliesport.com\/en\/wp-json\/wp\/v2\/product_brand?post=6817"},{"taxonomy":"product_cat","embeddable":true,"href":"https:\/\/olliesport.com\/en\/wp-json\/wp\/v2\/product_cat?post=6817"},{"taxonomy":"product_tag","embeddable":true,"href":"https:\/\/olliesport.com\/en\/wp-json\/wp\/v2\/product_tag?post=6817"}],"curies":[{"name":"wp","href":"https:\/\/api.w.org\/{rel}","templated":true}]}}