{"id":6277,"date":"2026-03-19T23:58:17","date_gmt":"2026-03-19T22:58:17","guid":{"rendered":"https:\/\/olliesport.com\/trgovina\/nekategorizirano\/1168724-u-rocket-x-3-nzs-105-115\/"},"modified":"2026-04-16T22:58:09","modified_gmt":"2026-04-16T20:58:09","slug":"hoka-rocket-x-3","status":"publish","type":"product","link":"https:\/\/olliesport.com\/en\/trgovina\/tek-in-hoja\/moska-obutev\/moska-cestna-obutev\/hoka-rocket-x-3\/","title":{"rendered":"HOKA ROCKET X 3 NZS"},"content":{"rendered":"<p><strong>Hitrost v slu\u017ebi tvojega rekorda.<\/strong><\/p>\n<p>Rocket X 3 je zasnovan za vse, ki lovijo osebne rekorde \u2013 karbonski supercopat, ki ne sklepa kompromisov med hitrostjo in podporo. Ohranili smo izjemno odzivno peno prej\u0161nje generacije, posodobili karbonsko plo\u0161\u010do z novimi &#8220;krilci&#8221; za \u0161e bolj\u0161i odriv ter dodali lepljiv gumijast podplat za zanesljiv oprijem tudi v nepredvidljivih razmerah. Enoslojna tehni\u010dna mre\u017eica poskrbi za odli\u010dno zra\u010dnost, poseben &#8220;stitch-and-turn&#8221; ovratnik zmanj\u0161a mo\u017enost \u017euljev, odstranjeno stransko vpenjanje jezi\u010dka pa omogo\u010da la\u017eje obuvanje.<\/p>\n<p>What&#039;s new?<br \/>\nIzbolj\u0161an oprijem z lepljivim gumijastim podplatom, poenostavljen ovratnik za bolj\u0161e prileganje, \u0161e bolj\u0161a zra\u010dnost, posodobljena karbonska plo\u0161\u010da s krilci za u\u010dinkovitej\u0161i odriv in odstranjeno stransko vpetje jezi\u010dka za la\u017eje obuvanje \u2013 vse za \u010dim hitrej\u0161o pot do tvojega osebnega rekorda.<\/p>\n<ul>\n<li>Dvoplastna PEBA pena za izjemno odziven in hkrati udoben korak.<\/li>\n<li>Karbonska plo\u0161\u010da s \u201ckrilci\u201d za eksploziven odriv in dodatno stabilnost.<\/li>\n<li>Lepljiv gumijast podplat za zanesljiv oprijem na dan tekme.<\/li>\n<li>Inovativen warp-knit zgornji del za izjemno lahko in zra\u010dno konstrukcijo.<\/li>\n<li>3D-tiskani logotipi za sodoben videz z minimalno te\u017eo.<\/li>\n<\/ul>\n<p><strong>RECOMMENDED FOR:<\/strong><br \/>\nMatch<\/p>\n<p><strong>DATA<\/strong><br \/>\nFit: Medium<br \/>\nSurface: Road<br \/>\nCategory: Neutral<br \/>\nCushioning: Responsive<\/p>\n<p><strong>GEOMETRY<\/strong><br \/>\nDrop: 7 mm<br \/>\nFront: 35 mm<br \/>\nHeel: 42 mm<\/p>\n<p><strong>WEIGHT<\/strong><br \/>\nWeight: 227g<br \/>\nTe\u017ea in vi\u0161ina pete za velikost EU 44.<\/p>\n<h3>Features<\/h3>\n<ul class=\"features\">\n<li>Foot type:\u00a0<strong>neutral<\/strong><\/li>\n<li>Shoe width:\u00a0<strong>normal<\/strong><\/li>\n<li>Damping:\u00a0<strong>responsive<\/strong><\/li>\n<\/ul>","protected":false},"excerpt":{"rendered":"<p><strong>Hitrost v slu\u017ebi tvojega rekorda.<\/strong><\/p>\n<p>Rocket X 3 je zasnovan za vse, ki lovijo osebne rekorde \u2013 karbonski supercopat, ki ne sklepa kompromisov med hitrostjo in podporo. Ohranili smo izjemno odzivno peno prej\u0161nje generacije, posodobili karbonsko plo\u0161\u010do z novimi &#8220;krilci&#8221; za \u0161e bolj\u0161i odriv ter dodali lepljiv gumijast podplat za zanesljiv oprijem tudi v nepredvidljivih razmerah. Enoslojna tehni\u010dna mre\u017eica poskrbi za odli\u010dno zra\u010dnost, poseben &#8220;stitch-and-turn&#8221; ovratnik zmanj\u0161a mo\u017enost \u017euljev, odstranjeno stransko vpenjanje jezi\u010dka pa omogo\u010da la\u017eje obuvanje.<\/p>\n<p>What&#039;s new?<br \/>\nIzbolj\u0161an oprijem z lepljivim gumijastim podplatom, poenostavljen ovratnik za bolj\u0161e prileganje, \u0161e bolj\u0161a zra\u010dnost, posodobljena karbonska plo\u0161\u010da s krilci za u\u010dinkovitej\u0161i odriv in odstranjeno stransko vpetje jezi\u010dka za la\u017eje obuvanje \u2013 vse za \u010dim hitrej\u0161o pot do tvojega osebnega rekorda.<\/p>","protected":false},"featured_media":6511,"comment_status":"closed","ping_status":"closed","template":"","meta":{"_acf_changed":false,"inline_featured_image":false,"_monsterinsights_skip_tracking":false,"_monsterinsights_sitenote_active":false,"_monsterinsights_sitenote_note":"","_monsterinsights_sitenote_category":0},"product_brand":[28],"product_cat":[71,70,19],"product_tag":[],"class_list":{"0":"post-6277","1":"product","2":"type-product","3":"status-publish","4":"has-post-thumbnail","6":"product_brand-hoka","7":"product_cat-moska-cestna-obutev","8":"product_cat-moska-obutev","9":"product_cat-tek-in-hoja","11":"first","12":"instock","13":"taxable","14":"shipping-taxable","15":"purchasable","16":"product-type-variable"},"acf":[],"aioseo_notices":[],"_links":{"self":[{"href":"https:\/\/olliesport.com\/en\/wp-json\/wp\/v2\/product\/6277","targetHints":{"allow":["GET"]}}],"collection":[{"href":"https:\/\/olliesport.com\/en\/wp-json\/wp\/v2\/product"}],"about":[{"href":"https:\/\/olliesport.com\/en\/wp-json\/wp\/v2\/types\/product"}],"replies":[{"embeddable":true,"href":"https:\/\/olliesport.com\/en\/wp-json\/wp\/v2\/comments?post=6277"}],"wp:featuredmedia":[{"embeddable":true,"href":"https:\/\/olliesport.com\/en\/wp-json\/wp\/v2\/media\/6511"}],"wp:attachment":[{"href":"https:\/\/olliesport.com\/en\/wp-json\/wp\/v2\/media?parent=6277"}],"wp:term":[{"taxonomy":"product_brand","embeddable":true,"href":"https:\/\/olliesport.com\/en\/wp-json\/wp\/v2\/product_brand?post=6277"},{"taxonomy":"product_cat","embeddable":true,"href":"https:\/\/olliesport.com\/en\/wp-json\/wp\/v2\/product_cat?post=6277"},{"taxonomy":"product_tag","embeddable":true,"href":"https:\/\/olliesport.com\/en\/wp-json\/wp\/v2\/product_tag?post=6277"}],"curies":[{"name":"wp","href":"https:\/\/api.w.org\/{rel}","templated":true}]}}