{"id":611,"date":"2025-09-22T14:40:51","date_gmt":"2025-09-22T12:40:51","guid":{"rendered":"https:\/\/olliesport.click.si\/?post_type=product&#038;p=611"},"modified":"2026-04-03T21:58:30","modified_gmt":"2026-04-03T19:58:30","slug":"darilni-bon","status":"publish","type":"product","link":"https:\/\/olliesport.com\/en\/trgovina\/darilni-bon\/darilni-bon\/","title":{"rendered":"Gift voucher"},"content":{"rendered":"<div class=\"elementor-element elementor-element-1c88d33 elementor-widget elementor-widget-text-editor\" data-id=\"1c88d33\" data-element_type=\"widget\" data-widget_type=\"text-editor.default\">\n<p><strong>Are you looking for a gift for a friend\/family member, but you have no ideas? Has a friend\/family member is a passionate skier, skier or wakeboarder?<\/strong><\/p>\n<\/div>\n<div class=\"elementor-element elementor-element-eb5e73e elementor-widget elementor-widget-text-editor\" data-id=\"eb5e73e\" data-element_type=\"widget\" data-widget_type=\"text-editor.default\">\n<p>Potem vam ni treba ve\u010d iskati, saj ste na pravem mestu. OLLIE darilni bon bo razveselil \u0161e tako zahtevnega prejemnika.<\/p>\n<p>You will receive your OLLIE gift certificate via email, in a printable format. We can also send it to you in physical form or you can pick it up in store.<\/p>\n<\/div>","protected":false},"excerpt":{"rendered":"<p>I\u0161\u010dete darilo za prijatelja\/dru\u017einskega \u010dlana, pa nimate idej? Je va\u0161 prijatelj\/dru\u017einski \u010dlan strasten smu\u010dar, teka\u010d ali wakeboarder? Potem vam ni treba ve\u010d iskati, saj ste na pravem mestu. OLLIE darilni bon bo razveselil \u0161e tako zahtevnega prejemnika. OLLIE darilni bon\u00a0prejmete na e-mail, v obliki primerni za tiskanje. Lahko pa vam ga tudi po\u0161ljemo v fizi\u010dni [&hellip;]<\/p>\n","protected":false},"featured_media":630,"comment_status":"closed","ping_status":"closed","template":"","meta":{"_acf_changed":false,"inline_featured_image":false,"_monsterinsights_skip_tracking":false,"_monsterinsights_sitenote_active":false,"_monsterinsights_sitenote_note":"","_monsterinsights_sitenote_category":0},"product_brand":[],"product_cat":[22],"product_tag":[],"class_list":{"0":"post-611","1":"product","2":"type-product","3":"status-publish","4":"has-post-thumbnail","6":"product_cat-darilni-bon","8":"first","9":"instock","10":"taxable","11":"shipping-taxable","12":"purchasable","13":"product-type-variable"},"acf":[],"aioseo_notices":[],"_links":{"self":[{"href":"https:\/\/olliesport.com\/en\/wp-json\/wp\/v2\/product\/611","targetHints":{"allow":["GET"]}}],"collection":[{"href":"https:\/\/olliesport.com\/en\/wp-json\/wp\/v2\/product"}],"about":[{"href":"https:\/\/olliesport.com\/en\/wp-json\/wp\/v2\/types\/product"}],"replies":[{"embeddable":true,"href":"https:\/\/olliesport.com\/en\/wp-json\/wp\/v2\/comments?post=611"}],"wp:featuredmedia":[{"embeddable":true,"href":"https:\/\/olliesport.com\/en\/wp-json\/wp\/v2\/media\/630"}],"wp:attachment":[{"href":"https:\/\/olliesport.com\/en\/wp-json\/wp\/v2\/media?parent=611"}],"wp:term":[{"taxonomy":"product_brand","embeddable":true,"href":"https:\/\/olliesport.com\/en\/wp-json\/wp\/v2\/product_brand?post=611"},{"taxonomy":"product_cat","embeddable":true,"href":"https:\/\/olliesport.com\/en\/wp-json\/wp\/v2\/product_cat?post=611"},{"taxonomy":"product_tag","embeddable":true,"href":"https:\/\/olliesport.com\/en\/wp-json\/wp\/v2\/product_tag?post=611"}],"curies":[{"name":"wp","href":"https:\/\/api.w.org\/{rel}","templated":true}]}}