{"id":6081,"date":"2026-02-24T10:58:23","date_gmt":"2026-02-24T09:58:23","guid":{"rendered":"https:\/\/olliesport.com\/trgovina\/nekategorizirano\/1170333-u-gpx-crew-run-sock-nncn-l\/"},"modified":"2026-04-16T20:58:33","modified_gmt":"2026-04-16T18:58:33","slug":"hoka-gpx-crew-run-sock","status":"publish","type":"product","link":"https:\/\/olliesport.com\/en\/trgovina\/tek-in-hoja\/dodatki-za-tek-in-hojo\/tekaske-nogavice\/hoka-gpx-crew-run-sock\/","title":{"rendered":"HOKA GPX CREW RUN NOGAVICE"},"content":{"rendered":"<p>Preizku\u0161eno udobje na vsakem koraku \u2013 teka\u0161ke nogavice GPX Crew. Zasnovane za vsakodnevno gibanje, te lahke nogavice zdru\u017eujejo udobno pletenino s tehnologijo CoolMax\u00ae, ki odvaja vlago in ohranja suha stopala. Vzdr\u017eljivo bla\u017eenje poskrbi za podporo pri vsakem koraku \u2013 od jutranjih opravkov do ve\u010dernega teka.<\/p>\n<p>Key features:<\/p>\n<ul>\n<li>Usmerjena opora v loku stopala za bolj\u0161o stabilnost.<\/li>\n<li>Blazinjenje v predelu prstov in pete za dodatno udobje.<\/li>\n<li>Odsevni logotip ptice za ve\u010djo vidnost.<\/li>\n<li>28 % bomba\u017e \/ 20 % poliester \/ 27 % COOLMAX\u00ae poliester \/ 19 % najlon \/ 6 % elastan<\/li>\n<\/ul>\n<p>Navodila za nego:<br \/>\nPrati v hladni vodi s podobnimi barvami. Ne beliti. Su\u0161iti v su\u0161ilnem stroju pri nizki temperaturi. Ne likati. Ne kemi\u010dno \u010distiti.<\/p>","protected":false},"excerpt":{"rendered":"<ul>\n<li>Usmerjena opora v loku stopala za bolj\u0161o stabilnost.<\/li>\n<li>Blazinjenje v predelu prstov in pete za dodatno udobje.<\/li>\n<li>Odsevni logotip ptice za ve\u010djo vidnost.<\/li>\n<li>28 % bomba\u017e \/ 20 % poliester \/ 27 % COOLMAX\u00ae poliester \/ 19 % najlon \/ 6 % elastan<\/li>\n<\/ul>","protected":false},"featured_media":6101,"comment_status":"closed","ping_status":"closed","template":"","meta":{"_acf_changed":false,"inline_featured_image":false,"_monsterinsights_skip_tracking":false,"_monsterinsights_sitenote_active":false,"_monsterinsights_sitenote_note":"","_monsterinsights_sitenote_category":0},"product_brand":[28],"product_cat":[77,19,78],"product_tag":[],"class_list":{"0":"post-6081","1":"product","2":"type-product","3":"status-publish","4":"has-post-thumbnail","6":"product_brand-hoka","7":"product_cat-dodatki-za-tek-in-hojo","8":"product_cat-tek-in-hoja","9":"product_cat-tekaske-nogavice","11":"first","12":"instock","13":"taxable","14":"shipping-taxable","15":"purchasable","16":"product-type-variable"},"acf":[],"aioseo_notices":[],"_links":{"self":[{"href":"https:\/\/olliesport.com\/en\/wp-json\/wp\/v2\/product\/6081","targetHints":{"allow":["GET"]}}],"collection":[{"href":"https:\/\/olliesport.com\/en\/wp-json\/wp\/v2\/product"}],"about":[{"href":"https:\/\/olliesport.com\/en\/wp-json\/wp\/v2\/types\/product"}],"replies":[{"embeddable":true,"href":"https:\/\/olliesport.com\/en\/wp-json\/wp\/v2\/comments?post=6081"}],"wp:featuredmedia":[{"embeddable":true,"href":"https:\/\/olliesport.com\/en\/wp-json\/wp\/v2\/media\/6101"}],"wp:attachment":[{"href":"https:\/\/olliesport.com\/en\/wp-json\/wp\/v2\/media?parent=6081"}],"wp:term":[{"taxonomy":"product_brand","embeddable":true,"href":"https:\/\/olliesport.com\/en\/wp-json\/wp\/v2\/product_brand?post=6081"},{"taxonomy":"product_cat","embeddable":true,"href":"https:\/\/olliesport.com\/en\/wp-json\/wp\/v2\/product_cat?post=6081"},{"taxonomy":"product_tag","embeddable":true,"href":"https:\/\/olliesport.com\/en\/wp-json\/wp\/v2\/product_tag?post=6081"}],"curies":[{"name":"wp","href":"https:\/\/api.w.org\/{rel}","templated":true}]}}