{"id":6077,"date":"2026-02-24T10:58:23","date_gmt":"2026-02-24T09:58:23","guid":{"rendered":"https:\/\/olliesport.com\/trgovina\/nekategorizirano\/1170332-u-trail-run-crew-sock-sag-s\/"},"modified":"2026-04-16T05:59:12","modified_gmt":"2026-04-16T03:59:12","slug":"hoka-trail-run-crew-nogavice","status":"publish","type":"product","link":"https:\/\/olliesport.com\/en\/trgovina\/tek-in-hoja\/dodatki-za-tek-in-hojo\/tekaske-nogavice\/hoka-trail-run-crew-nogavice\/","title":{"rendered":"HOKA TRAIL RUN CREW NOGAVICE"},"content":{"rendered":"<p>Popolna oprema se za\u010dne pri detajlih. Trail teka\u0161ka nogavica Trail Run Crew Sock poskrbi, da noben del tvoje opreme ne ostane spregledan \u2013 tudi tisti, ki pogosto odlo\u010da o dobrem ali slabem dnevu na stezi. Izjemno lahka in zra\u010dna, z mre\u017eastim zgornjim delom za optimalno zra\u010denje, ponuja minimalno oblazinjenje za odziven ob\u010dutek pod nogami. Pametno name\u0161\u010deni silikonski dodatki pa poskrbijo za varen oprijem, brez stiskanja \u2013 nogavica ostane na mestu, ti pa se lahko osredoto\u010di\u0161 le na korak pred seboj.<\/p>\n<ul>\n<li>Minimalno oblazinjenje na prstih in peti za odziven ob\u010dutek.<\/li>\n<li>87 % najlon \/ 10 % elastan \/ 3 % poliester<\/li>\n<li>\u017dakard tkanje s prelivajo\u010dimi \u010drtami.<\/li>\n<li>Zgornji del iz tehni\u010dne mre\u017easte pletenine z zaprtimi odprtinami za zra\u010denje.<\/li>\n<li>Kompresijski rebrasti trak za oporo stopalnemu loku.<\/li>\n<li>Fino rebrasto tkanje na peti in prstih za ve\u010dje udobje.<\/li>\n<li>Silikonski oprijem na zgornjem delu stopala in pod blazinico za obstojnost brez drsenja.<\/li>\n<\/ul>\n<p><strong>RECOMMENDED FOR:<\/strong><br \/>\nTrail tek<br \/>\nHiking<\/p>\n<p><strong>VELIKOSTI:<\/strong><\/p>\n<ul>\n<li>S: EU 34 &#8211; 38<\/li>\n<li>M: EU 38 &#8211; 42<\/li>\n<li>L: EU 42 &#8211; 46<\/li>\n<li>XL: EU 46 &#8211; 50<\/li>\n<\/ul>\n<p>Navodila za nego:<br \/>\nStrojno pranje pri nizki temperaturi s podobnimi barvami. Ne belite. Su\u0161ite pri nizki temperaturi v su\u0161ilnem stroju. Ne likajte. Ne kemi\u010dno \u010distiti.<\/p>","protected":false},"excerpt":{"rendered":"<ul>\n<li>Minimalno oblazinjenje na prstih in peti za odziven ob\u010dutek.<\/li>\n<li>87 % najlon \/ 10 % elastan \/ 3 % poliester<\/li>\n<li>\u017dakard tkanje s prelivajo\u010dimi \u010drtami.<\/li>\n<li>Zgornji del iz tehni\u010dne mre\u017easte pletenine z zaprtimi odprtinami za zra\u010denje.<\/li>\n<li>Kompresijski rebrasti trak za oporo stopalnemu loku.<\/li>\n<li>Fino rebrasto tkanje na peti in prstih za ve\u010dje udobje.<\/li>\n<li>Silikonski oprijem na zgornjem delu stopala in pod blazinico za obstojnost brez drsenja.<\/li>\n<\/ul>","protected":false},"featured_media":6117,"comment_status":"closed","ping_status":"closed","template":"","meta":{"_acf_changed":false,"inline_featured_image":false,"_monsterinsights_skip_tracking":false,"_monsterinsights_sitenote_active":false,"_monsterinsights_sitenote_note":"","_monsterinsights_sitenote_category":0},"product_brand":[28],"product_cat":[77,19,78],"product_tag":[],"class_list":{"0":"post-6077","1":"product","2":"type-product","3":"status-publish","4":"has-post-thumbnail","6":"product_brand-hoka","7":"product_cat-dodatki-za-tek-in-hojo","8":"product_cat-tek-in-hoja","9":"product_cat-tekaske-nogavice","11":"first","12":"instock","13":"taxable","14":"shipping-taxable","15":"purchasable","16":"product-type-variable"},"acf":[],"aioseo_notices":[],"_links":{"self":[{"href":"https:\/\/olliesport.com\/en\/wp-json\/wp\/v2\/product\/6077","targetHints":{"allow":["GET"]}}],"collection":[{"href":"https:\/\/olliesport.com\/en\/wp-json\/wp\/v2\/product"}],"about":[{"href":"https:\/\/olliesport.com\/en\/wp-json\/wp\/v2\/types\/product"}],"replies":[{"embeddable":true,"href":"https:\/\/olliesport.com\/en\/wp-json\/wp\/v2\/comments?post=6077"}],"wp:featuredmedia":[{"embeddable":true,"href":"https:\/\/olliesport.com\/en\/wp-json\/wp\/v2\/media\/6117"}],"wp:attachment":[{"href":"https:\/\/olliesport.com\/en\/wp-json\/wp\/v2\/media?parent=6077"}],"wp:term":[{"taxonomy":"product_brand","embeddable":true,"href":"https:\/\/olliesport.com\/en\/wp-json\/wp\/v2\/product_brand?post=6077"},{"taxonomy":"product_cat","embeddable":true,"href":"https:\/\/olliesport.com\/en\/wp-json\/wp\/v2\/product_cat?post=6077"},{"taxonomy":"product_tag","embeddable":true,"href":"https:\/\/olliesport.com\/en\/wp-json\/wp\/v2\/product_tag?post=6077"}],"curies":[{"name":"wp","href":"https:\/\/api.w.org\/{rel}","templated":true}]}}