{"id":5767,"date":"2026-02-20T13:58:17","date_gmt":"2026-02-20T12:58:17","guid":{"rendered":"https:\/\/olliesport.com\/trgovina\/nekategorizirano\/1171959-w-challenger-8-gtx-fmv-7\/"},"modified":"2026-04-16T09:58:30","modified_gmt":"2026-04-16T07:58:30","slug":"hoka-challenger-8-gtx-2","status":"publish","type":"product","link":"https:\/\/olliesport.com\/en\/trgovina\/tek-in-hoja\/zenska-obutev\/zenska-trail-obutev\/hoka-challenger-8-gtx-2\/","title":{"rendered":"HOKA CHALLENGER 8 GTX"},"content":{"rendered":"<p><strong>De\u017e ali sonce. Od ulic do vrhov.<\/strong><\/p>\n<p>Kot tisti teka\u0161ki partner, ki te nikoli ne pusti na cedilu, Challenger 8 GTX re\u010de \u201cda\u201d cesti, \u201cda\u201d poti \u2013 in \u201cda\u201d de\u017eju, blatu ter snegu. Z novim slojem pene pod nogo, izbolj\u0161anim prileganjem in prenovljeno ve\u010dsmerno orientacijo profilov je udoben na asfaltu in zanesljiv na zemeljskih poteh. Njegova vodoodbojna membrana GORE-TEX Invisible Fit pa pomeni, da se ne ustavi pred ni\u010demer. Opravi\u010dila so odve\u010d.<\/p>\n<ul>\n<li>Zgornji del iz 100 % reciklirane RPET mre\u017eice.<\/li>\n<li>Vodoodbojna membrana GORE-TEX Invisible Fit.<\/li>\n<li>3D tiskana za\u0161\u010dita sprednjega dela.<\/li>\n<li>Zanka na peti za la\u017eje obuvanje.<\/li>\n<li>Odsevni detajli za ve\u010djo vidnost.<\/li>\n<li>Srednji podplat iz EVA pene.<\/li>\n<li>Ve\u010dsmerni 4 mm profili podplata.<\/li>\n<\/ul>\n<p><strong>RECOMMENDED FOR:<\/strong><br \/>\nRunning in nature<br \/>\nHiking<\/p>\n<p><strong>DATA<\/strong><br \/>\nFit: Medium<br \/>\nSurface: Running in nature<br \/>\nCategory: Neutral<br \/>\nCushioning: Balanced<\/p>\n<p><strong>GEOMETRY<\/strong><br \/>\nDrop: 8 mm<br \/>\nFront: 31 mm<br \/>\nPeta: 39 mm<\/p>\n<p><strong>WEIGHT<\/strong><br \/>\nWeight: 252g<br \/>\nWeight for EU size 39 1\/3.<\/p>\n<h3>Features<\/h3>\n<ul class=\"features\">\n<li>Foot type:\u00a0<strong>neutral<\/strong><\/li>\n<li>Shoe width:\u00a0<strong>normal<\/strong><\/li>\n<li>Damping:\u00a0<strong>balanced<\/strong><\/li>\n<\/ul>","protected":false},"excerpt":{"rendered":"<p><strong>DATA<\/strong><br \/>\nFit: Medium<br \/>\nSurface: Running in nature<br \/>\nCategory: Neutral<br \/>\nCushioning: Balanced<\/p>","protected":false},"featured_media":6031,"comment_status":"closed","ping_status":"closed","template":"","meta":{"_acf_changed":false,"inline_featured_image":false,"_monsterinsights_skip_tracking":false,"_monsterinsights_sitenote_active":false,"_monsterinsights_sitenote_note":"","_monsterinsights_sitenote_category":0},"product_brand":[28],"product_cat":[19,73,75],"product_tag":[],"class_list":{"0":"post-5767","1":"product","2":"type-product","3":"status-publish","4":"has-post-thumbnail","6":"product_brand-hoka","7":"product_cat-tek-in-hoja","8":"product_cat-zenska-obutev","9":"product_cat-zenska-trail-obutev","11":"first","12":"instock","13":"taxable","14":"shipping-taxable","15":"purchasable","16":"product-type-variable"},"acf":[],"aioseo_notices":[],"_links":{"self":[{"href":"https:\/\/olliesport.com\/en\/wp-json\/wp\/v2\/product\/5767","targetHints":{"allow":["GET"]}}],"collection":[{"href":"https:\/\/olliesport.com\/en\/wp-json\/wp\/v2\/product"}],"about":[{"href":"https:\/\/olliesport.com\/en\/wp-json\/wp\/v2\/types\/product"}],"replies":[{"embeddable":true,"href":"https:\/\/olliesport.com\/en\/wp-json\/wp\/v2\/comments?post=5767"}],"wp:featuredmedia":[{"embeddable":true,"href":"https:\/\/olliesport.com\/en\/wp-json\/wp\/v2\/media\/6031"}],"wp:attachment":[{"href":"https:\/\/olliesport.com\/en\/wp-json\/wp\/v2\/media?parent=5767"}],"wp:term":[{"taxonomy":"product_brand","embeddable":true,"href":"https:\/\/olliesport.com\/en\/wp-json\/wp\/v2\/product_brand?post=5767"},{"taxonomy":"product_cat","embeddable":true,"href":"https:\/\/olliesport.com\/en\/wp-json\/wp\/v2\/product_cat?post=5767"},{"taxonomy":"product_tag","embeddable":true,"href":"https:\/\/olliesport.com\/en\/wp-json\/wp\/v2\/product_tag?post=5767"}],"curies":[{"name":"wp","href":"https:\/\/api.w.org\/{rel}","templated":true}]}}