{"id":5747,"date":"2026-02-20T13:58:16","date_gmt":"2026-02-20T12:58:16","guid":{"rendered":"https:\/\/olliesport.com\/trgovina\/nekategorizirano\/1171893-w-kawana-3-gfd-85\/"},"modified":"2026-04-18T10:58:46","modified_gmt":"2026-04-18T08:58:46","slug":"1171893-w-kawana-3-gfd-85","status":"publish","type":"product","link":"https:\/\/olliesport.com\/en\/trgovina\/tek-in-hoja\/zenska-obutev\/zenska-cestna-obutev\/1171893-w-kawana-3-gfd-85\/","title":{"rendered":"HOKA KAWANA 3"},"content":{"rendered":"<p><strong>Vsestranski copat za vsakodnevne treninge.<\/strong><\/p>\n<p>Ljubitelji fitnesa, veselite se \u2013 na\u0161li ste svoj novi zanesljivi izbor. Kawana 3 je nepogre\u0161ljiv kos za kro\u017ene vadbe in se z novo, bolj poenostavljeno peto brez te\u017eav prilagaja vsaki postaji treninga. Posodobljen zgornji del iz tehni\u010dno zasnovane mre\u017eice nudi gostej\u0161e in trpe\u017enej\u0161e tkanje na najbolj obremenjenih mestih \u2013 kot je predel prstov \u2013 ter zra\u010dno mre\u017eico v srednjem delu stopala. Visokoenergijska pena zagotavlja odzivno bla\u017eenje, medtem ko mehko oblazinjen jezik in prakti\u010dna zanka na peti omogo\u010data hitro obuvanje in udobje tudi pri najbolj intenzivnih, endorfine spro\u0161\u010dajo\u010dih vadbah.<\/p>\n<p>In one word: untamed.<\/p>\n<p>What&#039;s new?<br \/>\nZ osve\u017eenim videzom smo poenostavili petni del za manj\u0161o te\u017eo, dodali ve\u010d oblazinjenja v jezik ter pre\u0161li na tehni\u010dno zasnovano mre\u017eico za izbolj\u0161ano zra\u010dnost in ve\u010dje udobje.<\/p>\n<ul>\n<li>Tehni\u010dno zasnovana mre\u017eica s conami zra\u010dnosti.<\/li>\n<li>Kompresijsko oblikovana EVA pena za uravnote\u017eeno bla\u017eenje.<\/li>\n<li>Gumijasti podplati v klju\u010dnih conah za bolj\u0161i oprijem in vzdr\u017eljivost.<\/li>\n<li>Izjemno mehko oblazinjen petni del.<\/li>\n<li>Oblazinjen jezik za dodatno udobje.<\/li>\n<li>Gibljiv (artikuliran) sistem vezalk za bolj\u0161e prileganje.<\/li>\n<\/ul>\n<p><strong>RECOMMENDED FOR:<\/strong><br \/>\nTrening &amp; telovadnica<br \/>\nLifestyle<\/p>\n<p><strong>DATA<\/strong><br \/>\nFit: Medium<br \/>\nSurface: Road<br \/>\nCategory: Neutral<br \/>\nCushioning: Balanced<\/p>\n<p><strong>GEOMETRY<\/strong><br \/>\nDrop: 5 mm<br \/>\nSpredaj: 29 mm<br \/>\nPeta: 34 mm<\/p>\n<p><strong>WEIGHT<\/strong><br \/>\nTe\u017ea: 269 g<br \/>\nWeight for EU size 40.<\/p>\n<h3>Features<\/h3>\n<ul class=\"features\">\n<li>Foot type:\u00a0<strong>neutral<\/strong><\/li>\n<li>Shoe width:\u00a0<strong>normal<\/strong><\/li>\n<li>Damping:\u00a0<strong>balanced<\/strong><\/li>\n<\/ul>","protected":false},"excerpt":{"rendered":"<p><strong>DATA<\/strong><br \/>\nFit: Medium<br \/>\nSurface: Road<br \/>\nCategory: Neutral<br \/>\nCushioning: Balanced<\/p>","protected":false},"featured_media":5977,"comment_status":"closed","ping_status":"closed","template":"","meta":{"_acf_changed":false,"inline_featured_image":false,"_monsterinsights_skip_tracking":false,"_monsterinsights_sitenote_active":false,"_monsterinsights_sitenote_note":"","_monsterinsights_sitenote_category":0},"product_brand":[28],"product_cat":[19,74,73],"product_tag":[],"class_list":{"0":"post-5747","1":"product","2":"type-product","3":"status-publish","4":"has-post-thumbnail","6":"product_brand-hoka","7":"product_cat-tek-in-hoja","8":"product_cat-zenska-cestna-obutev","9":"product_cat-zenska-obutev","11":"first","12":"instock","13":"taxable","14":"shipping-taxable","15":"purchasable","16":"product-type-variable"},"acf":[],"aioseo_notices":[],"_links":{"self":[{"href":"https:\/\/olliesport.com\/en\/wp-json\/wp\/v2\/product\/5747","targetHints":{"allow":["GET"]}}],"collection":[{"href":"https:\/\/olliesport.com\/en\/wp-json\/wp\/v2\/product"}],"about":[{"href":"https:\/\/olliesport.com\/en\/wp-json\/wp\/v2\/types\/product"}],"replies":[{"embeddable":true,"href":"https:\/\/olliesport.com\/en\/wp-json\/wp\/v2\/comments?post=5747"}],"wp:featuredmedia":[{"embeddable":true,"href":"https:\/\/olliesport.com\/en\/wp-json\/wp\/v2\/media\/5977"}],"wp:attachment":[{"href":"https:\/\/olliesport.com\/en\/wp-json\/wp\/v2\/media?parent=5747"}],"wp:term":[{"taxonomy":"product_brand","embeddable":true,"href":"https:\/\/olliesport.com\/en\/wp-json\/wp\/v2\/product_brand?post=5747"},{"taxonomy":"product_cat","embeddable":true,"href":"https:\/\/olliesport.com\/en\/wp-json\/wp\/v2\/product_cat?post=5747"},{"taxonomy":"product_tag","embeddable":true,"href":"https:\/\/olliesport.com\/en\/wp-json\/wp\/v2\/product_tag?post=5747"}],"curies":[{"name":"wp","href":"https:\/\/api.w.org\/{rel}","templated":true}]}}