{"id":5739,"date":"2026-02-20T13:58:16","date_gmt":"2026-02-20T12:58:16","guid":{"rendered":"https:\/\/olliesport.com\/trgovina\/nekategorizirano\/1171851-m-transport-2-bklb-95\/"},"modified":"2026-04-17T00:58:31","modified_gmt":"2026-04-16T22:58:31","slug":"hoka-transport-2-2","status":"publish","type":"product","link":"https:\/\/olliesport.com\/en\/trgovina\/tek-in-hoja\/moska-obutev\/moska-trail-obutev\/hoka-transport-2-2\/","title":{"rendered":"HOKA TRANSPORT 2"},"content":{"rendered":"<p><strong>Mestna zmogljivost na vi\u0161ji ravni.<\/strong><\/p>\n<p>Transport 2 nadgrajuje udobje izvirnika in se vra\u010da s svojo prepoznavno vsestranskostjo od mestnih ulic do naravnih poti. Ta razli\u010dica ponuja mehkej\u0161i ob\u010dutek ob obuvanju z vi\u0161jo vi\u0161ino podplata, udobnej\u0161im vlo\u017ekom in bogateje oblazinjenim ovratnikom. Z mislijo na trajnost je zasnovan s srednjim podplatom iz 30 % EVA pene iz sladkornega trsa ter podplatom Vibram\u00ae EcoStep Recycle. Transport 2 smo dopolnili s hitrim sistemom zavezovanja, trpe\u017eno vodoodbojno obdelavo in 360-stopinjsko odsevnostjo, da je pripravljen na vse mestne in naravne pustolov\u0161\u010dine.<\/p>\n<p>In one word: untamed.<\/p>\n<p>What&#039;s new?<br \/>\nPove\u010dali smo vi\u0161ino podplata za ve\u010d bla\u017eenja, nadgradili vlo\u017eek za mehkej\u0161i in bolj odziven ob\u010dutek ter dodatno oblazinili ovratnik za \u0161e ve\u010d udobja.<\/p>\n<ul>\n<li>Rocker Integrity Technology\u2122 \u2013 reinforced MetaRocker\u2122 geometry for a stable, balanced stride even on uneven terrain.<\/li>\n<li>Dual-layer midsole with supercritical foam on the upper for uncompromising responsiveness and comfort.<\/li>\n<li>Dynamic, stretchy upper (Dynamic Vamp) \u2013 patent pending, designed for a perfect fit during movement.<\/li>\n<li>Vibram\u00ae Megagrip rubber outsole with Traction Lug technology \u2013 for superior grip even on the most demanding and wet surfaces.<\/li>\n<li>The uppers of the shoes are made of technologically knitted material with an anti-chafing treatment - for extra durability without extra weight.<\/li>\n<li>Reinforced TPU frame \u2013 for support and protection on technical trails.<\/li>\n<li>Gaiter attachment points \u2013 ready for extra protection in extreme conditions.<\/li>\n<li>Premium anatomical insole \u2013 for superior comfort and fit.<\/li>\n<li>5 mm studs \u2013 for aggressive traction with every step.<\/li>\n<li>Reflective details \u2013 for better visibility in low light.<\/li>\n<\/ul>\n<p><strong>RECOMMENDED FOR:<\/strong><br \/>\nRunning in nature<br \/>\nEasy hiking<br \/>\nWalking<br \/>\nLifestyle<\/p>\n<p><strong>DATA<\/strong><br \/>\nFit: Medium<br \/>\nSurface: Road, light hiking<br \/>\nCategory: Neutral<br \/>\nCushioning: Balanced<\/p>\n<p><strong>GEOMETRY<\/strong><br \/>\nDrop: 5 mm<br \/>\nSpredaj: 24,8 mm<br \/>\nPeta: 29,6 mm<\/p>\n<p><strong>WEIGHT<\/strong><br \/>\nWeight: 275g<br \/>\nWeight for EU size 40.<\/p>\n<h3>Features<\/h3>\n<ul class=\"features\">\n<li>Foot type:\u00a0<strong>neutral<\/strong><\/li>\n<li>Shoe width:\u00a0<strong>normal<\/strong><\/li>\n<li>Damping:\u00a0<strong>balanced<\/strong><\/li>\n<\/ul>","protected":false},"excerpt":{"rendered":"<p><strong>DATA<\/strong><br \/>\nFit: Medium<br \/>\nSurface: Road, light hiking<br \/>\nCategory: Neutral<br \/>\nCushioning: Balanced<\/p>","protected":false},"featured_media":5973,"comment_status":"closed","ping_status":"closed","template":"","meta":{"_acf_changed":false,"inline_featured_image":false,"_monsterinsights_skip_tracking":false,"_monsterinsights_sitenote_active":false,"_monsterinsights_sitenote_note":"","_monsterinsights_sitenote_category":0},"product_brand":[28],"product_cat":[70,72,19],"product_tag":[],"class_list":{"0":"post-5739","1":"product","2":"type-product","3":"status-publish","4":"has-post-thumbnail","6":"product_brand-hoka","7":"product_cat-moska-obutev","8":"product_cat-moska-trail-obutev","9":"product_cat-tek-in-hoja","11":"first","12":"instock","13":"taxable","14":"shipping-taxable","15":"purchasable","16":"product-type-variable"},"acf":[],"aioseo_notices":[],"_links":{"self":[{"href":"https:\/\/olliesport.com\/en\/wp-json\/wp\/v2\/product\/5739","targetHints":{"allow":["GET"]}}],"collection":[{"href":"https:\/\/olliesport.com\/en\/wp-json\/wp\/v2\/product"}],"about":[{"href":"https:\/\/olliesport.com\/en\/wp-json\/wp\/v2\/types\/product"}],"replies":[{"embeddable":true,"href":"https:\/\/olliesport.com\/en\/wp-json\/wp\/v2\/comments?post=5739"}],"wp:featuredmedia":[{"embeddable":true,"href":"https:\/\/olliesport.com\/en\/wp-json\/wp\/v2\/media\/5973"}],"wp:attachment":[{"href":"https:\/\/olliesport.com\/en\/wp-json\/wp\/v2\/media?parent=5739"}],"wp:term":[{"taxonomy":"product_brand","embeddable":true,"href":"https:\/\/olliesport.com\/en\/wp-json\/wp\/v2\/product_brand?post=5739"},{"taxonomy":"product_cat","embeddable":true,"href":"https:\/\/olliesport.com\/en\/wp-json\/wp\/v2\/product_cat?post=5739"},{"taxonomy":"product_tag","embeddable":true,"href":"https:\/\/olliesport.com\/en\/wp-json\/wp\/v2\/product_tag?post=5739"}],"curies":[{"name":"wp","href":"https:\/\/api.w.org\/{rel}","templated":true}]}}