{"id":5687,"date":"2026-02-20T13:58:13","date_gmt":"2026-02-20T12:58:13","guid":{"rendered":"https:\/\/olliesport.com\/trgovina\/nekategorizirano\/1155111-m-skyflow-syz-95\/"},"modified":"2026-04-16T22:58:39","modified_gmt":"2026-04-16T20:58:39","slug":"hoka-skyflow","status":"publish","type":"product","link":"https:\/\/olliesport.com\/en\/trgovina\/tek-in-hoja\/moska-obutev\/moska-cestna-obutev\/hoka-skyflow\/","title":{"rendered":"HOKA SKYFLOW"},"content":{"rendered":"<p><strong>Vsakodnevni kilometri, a na vi\u0161jem nivoju.<\/strong><\/p>\n<p>Novi Skyflow je bil posebej zasnovan za \u0161e vi\u0161ji nivo va\u0161ih dnevnih teka\u0161kih treningov. Zdru\u017euje premium geometrijo copata, ki jo je navdahnil model Skyward X, v kombinacijami z najnovej\u0161imi me\u0161anicami pen za vsakodnevne kilometre na vi\u0161jem nivoju. Super kriti\u010dna gumasta pena SCF EVA nudi ekstra lahkoten, odziven tek, medtem ko aktivna konstrukcija Active Foot Frame\u2122 s poudarkom na zadnjem delu copata ziba stopalo, blag gugalnik v prednjem delu pa omogo\u010da enakomeren in prijeten tek. Skyflow se upravi\u010deno pona\u0161a z bogatim, elegantnim zgornjim delom ter ekstra trpe\u017enim zunanjim podplatom, ki bo poskrbel za dober oprijem med va\u0161im tekom. Vsekakor copat, ki bo na novo definiral va\u0161o idejo &#8220;teka\u0161kega copata za dnevne treninge.&#8221;<\/p>\n<ul>\n<li>Elegantna in udobna konstrukcija ovratnika copata.<\/li>\n<li>The upper part of the slipper is made of jacquard wings.<\/li>\n<li>Double tongue thrust.<\/li>\n<li>Odsevni elementi za bolj\u0161o vidljivost.<\/li>\n<li>Vmesni podplat iz super kriti\u010dne pene SCF EVA.<\/li>\n<li>Active Foot Frame\u2122 construction with emphasis on the rear part of the shoe.<\/li>\n<li>Gugalnik (MetaRocker\u2122) v zgodnji fazi za enakomeren in udoben tek.<\/li>\n<li>Asimetri\u010dna konstrukcija vmesnega podplata.<\/li>\n<li>Trpe\u017ena podularna zasnova zunanjega podplata z visoko abrazijsko gumo.<\/li>\n<\/ul>\n<p><strong>RECOMMENDED FOR:<\/strong><br \/>\nRoad running<br \/>\nWalking<\/p>\n<p><strong>DATA<\/strong><br \/>\nFit: Medium<br \/>\nSurface: Road<br \/>\nCategory: Neutral<br \/>\nCushioning: Balanced<\/p>\n<p><strong>GEOMETRY<\/strong><br \/>\nDrop: 5 mm<br \/>\nFront: 35 mm<br \/>\nHeel: 40 mm<\/p>\n<p><strong>WEIGHT<\/strong><br \/>\n280 g<br \/>\nWeight for EU size 44.<\/p>\n<h3>Features<\/h3>\n<ul class=\"features\">\n<li>Foot type:\u00a0<strong>neutral<\/strong><\/li>\n<li>Shoe width:\u00a0<strong>normal<\/strong><\/li>\n<li>Damping:\u00a0<strong>balanced<\/strong><\/li>\n<\/ul>","protected":false},"excerpt":{"rendered":"<p><strong>DATA<\/strong><br \/>\nFit: Medium<br \/>\nSurface: Road<br \/>\nCategory: Neutral<br \/>\nCushioning: Balanced<\/p>","protected":false},"featured_media":5855,"comment_status":"closed","ping_status":"closed","template":"","meta":{"_acf_changed":false,"inline_featured_image":false,"_monsterinsights_skip_tracking":false,"_monsterinsights_sitenote_active":false,"_monsterinsights_sitenote_note":"","_monsterinsights_sitenote_category":0},"product_brand":[28],"product_cat":[71,70,19],"product_tag":[],"class_list":{"0":"post-5687","1":"product","2":"type-product","3":"status-publish","4":"has-post-thumbnail","6":"product_brand-hoka","7":"product_cat-moska-cestna-obutev","8":"product_cat-moska-obutev","9":"product_cat-tek-in-hoja","11":"first","12":"instock","13":"taxable","14":"shipping-taxable","15":"purchasable","16":"product-type-variable"},"acf":[],"aioseo_notices":[],"_links":{"self":[{"href":"https:\/\/olliesport.com\/en\/wp-json\/wp\/v2\/product\/5687","targetHints":{"allow":["GET"]}}],"collection":[{"href":"https:\/\/olliesport.com\/en\/wp-json\/wp\/v2\/product"}],"about":[{"href":"https:\/\/olliesport.com\/en\/wp-json\/wp\/v2\/types\/product"}],"replies":[{"embeddable":true,"href":"https:\/\/olliesport.com\/en\/wp-json\/wp\/v2\/comments?post=5687"}],"wp:featuredmedia":[{"embeddable":true,"href":"https:\/\/olliesport.com\/en\/wp-json\/wp\/v2\/media\/5855"}],"wp:attachment":[{"href":"https:\/\/olliesport.com\/en\/wp-json\/wp\/v2\/media?parent=5687"}],"wp:term":[{"taxonomy":"product_brand","embeddable":true,"href":"https:\/\/olliesport.com\/en\/wp-json\/wp\/v2\/product_brand?post=5687"},{"taxonomy":"product_cat","embeddable":true,"href":"https:\/\/olliesport.com\/en\/wp-json\/wp\/v2\/product_cat?post=5687"},{"taxonomy":"product_tag","embeddable":true,"href":"https:\/\/olliesport.com\/en\/wp-json\/wp\/v2\/product_tag?post=5687"}],"curies":[{"name":"wp","href":"https:\/\/api.w.org\/{rel}","templated":true}]}}