{"id":5187,"date":"2025-12-19T23:59:13","date_gmt":"2025-12-19T22:59:13","guid":{"rendered":"https:\/\/olliesport.com\/trgovina\/nekategorizirano\/tomir-gtx-blue-grey-9-43-1-3\/"},"modified":"2026-04-03T21:58:36","modified_gmt":"2026-04-03T19:58:36","slug":"nnormal-tomir-gtx","status":"publish","type":"product","link":"https:\/\/olliesport.com\/en\/trgovina\/tek-in-hoja\/moska-obutev\/moska-trail-obutev\/nnormal-tomir-gtx\/","title":{"rendered":"NNORMAL TOMIR GTX"},"content":{"rendered":"<p data-start=\"58\" data-end=\"407\">Zasnovan za najzahtevnej\u0161e razmere, Tomir 02 GORE-TEX v sivi barvi zagotavlja zanesljivo za\u0161\u010dito in suha stopala v vseh pogojih. Vzdr\u017eljivost in zmogljivost se zdru\u017eujeta z vodoodporno za\u0161\u010dito GORE-TEX za brezkompromisno premagovanje razgibanih poti in nepredvidljivega vremena. Hladen siv odtenek odra\u017ea gore \u2013 trpe\u017een, oster in pripravljen na vse.<\/p>\n<p data-start=\"409\" data-end=\"431\"><strong data-start=\"409\" data-end=\"431\">Key features:<\/strong><\/p>\n<ul data-start=\"432\" data-end=\"547\">\n<li data-start=\"432\" data-end=\"466\">\n<p data-start=\"434\" data-end=\"466\">Vi\u0161ina podplata: 25 mm \/ 33 mm<\/p>\n<\/li>\n<li data-start=\"467\" data-end=\"489\">\n<p data-start=\"469\" data-end=\"489\">Padec (drop): 8 mm<\/p>\n<\/li>\n<li data-start=\"490\" data-end=\"513\">\n<p data-start=\"492\" data-end=\"513\">Dol\u017eina \u010depov: 5 mm<\/p>\n<\/li>\n<li data-start=\"514\" data-end=\"547\">\n<p data-start=\"516\" data-end=\"547\">Te\u017ea: UK velikost 7.5 \u2013 282 g<\/p>\n<\/li>\n<\/ul>","protected":false},"excerpt":{"rendered":"<p>Vodoodporna membrana GORE-TEX\u00ae | VIBRAM\u00ae Megagrip | VIBRAM\u00ae Litebase | VIBRAM\u00ae Traction Lug | vmesni podplat EExpure<\/p>","protected":false},"featured_media":5439,"comment_status":"closed","ping_status":"closed","template":"","meta":{"_acf_changed":false,"inline_featured_image":false,"_monsterinsights_skip_tracking":false,"_monsterinsights_sitenote_active":false,"_monsterinsights_sitenote_note":"","_monsterinsights_sitenote_category":0},"product_brand":[229],"product_cat":[70,72,19],"product_tag":[],"class_list":{"0":"post-5187","1":"product","2":"type-product","3":"status-publish","4":"has-post-thumbnail","6":"product_brand-nnormal","7":"product_cat-moska-obutev","8":"product_cat-moska-trail-obutev","9":"product_cat-tek-in-hoja","11":"first","12":"instock","13":"taxable","14":"shipping-taxable","15":"purchasable","16":"product-type-variable"},"acf":[],"aioseo_notices":[],"_links":{"self":[{"href":"https:\/\/olliesport.com\/en\/wp-json\/wp\/v2\/product\/5187","targetHints":{"allow":["GET"]}}],"collection":[{"href":"https:\/\/olliesport.com\/en\/wp-json\/wp\/v2\/product"}],"about":[{"href":"https:\/\/olliesport.com\/en\/wp-json\/wp\/v2\/types\/product"}],"replies":[{"embeddable":true,"href":"https:\/\/olliesport.com\/en\/wp-json\/wp\/v2\/comments?post=5187"}],"wp:featuredmedia":[{"embeddable":true,"href":"https:\/\/olliesport.com\/en\/wp-json\/wp\/v2\/media\/5439"}],"wp:attachment":[{"href":"https:\/\/olliesport.com\/en\/wp-json\/wp\/v2\/media?parent=5187"}],"wp:term":[{"taxonomy":"product_brand","embeddable":true,"href":"https:\/\/olliesport.com\/en\/wp-json\/wp\/v2\/product_brand?post=5187"},{"taxonomy":"product_cat","embeddable":true,"href":"https:\/\/olliesport.com\/en\/wp-json\/wp\/v2\/product_cat?post=5187"},{"taxonomy":"product_tag","embeddable":true,"href":"https:\/\/olliesport.com\/en\/wp-json\/wp\/v2\/product_tag?post=5187"}],"curies":[{"name":"wp","href":"https:\/\/api.w.org\/{rel}","templated":true}]}}