{"id":5117,"date":"2025-12-18T12:58:20","date_gmt":"2025-12-18T11:58:20","guid":{"rendered":"https:\/\/olliesport.com\/trgovina\/nekategorizirano\/kjerag-20-burgundy-95-44\/"},"modified":"2026-04-03T21:58:31","modified_gmt":"2026-04-03T19:58:31","slug":"kjerag-20-burgundy-95-44","status":"publish","type":"product","link":"https:\/\/olliesport.com\/en\/trgovina\/tek-in-hoja\/moska-obutev\/moska-trail-obutev\/kjerag-20-burgundy-95-44\/","title":{"rendered":"NNORMAL KJERAG 02"},"content":{"rendered":"<p data-start=\"68\" data-end=\"293\">V globokem bordo odtenku, idealnem za trail tek v vseh razmerah, Kjerag 02 zdru\u017euje slog in zmogljivost. Zasnovan je za hiter tek po brezpotjih ter nudi ve\u010d odzivnosti, ve\u010d udobja in \u0161e bolj\u0161e zmogljivosti kot kdaj koli prej.<\/p>\n<p data-start=\"295\" data-end=\"317\"><strong data-start=\"295\" data-end=\"317\">Key features:<\/strong><\/p>\n<ul data-start=\"318\" data-end=\"435\">\n<li data-start=\"318\" data-end=\"352\">\n<p data-start=\"320\" data-end=\"352\">Vi\u0161ina podplata: 20 mm \/ 26 mm<\/p>\n<\/li>\n<li data-start=\"353\" data-end=\"375\">\n<p data-start=\"355\" data-end=\"375\">Padec (drop): 6 mm<\/p>\n<\/li>\n<li data-start=\"376\" data-end=\"401\">\n<p data-start=\"378\" data-end=\"401\">Dol\u017eina \u010depov: 3,5 mm<\/p>\n<\/li>\n<li data-start=\"402\" data-end=\"435\">\n<p data-start=\"404\" data-end=\"435\">Te\u017ea: UK velikost 7.5 \u2013 214 g<\/p>\n<\/li>\n<\/ul>","protected":false},"excerpt":{"rendered":"<p>Matryx\u00ae Jacquard enoslojni zgornji del | VIBRAM\u00ae Megagrip | VIBRAM\u00ae Litebase | vmesni podplat EExpure+ | na osnovi TPE \u2013 35 % ve\u010dji odboj in pro\u017enost<\/p>","protected":false},"featured_media":5369,"comment_status":"closed","ping_status":"closed","template":"","meta":{"_acf_changed":false,"inline_featured_image":false,"_monsterinsights_skip_tracking":false,"_monsterinsights_sitenote_active":false,"_monsterinsights_sitenote_note":"","_monsterinsights_sitenote_category":0},"product_brand":[229],"product_cat":[70,72,19],"product_tag":[],"class_list":{"0":"post-5117","1":"product","2":"type-product","3":"status-publish","4":"has-post-thumbnail","6":"product_brand-nnormal","7":"product_cat-moska-obutev","8":"product_cat-moska-trail-obutev","9":"product_cat-tek-in-hoja","11":"first","12":"instock","13":"taxable","14":"shipping-taxable","15":"purchasable","16":"product-type-variable"},"acf":[],"aioseo_notices":[],"_links":{"self":[{"href":"https:\/\/olliesport.com\/en\/wp-json\/wp\/v2\/product\/5117","targetHints":{"allow":["GET"]}}],"collection":[{"href":"https:\/\/olliesport.com\/en\/wp-json\/wp\/v2\/product"}],"about":[{"href":"https:\/\/olliesport.com\/en\/wp-json\/wp\/v2\/types\/product"}],"replies":[{"embeddable":true,"href":"https:\/\/olliesport.com\/en\/wp-json\/wp\/v2\/comments?post=5117"}],"wp:featuredmedia":[{"embeddable":true,"href":"https:\/\/olliesport.com\/en\/wp-json\/wp\/v2\/media\/5369"}],"wp:attachment":[{"href":"https:\/\/olliesport.com\/en\/wp-json\/wp\/v2\/media?parent=5117"}],"wp:term":[{"taxonomy":"product_brand","embeddable":true,"href":"https:\/\/olliesport.com\/en\/wp-json\/wp\/v2\/product_brand?post=5117"},{"taxonomy":"product_cat","embeddable":true,"href":"https:\/\/olliesport.com\/en\/wp-json\/wp\/v2\/product_cat?post=5117"},{"taxonomy":"product_tag","embeddable":true,"href":"https:\/\/olliesport.com\/en\/wp-json\/wp\/v2\/product_tag?post=5117"}],"curies":[{"name":"wp","href":"https:\/\/api.w.org\/{rel}","templated":true}]}}