{"id":4004,"date":"2025-11-13T09:56:07","date_gmt":"2025-11-13T08:56:07","guid":{"rendered":"https:\/\/olliesport.click.si\/trgovina\/nekategorizirano\/sidas-nogavice-ski-expert-lady-bord-41-42\/"},"modified":"2026-04-16T20:58:38","modified_gmt":"2026-04-16T18:58:38","slug":"sidas-nogavice-ski-expert-lady-bord-41-42","status":"publish","type":"product","link":"https:\/\/olliesport.com\/en\/trgovina\/smucanje\/dodatki-za-smucanje\/smucarske-nogavice\/sidas-nogavice-ski-expert-lady-bord-41-42\/","title":{"rendered":"SIDAS SOCKS SKI EXPERT"},"content":{"rendered":"<article class=\"text-token-text-primary w-full focus:outline-none [--shadow-height:45px] has-data-writing-block:pointer-events-none has-data-writing-block:-mt-(--shadow-height) has-data-writing-block:pt-(--shadow-height) [&amp;:has([data-writing-block])&gt;*]:pointer-events-auto [content-visibility:auto] supports-[content-visibility:auto]:[contain-intrinsic-size:auto_100lvh] scroll-mt-[calc(var(--header-height)+min(200px,max(70px,20svh)))]\" dir=\"auto\" tabindex=\"-1\" data-turn-id=\"request-WEB:54c71bdb-a470-4c48-8ad6-4d4e700c9e62-15\" data-testid=\"conversation-turn-32\" data-scroll-anchor=\"true\" data-turn=\"assistant\">\n<div class=\"text-base my-auto mx-auto pb-10 [--thread-content-margin:--spacing(4)] thread-sm:[--thread-content-margin:--spacing(6)] thread-lg:[--thread-content-margin:--spacing(16)] px-(--thread-content-margin)\">\n<div class=\"[--thread-content-max-width:40rem] thread-lg:[--thread-content-max-width:48rem] mx-auto max-w-(--thread-content-max-width) flex-1 group\/turn-messages focus-visible:outline-hidden relative flex w-full min-w-0 flex-col agent-turn\" tabindex=\"-1\">\n<div class=\"flex max-w-full flex-col grow\">\n<div class=\"min-h-8 text-message relative flex w-full flex-col items-end gap-2 text-start break-words whitespace-normal [.text-message+&amp;]:mt-1\" dir=\"auto\" data-message-author-role=\"assistant\" data-message-id=\"26d281a6-4a15-4b7e-8451-c2f5657343f0\" data-message-model-slug=\"gpt-5-mini\">\n<div class=\"flex w-full flex-col gap-1 empty:hidden first:pt-[1px]\">\n<div class=\"markdown prose dark:prose-invert w-full break-words light markdown-new-styling\">\n<p data-start=\"0\" data-end=\"384\">Smu\u010darske nogavice <strong data-start=\"19\" data-end=\"33\">Ski Expert<\/strong> zdru\u017eujejo tehni\u010dno inovacijo z ekolo\u0161ko ozave\u0161\u010denostjo. Izdelane so iz <strong data-start=\"106\" data-end=\"134\">98 % recikliranih vlaken<\/strong>, kar smu\u010darjem nudi izjemno za\u0161\u010dito in udobje, hkrati pa zmanj\u0161uje vpliv na okolje. Njihova skrbno zasnovana anatomska oblika omogo\u010da odli\u010dno podporo, okrepljeno za\u0161\u010dito na ob\u010dutljivih obmo\u010djih in se popolnoma prilagaja gibanju stopal na smu\u010di\u0161\u010du.<\/p>\n<p data-start=\"386\" data-end=\"409\"><strong data-start=\"386\" data-end=\"407\">Klju\u010dne prednosti<\/strong><\/p>\n<ul data-start=\"410\" data-end=\"794\">\n<li data-start=\"410\" data-end=\"528\">\n<p data-start=\"412\" data-end=\"528\"><strong data-start=\"412\" data-end=\"435\">Reciklirana vlakna:<\/strong> 98 % recikliranih vlaken za zmanj\u0161anje okoljskega odtisa brez kompromisa pri zmogljivosti.<\/p>\n<\/li>\n<li data-start=\"529\" data-end=\"671\">\n<p data-start=\"531\" data-end=\"671\"><strong data-start=\"531\" data-end=\"554\">Udobje in bla\u017eenje:<\/strong> Specifi\u010dne oja\u010ditve na peti, prstih in goleni za absorpcijo udarcev in za\u0161\u010dito ob\u010dutljivih podro\u010dij med smu\u010danjem.<\/p>\n<\/li>\n<li data-start=\"672\" data-end=\"794\">\n<p data-start=\"674\" data-end=\"794\"><strong data-start=\"674\" data-end=\"694\">Optimalna opora:<\/strong> Zmerna napetost okoli stopala zagotavlja izjemno stabilnost in podporo za varen smu\u010darski podvig.<\/p>\n<\/li>\n<\/ul>\n<p data-start=\"796\" data-end=\"814\"><strong data-start=\"796\" data-end=\"812\">Konstrukcija<\/strong><\/p>\n<ul data-start=\"815\" data-end=\"1172\" data-is-last-node=\"\" data-is-only-node=\"\">\n<li data-start=\"815\" data-end=\"879\">\n<p data-start=\"817\" data-end=\"879\"><strong data-start=\"817\" data-end=\"830\">In &amp; Out:<\/strong> Zagotavlja uravnote\u017eeno udobje in zmogljivost.<\/p>\n<\/li>\n<li data-start=\"880\" data-end=\"944\">\n<p data-start=\"882\" data-end=\"944\"><strong data-start=\"882\" data-end=\"903\">Anatomska oblika:<\/strong> Prilagojena naravnemu gibanju stopala.<\/p>\n<\/li>\n<li data-start=\"945\" data-end=\"1006\">\n<p data-start=\"947\" data-end=\"1006\"><strong data-start=\"947\" data-end=\"974\">Ciljno oja\u010dana za\u0161\u010dita:<\/strong> \u0160\u010ditijo golen, peto in prste.<\/p>\n<\/li>\n<li data-start=\"1007\" data-end=\"1069\">\n<p data-start=\"1009\" data-end=\"1069\"><strong data-start=\"1009\" data-end=\"1028\">Rebrast man\u0161et:<\/strong> Zagotavlja tesno in udobno prileganje.<\/p>\n<\/li>\n<li data-start=\"1070\" data-end=\"1172\" data-is-last-node=\"\">\n<p data-start=\"1072\" data-end=\"1172\" data-is-last-node=\"\"><strong data-start=\"1072\" data-end=\"1093\">Srednja debelina:<\/strong> Idealna za popolno ravnovesje med toplino in prileganjem v smu\u010darskih \u010devljih.<\/p>\n<\/li>\n<\/ul>\n<\/div>\n<\/div>\n<\/div>\n<\/div>\n<div class=\"z-0 flex min-h-[46px] justify-start\"><\/div>\n<\/div>\n<\/div>\n<\/article>\n<div class=\"pointer-events-none h-px w-px\" aria-hidden=\"true\" data-edge=\"true\"><\/div>\n","protected":false},"excerpt":{"rendered":"<article class=\"text-token-text-primary w-full focus:outline-none [--shadow-height:45px] has-data-writing-block:pointer-events-none has-data-writing-block:-mt-(--shadow-height) has-data-writing-block:pt-(--shadow-height) [&amp;:has([data-writing-block])&gt;*]:pointer-events-auto [content-visibility:auto] supports-[content-visibility:auto]:[contain-intrinsic-size:auto_100lvh] scroll-mt-[calc(var(--header-height)+min(200px,max(70px,20svh)))]\" dir=\"auto\" tabindex=\"-1\" data-turn-id=\"request-WEB:54c71bdb-a470-4c48-8ad6-4d4e700c9e62-15\" data-testid=\"conversation-turn-32\" data-scroll-anchor=\"true\" data-turn=\"assistant\">\n<div class=\"text-base my-auto mx-auto pb-10 [--thread-content-margin:--spacing(4)] thread-sm:[--thread-content-margin:--spacing(6)] thread-lg:[--thread-content-margin:--spacing(16)] px-(--thread-content-margin)\">\n<div class=\"[--thread-content-max-width:40rem] thread-lg:[--thread-content-max-width:48rem] mx-auto max-w-(--thread-content-max-width) flex-1 group\/turn-messages focus-visible:outline-hidden relative flex w-full min-w-0 flex-col agent-turn\" tabindex=\"-1\">\n<div class=\"flex max-w-full flex-col grow\">\n<div class=\"min-h-8 text-message relative flex w-full flex-col items-end gap-2 text-start break-words whitespace-normal [.text-message+&amp;]:mt-1\" dir=\"auto\" data-message-author-role=\"assistant\" data-message-id=\"26d281a6-4a15-4b7e-8451-c2f5657343f0\" data-message-model-slug=\"gpt-5-mini\">\n<div class=\"flex w-full flex-col gap-1 empty:hidden first:pt-[1px]\">\n<div class=\"markdown prose dark:prose-invert w-full break-words light markdown-new-styling\">\n<ul data-start=\"815\" data-end=\"1172\" data-is-last-node=\"\" data-is-only-node=\"\">\n<li data-start=\"815\" data-end=\"879\">\n<p data-start=\"817\" data-end=\"879\"><strong data-start=\"817\" data-end=\"830\">In &amp; Out:<\/strong> Zagotavlja uravnote\u017eeno udobje in zmogljivost.<\/p>\n<\/li>\n<li data-start=\"880\" data-end=\"944\">\n<p data-start=\"882\" data-end=\"944\"><strong data-start=\"882\" data-end=\"903\">Anatomska oblika:<\/strong> Prilagojena naravnemu gibanju stopala.<\/p>\n<\/li>\n<li data-start=\"945\" data-end=\"1006\">\n<p data-start=\"947\" data-end=\"1006\"><strong data-start=\"947\" data-end=\"974\">Ciljno oja\u010dana za\u0161\u010dita:<\/strong> \u0160\u010ditijo golen, peto in prste.<\/p>\n<\/li>\n<li data-start=\"1007\" data-end=\"1069\">\n<p data-start=\"1009\" data-end=\"1069\"><strong data-start=\"1009\" data-end=\"1028\">Rebrast man\u0161et:<\/strong> Zagotavlja tesno in udobno prileganje.<\/p>\n<\/li>\n<li data-start=\"1070\" data-end=\"1172\" data-is-last-node=\"\">\n<p data-start=\"1072\" data-end=\"1172\" data-is-last-node=\"\"><strong data-start=\"1072\" data-end=\"1093\">Srednja debelina:<\/strong> Idealna za popolno ravnovesje med toplino in prileganjem v smu\u010darskih \u010devljih.<\/p>\n<\/li>\n<\/ul>\n<\/div>\n<\/div>\n<\/div>\n<\/div>\n<div class=\"z-0 flex min-h-[46px] justify-start\"><\/div>\n<\/div>\n<\/div>\n<\/article>\n<div class=\"pointer-events-none h-px w-px\" aria-hidden=\"true\" data-edge=\"true\"><\/div>\n","protected":false},"featured_media":4466,"comment_status":"open","ping_status":"closed","template":"","meta":{"_acf_changed":false,"inline_featured_image":false,"_monsterinsights_skip_tracking":false,"_monsterinsights_sitenote_active":false,"_monsterinsights_sitenote_note":"","_monsterinsights_sitenote_category":0},"product_brand":[36],"product_cat":[124,21,91],"product_tag":[],"class_list":{"0":"post-4004","1":"product","2":"type-product","3":"status-publish","4":"has-post-thumbnail","6":"product_brand-sidas","7":"product_cat-dodatki-za-smucanje","8":"product_cat-smucanje","9":"product_cat-smucarske-nogavice","11":"first","12":"instock","13":"taxable","14":"shipping-taxable","15":"purchasable","16":"product-type-variable"},"acf":[],"aioseo_notices":[],"_links":{"self":[{"href":"https:\/\/olliesport.com\/en\/wp-json\/wp\/v2\/product\/4004","targetHints":{"allow":["GET"]}}],"collection":[{"href":"https:\/\/olliesport.com\/en\/wp-json\/wp\/v2\/product"}],"about":[{"href":"https:\/\/olliesport.com\/en\/wp-json\/wp\/v2\/types\/product"}],"replies":[{"embeddable":true,"href":"https:\/\/olliesport.com\/en\/wp-json\/wp\/v2\/comments?post=4004"}],"wp:featuredmedia":[{"embeddable":true,"href":"https:\/\/olliesport.com\/en\/wp-json\/wp\/v2\/media\/4466"}],"wp:attachment":[{"href":"https:\/\/olliesport.com\/en\/wp-json\/wp\/v2\/media?parent=4004"}],"wp:term":[{"taxonomy":"product_brand","embeddable":true,"href":"https:\/\/olliesport.com\/en\/wp-json\/wp\/v2\/product_brand?post=4004"},{"taxonomy":"product_cat","embeddable":true,"href":"https:\/\/olliesport.com\/en\/wp-json\/wp\/v2\/product_cat?post=4004"},{"taxonomy":"product_tag","embeddable":true,"href":"https:\/\/olliesport.com\/en\/wp-json\/wp\/v2\/product_tag?post=4004"}],"curies":[{"name":"wp","href":"https:\/\/api.w.org\/{rel}","templated":true}]}}