{"id":2257,"date":"2025-10-29T14:54:12","date_gmt":"2025-10-29T13:54:12","guid":{"rendered":"https:\/\/olliesport.click.si\/trgovina\/uncategorized\/tecnica-mach1-lv-105-w-td2-gw-3\/"},"modified":"2026-01-22T14:34:17","modified_gmt":"2026-01-22T13:34:17","slug":"tecnica-mach1-lv-105-w-td2-gw-3","status":"publish","type":"product","link":"https:\/\/olliesport.com\/en\/trgovina\/smucanje\/pancarji\/on-piste-zenski\/tecnica-mach1-lv-105-w-td2-gw-3\/","title":{"rendered":"Tecnica MACH1 LV 105 W TD2 GW"},"content":{"rendered":"<p><strong>Last (width):<\/strong> 98 mm<br \/>\n<strong>Flex:<\/strong> 105<br \/>\n<strong>Volume:<\/strong> LV (low volume)<\/p>\n<p><strong>Description:<\/strong><br \/>\nNovi <strong>Mach1 LV 105 W<\/strong> je zasnovan za \u017eenske z ozkim stopalom, ki \u017eelijo dosledno zmogljivost brez kompromisa pri ob\u010dutku. \u0160koljka in notranji \u010develj nudita odli\u010dno prileganje \u017ee takoj iz \u0161katle, z obse\u017enimi mo\u017enostmi prilagajanja in izbolj\u0161ano enostavnostjo obuvanja in sezuvanja. Posodobljen zadnji sistem <strong>T-Drive 2.0<\/strong> zagotavlja gladek, progresiven in dosleden flex ter brezhiben prenos mo\u010di, ki bo zagotavljal hitre kroge brez preobremenitve stegenskih mi\u0161ic.<\/p>","protected":false},"excerpt":{"rendered":"<p>Novi <strong>Mach1 LV 105 W<\/strong> je zasnovan za \u017eenske z ozkim stopalom, ki \u017eelijo dosledno zmogljivost brez kompromisa pri ob\u010dutku.<\/p>\n<p><strong>Last (width):<\/strong> 98 mm<br \/>\n<strong>Flex:<\/strong> 105<br \/>\n<strong>Volume:<\/strong> LV (low volume)<\/p>","protected":false},"featured_media":4092,"comment_status":"closed","ping_status":"closed","template":"","meta":{"_acf_changed":false,"inline_featured_image":false,"_monsterinsights_skip_tracking":false,"_monsterinsights_sitenote_active":false,"_monsterinsights_sitenote_note":"","_monsterinsights_sitenote_category":0},"product_brand":[150],"product_cat":[113,92,21],"product_tag":[],"class_list":{"0":"post-2257","1":"product","2":"type-product","3":"status-publish","4":"has-post-thumbnail","6":"product_brand-tecnica","7":"product_cat-on-piste-zenski","8":"product_cat-pancarji","9":"product_cat-smucanje","11":"first","12":"instock","13":"sale","14":"taxable","15":"shipping-taxable","16":"purchasable","17":"product-type-variable"},"acf":[],"aioseo_notices":[],"_links":{"self":[{"href":"https:\/\/olliesport.com\/en\/wp-json\/wp\/v2\/product\/2257","targetHints":{"allow":["GET"]}}],"collection":[{"href":"https:\/\/olliesport.com\/en\/wp-json\/wp\/v2\/product"}],"about":[{"href":"https:\/\/olliesport.com\/en\/wp-json\/wp\/v2\/types\/product"}],"replies":[{"embeddable":true,"href":"https:\/\/olliesport.com\/en\/wp-json\/wp\/v2\/comments?post=2257"}],"wp:featuredmedia":[{"embeddable":true,"href":"https:\/\/olliesport.com\/en\/wp-json\/wp\/v2\/media\/4092"}],"wp:attachment":[{"href":"https:\/\/olliesport.com\/en\/wp-json\/wp\/v2\/media?parent=2257"}],"wp:term":[{"taxonomy":"product_brand","embeddable":true,"href":"https:\/\/olliesport.com\/en\/wp-json\/wp\/v2\/product_brand?post=2257"},{"taxonomy":"product_cat","embeddable":true,"href":"https:\/\/olliesport.com\/en\/wp-json\/wp\/v2\/product_cat?post=2257"},{"taxonomy":"product_tag","embeddable":true,"href":"https:\/\/olliesport.com\/en\/wp-json\/wp\/v2\/product_tag?post=2257"}],"curies":[{"name":"wp","href":"https:\/\/api.w.org\/{rel}","templated":true}]}}