{"id":2254,"date":"2025-10-29T14:54:10","date_gmt":"2025-10-29T13:54:10","guid":{"rendered":"https:\/\/olliesport.click.si\/trgovina\/uncategorized\/tecnica-mach1-19-mono-soles\/"},"modified":"2026-04-16T22:58:34","modified_gmt":"2026-04-16T20:58:34","slug":"tecnica-mach1-19-mono-soles","status":"publish","type":"product","link":"https:\/\/olliesport.com\/en\/trgovina\/smucanje\/dodatki-za-smucanje\/ostali-dodatki-za-smucanje\/tecnica-mach1-19-mono-soles\/","title":{"rendered":"Tecnica mach1 (19) mono soles"},"content":{"rendered":"<p>Trpe\u017een in vzdr\u017eljiv, popoln za zamenjavo obrabljenih ali po\u0161kodovanih podplatov na smu\u010darskih \u010devljih.<br data-start=\"103\" data-end=\"106\" \/>Enostavna zamenjava.<br data-start=\"126\" data-end=\"129\" \/>Primerno za vse modele <strong data-start=\"152\" data-end=\"169\">Tecnica Mach1<\/strong>.<br data-start=\"170\" data-end=\"173\" \/>Za dolgo \u017eivljenjsko dobo va\u0161ih smu\u010darskih \u010devljev <strong data-start=\"224\" data-end=\"233\">Mach1<\/strong>.<\/p>","protected":false},"excerpt":{"rendered":"<p>Trpe\u017een in vzdr\u017eljiv, popoln za zamenjavo obrabljenih ali po\u0161kodovanih podplatov na smu\u010darskih \u010devljih.<br data-start=\"103\" data-end=\"106\" \/>Enostavna zamenjava.<br data-start=\"126\" data-end=\"129\" \/>Primerno za vse modele <strong data-start=\"152\" data-end=\"169\">Tecnica Mach1<\/strong>.<br data-start=\"170\" data-end=\"173\" \/>Za dolgo \u017eivljenjsko dobo va\u0161ih smu\u010darskih \u010devljev <strong data-start=\"224\" data-end=\"233\">Mach1<\/strong>.<\/p>","protected":false},"featured_media":2569,"comment_status":"open","ping_status":"closed","template":"","meta":{"_acf_changed":false,"inline_featured_image":false,"_monsterinsights_skip_tracking":false,"_monsterinsights_sitenote_active":false,"_monsterinsights_sitenote_note":"","_monsterinsights_sitenote_category":0},"product_brand":[150],"product_cat":[124,130,92,21],"product_tag":[],"class_list":{"0":"post-2254","1":"product","2":"type-product","3":"status-publish","4":"has-post-thumbnail","6":"product_brand-tecnica","7":"product_cat-dodatki-za-smucanje","8":"product_cat-ostali-dodatki-za-smucanje","9":"product_cat-pancarji","10":"product_cat-smucanje","12":"first","13":"instock","14":"taxable","15":"shipping-taxable","16":"purchasable","17":"product-type-simple"},"acf":[],"aioseo_notices":[],"_links":{"self":[{"href":"https:\/\/olliesport.com\/en\/wp-json\/wp\/v2\/product\/2254","targetHints":{"allow":["GET"]}}],"collection":[{"href":"https:\/\/olliesport.com\/en\/wp-json\/wp\/v2\/product"}],"about":[{"href":"https:\/\/olliesport.com\/en\/wp-json\/wp\/v2\/types\/product"}],"replies":[{"embeddable":true,"href":"https:\/\/olliesport.com\/en\/wp-json\/wp\/v2\/comments?post=2254"}],"wp:featuredmedia":[{"embeddable":true,"href":"https:\/\/olliesport.com\/en\/wp-json\/wp\/v2\/media\/2569"}],"wp:attachment":[{"href":"https:\/\/olliesport.com\/en\/wp-json\/wp\/v2\/media?parent=2254"}],"wp:term":[{"taxonomy":"product_brand","embeddable":true,"href":"https:\/\/olliesport.com\/en\/wp-json\/wp\/v2\/product_brand?post=2254"},{"taxonomy":"product_cat","embeddable":true,"href":"https:\/\/olliesport.com\/en\/wp-json\/wp\/v2\/product_cat?post=2254"},{"taxonomy":"product_tag","embeddable":true,"href":"https:\/\/olliesport.com\/en\/wp-json\/wp\/v2\/product_tag?post=2254"}],"curies":[{"name":"wp","href":"https:\/\/api.w.org\/{rel}","templated":true}]}}