{"id":2251,"date":"2025-10-29T14:54:10","date_gmt":"2025-10-29T13:54:10","guid":{"rendered":"https:\/\/olliesport.click.si\/trgovina\/uncategorized\/tecnica-mach-sport-mv-85-w-gw-ink-blue\/"},"modified":"2026-04-17T00:58:38","modified_gmt":"2026-04-16T22:58:38","slug":"tecnica-mach-sport-mv-85-w-gw-ink-blue","status":"publish","type":"product","link":"https:\/\/olliesport.com\/en\/trgovina\/smucanje\/pancarji\/on-piste-zenski\/tecnica-mach-sport-mv-85-w-gw-ink-blue\/","title":{"rendered":"TECNICA MACH SPORT MV 85 W GW"},"content":{"rendered":"<p><strong>Last (width):<\/strong> 100mm<br \/>\n<strong>Flex:<\/strong> 85<br \/>\n<strong>Volume:<\/strong> MV (Medium Volume)<\/p>\n<p><strong>Description:<\/strong><br \/>\n<strong>Mach Sport MV 85 W<\/strong> je smu\u010darski \u010develj, ki nudi udobje in samozavest. Namenjen je \u017eenskam z vmesnim znanjem smu\u010danja in stopali srednjega volumna. Na\u0161 \u017eenski naravni polo\u017eaj stopala v kombinaciji z anatomsko oblikovanim kopitom ter notranjim \u010develjem <strong>NFS<\/strong> with technology <strong>Celliant<\/strong> zagotavlja toplo, udobno in varno prileganje.<\/p>\n<p>&nbsp;<\/p>","protected":false},"excerpt":{"rendered":"<p><strong>Mach Sport MV 85 W<\/strong> is a ski boot that offers comfort and confidence.<\/p>\n<p><strong>Last (width):<\/strong> 100mm<br \/>\n<strong>Flex:<\/strong> 85<br \/>\n<strong>Volume:<\/strong> MV (Medium Volume)<\/p>","protected":false},"featured_media":2570,"comment_status":"closed","ping_status":"closed","template":"","meta":{"_acf_changed":false,"inline_featured_image":false,"_monsterinsights_skip_tracking":false,"_monsterinsights_sitenote_active":false,"_monsterinsights_sitenote_note":"","_monsterinsights_sitenote_category":0},"product_brand":[150],"product_cat":[113,92,21],"product_tag":[],"class_list":{"0":"post-2251","1":"product","2":"type-product","3":"status-publish","4":"has-post-thumbnail","6":"product_brand-tecnica","7":"product_cat-on-piste-zenski","8":"product_cat-pancarji","9":"product_cat-smucanje","11":"first","12":"instock","13":"sale","14":"taxable","15":"shipping-taxable","16":"purchasable","17":"product-type-variable"},"acf":[],"aioseo_notices":[],"_links":{"self":[{"href":"https:\/\/olliesport.com\/en\/wp-json\/wp\/v2\/product\/2251","targetHints":{"allow":["GET"]}}],"collection":[{"href":"https:\/\/olliesport.com\/en\/wp-json\/wp\/v2\/product"}],"about":[{"href":"https:\/\/olliesport.com\/en\/wp-json\/wp\/v2\/types\/product"}],"replies":[{"embeddable":true,"href":"https:\/\/olliesport.com\/en\/wp-json\/wp\/v2\/comments?post=2251"}],"wp:featuredmedia":[{"embeddable":true,"href":"https:\/\/olliesport.com\/en\/wp-json\/wp\/v2\/media\/2570"}],"wp:attachment":[{"href":"https:\/\/olliesport.com\/en\/wp-json\/wp\/v2\/media?parent=2251"}],"wp:term":[{"taxonomy":"product_brand","embeddable":true,"href":"https:\/\/olliesport.com\/en\/wp-json\/wp\/v2\/product_brand?post=2251"},{"taxonomy":"product_cat","embeddable":true,"href":"https:\/\/olliesport.com\/en\/wp-json\/wp\/v2\/product_cat?post=2251"},{"taxonomy":"product_tag","embeddable":true,"href":"https:\/\/olliesport.com\/en\/wp-json\/wp\/v2\/product_tag?post=2251"}],"curies":[{"name":"wp","href":"https:\/\/api.w.org\/{rel}","templated":true}]}}