{"id":2250,"date":"2025-10-29T14:54:10","date_gmt":"2025-10-29T13:54:10","guid":{"rendered":"https:\/\/olliesport.click.si\/trgovina\/uncategorized\/tecnica-mach-sport-mv-100-gw-2\/"},"modified":"2026-04-17T00:58:38","modified_gmt":"2026-04-16T22:58:38","slug":"tecnica-mach-sport-mv-100-gw","status":"publish","type":"product","link":"https:\/\/olliesport.com\/en\/trgovina\/smucanje\/pancarji\/on-piste-moski\/tecnica-mach-sport-mv-100-gw\/","title":{"rendered":"TECNICA MACH SPORT MV 100 GW"},"content":{"rendered":"<p><strong>Last 100<\/strong><\/p>\n<p><strong>Flex 100<\/strong><\/p>\n<p><strong>Volume MV<\/strong><\/p>\n<p>Mach Sport MV 100 je zasnovan za smu\u010darje srednjega znanja z normalno \u0161irino stopala. Poudarek je na toploti, udobju in enostavnosti uporabe. Anatomsko oblikovan NFS notranji \u010develj je topel in nudi podporo, zato so pancarji udobni \u017ee takoj po obuvanju. \u010ce je potrebno, lahko z Tecnica C.A.S. sistemom prilagodi\u0161 tudi zunanji del za \u0161e bolj\u0161o prileganje.<\/p>","protected":false},"excerpt":{"rendered":"<p>Mach Sport MV 100 je zasnovan za smu\u010darje srednjega znanja z normalno \u0161irino stopala.<\/p>\n<p><strong>Last 100mm<\/strong><\/p>\n<p><strong>Flex 100<\/strong><\/p>\n<p><strong>Volume MV<\/strong><\/p>","protected":false},"featured_media":2576,"comment_status":"closed","ping_status":"closed","template":"","meta":{"_acf_changed":false,"inline_featured_image":false,"_monsterinsights_skip_tracking":false,"_monsterinsights_sitenote_active":false,"_monsterinsights_sitenote_note":"","_monsterinsights_sitenote_category":0},"product_brand":[150],"product_cat":[112,92,21],"product_tag":[],"class_list":{"0":"post-2250","1":"product","2":"type-product","3":"status-publish","4":"has-post-thumbnail","6":"product_brand-tecnica","7":"product_cat-on-piste-moski","8":"product_cat-pancarji","9":"product_cat-smucanje","11":"first","12":"instock","13":"sale","14":"taxable","15":"shipping-taxable","16":"purchasable","17":"product-type-variable"},"acf":[],"aioseo_notices":[],"_links":{"self":[{"href":"https:\/\/olliesport.com\/en\/wp-json\/wp\/v2\/product\/2250","targetHints":{"allow":["GET"]}}],"collection":[{"href":"https:\/\/olliesport.com\/en\/wp-json\/wp\/v2\/product"}],"about":[{"href":"https:\/\/olliesport.com\/en\/wp-json\/wp\/v2\/types\/product"}],"replies":[{"embeddable":true,"href":"https:\/\/olliesport.com\/en\/wp-json\/wp\/v2\/comments?post=2250"}],"wp:featuredmedia":[{"embeddable":true,"href":"https:\/\/olliesport.com\/en\/wp-json\/wp\/v2\/media\/2576"}],"wp:attachment":[{"href":"https:\/\/olliesport.com\/en\/wp-json\/wp\/v2\/media?parent=2250"}],"wp:term":[{"taxonomy":"product_brand","embeddable":true,"href":"https:\/\/olliesport.com\/en\/wp-json\/wp\/v2\/product_brand?post=2250"},{"taxonomy":"product_cat","embeddable":true,"href":"https:\/\/olliesport.com\/en\/wp-json\/wp\/v2\/product_cat?post=2250"},{"taxonomy":"product_tag","embeddable":true,"href":"https:\/\/olliesport.com\/en\/wp-json\/wp\/v2\/product_tag?post=2250"}],"curies":[{"name":"wp","href":"https:\/\/api.w.org\/{rel}","templated":true}]}}