{"id":2140,"date":"2025-10-29T14:53:54","date_gmt":"2025-10-29T13:53:54","guid":{"rendered":"https:\/\/olliesport.click.si\/trgovina\/uncategorized\/ski-boot-traction-black\/"},"modified":"2026-04-16T22:58:32","modified_gmt":"2026-04-16T20:58:32","slug":"ski-boot-traction-black","status":"publish","type":"product","link":"https:\/\/olliesport.com\/en\/trgovina\/smucanje\/dodatki-za-smucanje\/ostali-dodatki-za-smucanje\/ski-boot-traction-black\/","title":{"rendered":"SKI BOOT TRACTION BLACK"},"content":{"rendered":"<p data-start=\"0\" data-end=\"172\">Njihova <strong data-start=\"8\" data-end=\"43\">zo\u017eena oblika na sprednjem delu<\/strong> omogo\u010da la\u017eje gibanje stopala, <strong data-start=\"75\" data-end=\"123\">asimetri\u010dna zasnova z zobmi (crampon design)<\/strong> pa zagotavlja ve\u010djo varnost pri hoji po snegu.<\/p>\n<ul data-start=\"174\" data-end=\"400\">\n<li data-start=\"174\" data-end=\"204\">\n<p data-start=\"176\" data-end=\"204\"><strong data-start=\"176\" data-end=\"202\">Pro\u017ena in odporna guma<\/strong><\/p>\n<\/li>\n<li data-start=\"205\" data-end=\"255\">\n<p data-start=\"207\" data-end=\"255\"><strong data-start=\"207\" data-end=\"225\">Notranji okvir<\/strong> za bolj\u0161i oprijem na \u010devlju<\/p>\n<\/li>\n<li data-start=\"256\" data-end=\"284\">\n<p data-start=\"258\" data-end=\"284\"><strong data-start=\"258\" data-end=\"282\">Univerzalna velikost<\/strong><\/p>\n<\/li>\n<li data-start=\"285\" data-end=\"314\">\n<p data-start=\"287\" data-end=\"314\">Na voljo v <strong data-start=\"298\" data-end=\"312\">ve\u010d barvah<\/strong><\/p>\n<\/li>\n<li data-start=\"315\" data-end=\"362\">\n<p data-start=\"317\" data-end=\"362\">Omogo\u010da <strong data-start=\"325\" data-end=\"360\">la\u017ejo hojo v smu\u010darskih \u010devljih<\/strong><\/p>\n<\/li>\n<li data-start=\"363\" data-end=\"400\">\n<p data-start=\"365\" data-end=\"400\"><strong data-start=\"365\" data-end=\"390\">\u0160\u010diti zunanji podplat<\/strong> \u010devljev<\/p>\n<\/li>\n<\/ul>\n<hr data-start=\"402\" data-end=\"405\" \/>\n<h3 data-start=\"407\" data-end=\"433\">Prilagoditev velikosti<\/h3>\n<ul data-start=\"434\" data-end=\"680\">\n<li data-start=\"434\" data-end=\"490\">\n<p data-start=\"436\" data-end=\"490\">Preverite <strong data-start=\"446\" data-end=\"488\">dol\u017eino svojih smu\u010darskih \u010devljev v mm<\/strong><\/p>\n<\/li>\n<li data-start=\"491\" data-end=\"631\">\n<p data-start=\"493\" data-end=\"631\">Prilagodite <strong data-start=\"505\" data-end=\"524\">nadzor oprijema<\/strong> (traction device) ustrezni velikosti \u2013 <strong data-start=\"564\" data-end=\"586\">zaokro\u017eite navzdol<\/strong>. Konica pu\u0161\u010dice ozna\u010duje izbrano velikost.<\/p>\n<\/li>\n<li data-start=\"632\" data-end=\"680\">\n<p data-start=\"634\" data-end=\"680\">Privijte s <strong data-start=\"645\" data-end=\"677\">kri\u017enim izvija\u010dem (Phillips)<\/strong>.<\/p>\n<\/li>\n<\/ul>\n<hr data-start=\"682\" data-end=\"685\" \/>\n<h3 data-start=\"687\" data-end=\"719\">Namestitev naprave na \u010devlje<\/h3>\n<ul data-start=\"720\" data-end=\"975\" data-is-last-node=\"\" data-is-only-node=\"\">\n<li data-start=\"720\" data-end=\"837\">\n<p data-start=\"722\" data-end=\"837\">Namestite pripomo\u010dek tako, da ga <strong data-start=\"755\" data-end=\"784\">najprej zataknete spredaj<\/strong>, nato <strong data-start=\"791\" data-end=\"810\">potegnete nazaj<\/strong> in ga pritrdite na peto.<\/p>\n<\/li>\n<li data-start=\"838\" data-end=\"920\">\n<p data-start=\"840\" data-end=\"920\">Izdelek hranite <strong data-start=\"856\" data-end=\"874\">na suhem mestu<\/strong>, stran od <strong data-start=\"885\" data-end=\"917\">virov toplote in UV-svetlobe<\/strong>.<\/p>\n<\/li>\n<li data-start=\"921\" data-end=\"975\" data-is-last-node=\"\">\n<p data-start=\"923\" data-end=\"975\" data-is-last-node=\"\">Priporo\u010damo, da <strong data-start=\"939\" data-end=\"974\">izdelek enkrat letno pregledate<\/strong>.<\/p>\n<\/li>\n<\/ul>","protected":false},"excerpt":{"rendered":"<ul data-start=\"174\" data-end=\"400\">\n<li data-start=\"174\" data-end=\"204\">\n<p data-start=\"176\" data-end=\"204\"><strong data-start=\"176\" data-end=\"202\">Pro\u017ena in odporna guma<\/strong><\/p>\n<\/li>\n<li data-start=\"205\" data-end=\"255\">\n<p data-start=\"207\" data-end=\"255\"><strong data-start=\"207\" data-end=\"225\">Notranji okvir<\/strong> za bolj\u0161i oprijem na \u010devlju<\/p>\n<\/li>\n<li data-start=\"256\" data-end=\"284\">\n<p data-start=\"258\" data-end=\"284\"><strong data-start=\"258\" data-end=\"282\">Univerzalna velikost<\/strong><\/p>\n<\/li>\n<li data-start=\"285\" data-end=\"314\">\n<p data-start=\"287\" data-end=\"314\">Na voljo v <strong data-start=\"298\" data-end=\"312\">ve\u010d barvah<\/strong><\/p>\n<\/li>\n<li data-start=\"315\" data-end=\"362\">\n<p data-start=\"317\" data-end=\"362\">Omogo\u010da <strong data-start=\"325\" data-end=\"360\">la\u017ejo hojo v smu\u010darskih \u010devljih<\/strong><\/p>\n<\/li>\n<li data-start=\"363\" data-end=\"400\">\n<p data-start=\"365\" data-end=\"400\"><strong data-start=\"365\" data-end=\"390\">\u0160\u010diti zunanji podplat<\/strong> \u010devljev<\/p>\n<\/li>\n<\/ul>","protected":false},"featured_media":3200,"comment_status":"open","ping_status":"closed","template":"","meta":{"_acf_changed":false,"inline_featured_image":false,"_monsterinsights_skip_tracking":false,"_monsterinsights_sitenote_active":false,"_monsterinsights_sitenote_note":"","_monsterinsights_sitenote_category":0},"product_brand":[36],"product_cat":[124,130,21],"product_tag":[],"class_list":{"0":"post-2140","1":"product","2":"type-product","3":"status-publish","4":"has-post-thumbnail","6":"product_brand-sidas","7":"product_cat-dodatki-za-smucanje","8":"product_cat-ostali-dodatki-za-smucanje","9":"product_cat-smucanje","11":"first","12":"instock","13":"taxable","14":"shipping-taxable","15":"purchasable","16":"product-type-simple"},"acf":[],"aioseo_notices":[],"_links":{"self":[{"href":"https:\/\/olliesport.com\/en\/wp-json\/wp\/v2\/product\/2140","targetHints":{"allow":["GET"]}}],"collection":[{"href":"https:\/\/olliesport.com\/en\/wp-json\/wp\/v2\/product"}],"about":[{"href":"https:\/\/olliesport.com\/en\/wp-json\/wp\/v2\/types\/product"}],"replies":[{"embeddable":true,"href":"https:\/\/olliesport.com\/en\/wp-json\/wp\/v2\/comments?post=2140"}],"wp:featuredmedia":[{"embeddable":true,"href":"https:\/\/olliesport.com\/en\/wp-json\/wp\/v2\/media\/3200"}],"wp:attachment":[{"href":"https:\/\/olliesport.com\/en\/wp-json\/wp\/v2\/media?parent=2140"}],"wp:term":[{"taxonomy":"product_brand","embeddable":true,"href":"https:\/\/olliesport.com\/en\/wp-json\/wp\/v2\/product_brand?post=2140"},{"taxonomy":"product_cat","embeddable":true,"href":"https:\/\/olliesport.com\/en\/wp-json\/wp\/v2\/product_cat?post=2140"},{"taxonomy":"product_tag","embeddable":true,"href":"https:\/\/olliesport.com\/en\/wp-json\/wp\/v2\/product_tag?post=2140"}],"curies":[{"name":"wp","href":"https:\/\/api.w.org\/{rel}","templated":true}]}}