{"id":2134,"date":"2025-10-29T14:53:53","date_gmt":"2025-10-29T13:53:53","guid":{"rendered":"https:\/\/olliesport.click.si\/trgovina\/uncategorized\/sidas-vlozki-3-feet-eco-winter-mid-m\/"},"modified":"2026-04-17T00:58:37","modified_gmt":"2026-04-16T22:58:37","slug":"sidas-vlozki-3-feet-eco-winter-mid","status":"publish","type":"product","link":"https:\/\/olliesport.com\/en\/trgovina\/smucanje\/dodatki-za-smucanje\/vlozki-za-pancarje\/sidas-vlozki-3-feet-eco-winter-mid\/","title":{"rendered":"SIDAS VLO\u017dKI 3 FEET ECO WINTER MID"},"content":{"rendered":"<p>Vlo\u017eek <strong>3Feet\u00ae Eco Winter Mid<\/strong> je zasnovan za smu\u010danje in zdru\u017euje anatomski ter okolju prijazen pristop, prilagojen stopalom s srednje visokim lokom. Zahvaljujo\u010d konceptu <strong>3Feet\u00ae<\/strong>, ki ga je razvil Sidas, ima vsaka oblika stopalnega loka svojo stopnjo opore. Za srednje visoke loke ta vlo\u017eek vklju\u010duje <strong>EVA \u0161koljko<\/strong>, ki zagotavlja stabilnost in podporo \u2013 idealno za optimalno poravnavo telesa.<\/p>\n<p>Njegova <strong>tkana poliestrska mre\u017easta prevleka<\/strong> and <strong>pena Evamic Insulated<\/strong> (delno reciklirana \u2013 20 %) nudita dolgotrajno <strong>toplotno izolacijo<\/strong>, ki \u0161\u010diti stopala pred mrazom, hkrati pa se vlo\u017eek zlahka prilega smu\u010darskim \u010devljem.<\/p>\n<p>V duhu <strong>okoljske odgovornosti<\/strong> je ta vlo\u017eek izdelan z upo\u0161tevanjem trajnostnih na\u010del in ima zmanj\u0161an <strong>oglji\u010dni odtis<\/strong>, pribli\u017eno <strong>1,75 kg CO\u2082<\/strong>. Za vsak prodan vlo\u017eek podjetje <strong>Sidas<\/strong> nameni <strong>1 evro<\/strong> fundaciji <em>Sidas World Foundation<\/em> za podporo regeneraciji ekosistemov.<\/p>\n<p><strong>Prednosti:<\/strong><\/p>\n<ul>\n<li><strong>Srednje visok stopalni lok:<\/strong> posebna zasnova za srednje visok lok, ki zagotavlja prilagojeno podporo.<\/li>\n<li><strong>Poravnava telesa:<\/strong> EVA \u0161koljka omogo\u010da stabilnost in optimalno oporo stopalu.<\/li>\n<li><strong>Toplotna izolacija:<\/strong> poliestrska mre\u017ea in pena Evamic Insulated poskrbita za dodatno toploto in za\u0161\u010dito pred mrazom.<\/li>\n<\/ul>","protected":false},"excerpt":{"rendered":"<p><strong>Prednosti:<\/strong><\/p>\n<ul>\n<li><strong>Srednje visok stopalni lok:<\/strong> posebna zasnova za srednje visok lok, ki zagotavlja prilagojeno podporo.<\/li>\n<li><strong>Poravnava telesa:<\/strong> EVA \u0161koljka omogo\u010da stabilnost in optimalno oporo stopalu.<\/li>\n<li><strong>Toplotna izolacija:<\/strong> poliestrska mre\u017ea in pena Evamic Insulated poskrbita za dodatno toploto in za\u0161\u010dito pred mrazom.<\/li>\n<\/ul>","protected":false},"featured_media":3002,"comment_status":"open","ping_status":"closed","template":"","meta":{"_acf_changed":false,"inline_featured_image":false,"_monsterinsights_skip_tracking":false,"_monsterinsights_sitenote_active":false,"_monsterinsights_sitenote_note":"","_monsterinsights_sitenote_category":0},"product_brand":[36],"product_cat":[124,21,125],"product_tag":[],"class_list":{"0":"post-2134","1":"product","2":"type-product","3":"status-publish","4":"has-post-thumbnail","6":"product_brand-sidas","7":"product_cat-dodatki-za-smucanje","8":"product_cat-smucanje","9":"product_cat-vlozki-za-pancarje","11":"first","12":"instock","13":"taxable","14":"shipping-taxable","15":"purchasable","16":"product-type-variable"},"acf":[],"aioseo_notices":[],"_links":{"self":[{"href":"https:\/\/olliesport.com\/en\/wp-json\/wp\/v2\/product\/2134","targetHints":{"allow":["GET"]}}],"collection":[{"href":"https:\/\/olliesport.com\/en\/wp-json\/wp\/v2\/product"}],"about":[{"href":"https:\/\/olliesport.com\/en\/wp-json\/wp\/v2\/types\/product"}],"replies":[{"embeddable":true,"href":"https:\/\/olliesport.com\/en\/wp-json\/wp\/v2\/comments?post=2134"}],"wp:featuredmedia":[{"embeddable":true,"href":"https:\/\/olliesport.com\/en\/wp-json\/wp\/v2\/media\/3002"}],"wp:attachment":[{"href":"https:\/\/olliesport.com\/en\/wp-json\/wp\/v2\/media?parent=2134"}],"wp:term":[{"taxonomy":"product_brand","embeddable":true,"href":"https:\/\/olliesport.com\/en\/wp-json\/wp\/v2\/product_brand?post=2134"},{"taxonomy":"product_cat","embeddable":true,"href":"https:\/\/olliesport.com\/en\/wp-json\/wp\/v2\/product_cat?post=2134"},{"taxonomy":"product_tag","embeddable":true,"href":"https:\/\/olliesport.com\/en\/wp-json\/wp\/v2\/product_tag?post=2134"}],"curies":[{"name":"wp","href":"https:\/\/api.w.org\/{rel}","templated":true}]}}