{"id":2123,"date":"2025-10-29T14:53:51","date_gmt":"2025-10-29T13:53:51","guid":{"rendered":"https:\/\/olliesport.click.si\/trgovina\/uncategorized\/sidas-vlozek-3feet-run-sense-mid-l\/"},"modified":"2026-04-16T21:59:06","modified_gmt":"2026-04-16T19:59:06","slug":"sidas-vlozek-3feet-run-sense-mid-l","status":"publish","type":"product","link":"https:\/\/olliesport.com\/en\/trgovina\/tek-in-hoja\/dodatki-za-tek-in-hojo\/vlozki-za-tekaske-cevlje\/sidas-vlozek-3feet-run-sense-mid-l\/","title":{"rendered":"SIDAS VLO\u017dKI 3FEET RUN SENSE MID"},"content":{"rendered":"<p data-start=\"0\" data-end=\"200\">Nudijo optimalno oporo, saj se prilagodijo va\u0161emu tipu stopala in podpirajo naravni prenos te\u017ee pri koraku. Dinami\u010dni in lahki vlo\u017eki so popolni za vse, ki \u017eelijo iz vsakega trenutka iztisniti najve\u010d!<\/p>\n<p data-start=\"202\" data-end=\"228\"><strong data-start=\"202\" data-end=\"226\">TEHNI\u010cNE ZNA\u010cILNOSTI<\/strong><\/p>\n<ul data-start=\"229\" data-end=\"580\" data-is-last-node=\"\" data-is-only-node=\"\">\n<li data-start=\"229\" data-end=\"337\">\n<p data-start=\"231\" data-end=\"337\"><strong data-start=\"231\" data-end=\"274\">Oja\u010ditev v srednjem delu stopala (EVA):<\/strong> opora, prilagojena tipu stopala, ki podpira naravno gibanje.<\/p>\n<\/li>\n<li data-start=\"338\" data-end=\"383\">\n<p data-start=\"340\" data-end=\"383\"><strong data-start=\"340\" data-end=\"368\">Merrymesh zgornja plast:<\/strong> protizdrsna.<\/p>\n<\/li>\n<li data-start=\"384\" data-end=\"432\">\n<p data-start=\"386\" data-end=\"432\"><strong data-start=\"386\" data-end=\"413\">Dvojnogostna struktura:<\/strong> navpi\u010dno udobje.<\/p>\n<\/li>\n<li data-start=\"433\" data-end=\"488\">\n<p data-start=\"435\" data-end=\"488\"><strong data-start=\"435\" data-end=\"469\">Sprednja struktura (EVA guma):<\/strong> pove\u010duje potisk.<\/p>\n<\/li>\n<li data-start=\"489\" data-end=\"538\">\n<p data-start=\"491\" data-end=\"538\"><strong data-start=\"491\" data-end=\"518\">Blazinica v peti (EVA):<\/strong> absorbira udarce.<\/p>\n<\/li>\n<li data-start=\"539\" data-end=\"580\" data-is-last-node=\"\">\n<p data-start=\"541\" data-end=\"580\" data-is-last-node=\"\"><strong data-start=\"541\" data-end=\"557\">Perforations:<\/strong> zagotavljajo zra\u010dnost.<\/p>\n<\/li>\n<\/ul>","protected":false},"excerpt":{"rendered":"<p>Nudijo optimalno oporo, saj se prilagodijo va\u0161emu tipu stopala in podpirajo naravni prenos te\u017ee pri koraku. Dinami\u010dni in lahki vlo\u017eki so popolni za vse, ki \u017eelijo iz vsakega trenutka iztisniti najve\u010d!<\/p>","protected":false},"featured_media":4304,"comment_status":"open","ping_status":"closed","template":"","meta":{"_acf_changed":false,"inline_featured_image":false,"_monsterinsights_skip_tracking":false,"_monsterinsights_sitenote_active":false,"_monsterinsights_sitenote_note":"","_monsterinsights_sitenote_category":0},"product_brand":[36],"product_cat":[77,19,79],"product_tag":[],"class_list":{"0":"post-2123","1":"product","2":"type-product","3":"status-publish","4":"has-post-thumbnail","6":"product_brand-sidas","7":"product_cat-dodatki-za-tek-in-hojo","8":"product_cat-tek-in-hoja","9":"product_cat-vlozki-za-tekaske-cevlje","11":"first","12":"instock","13":"taxable","14":"shipping-taxable","15":"purchasable","16":"product-type-variable"},"acf":[],"aioseo_notices":[],"_links":{"self":[{"href":"https:\/\/olliesport.com\/en\/wp-json\/wp\/v2\/product\/2123","targetHints":{"allow":["GET"]}}],"collection":[{"href":"https:\/\/olliesport.com\/en\/wp-json\/wp\/v2\/product"}],"about":[{"href":"https:\/\/olliesport.com\/en\/wp-json\/wp\/v2\/types\/product"}],"replies":[{"embeddable":true,"href":"https:\/\/olliesport.com\/en\/wp-json\/wp\/v2\/comments?post=2123"}],"wp:featuredmedia":[{"embeddable":true,"href":"https:\/\/olliesport.com\/en\/wp-json\/wp\/v2\/media\/4304"}],"wp:attachment":[{"href":"https:\/\/olliesport.com\/en\/wp-json\/wp\/v2\/media?parent=2123"}],"wp:term":[{"taxonomy":"product_brand","embeddable":true,"href":"https:\/\/olliesport.com\/en\/wp-json\/wp\/v2\/product_brand?post=2123"},{"taxonomy":"product_cat","embeddable":true,"href":"https:\/\/olliesport.com\/en\/wp-json\/wp\/v2\/product_cat?post=2123"},{"taxonomy":"product_tag","embeddable":true,"href":"https:\/\/olliesport.com\/en\/wp-json\/wp\/v2\/product_tag?post=2123"}],"curies":[{"name":"wp","href":"https:\/\/api.w.org\/{rel}","templated":true}]}}