{"id":2119,"date":"2025-10-29T14:53:50","date_gmt":"2025-10-29T13:53:50","guid":{"rendered":"https:\/\/olliesport.click.si\/trgovina\/uncategorized\/sidas-vlozek-3feet-run-sense-low-l-315496304\/"},"modified":"2026-04-16T21:59:06","modified_gmt":"2026-04-16T19:59:06","slug":"sidas-vlozek-3feet-run-sense-low-l-315496304","status":"publish","type":"product","link":"https:\/\/olliesport.com\/en\/trgovina\/tek-in-hoja\/dodatki-za-tek-in-hojo\/vlozki-za-tekaske-cevlje\/sidas-vlozek-3feet-run-sense-low-l-315496304\/","title":{"rendered":"SIDAS VLO\u017dEK 3FEET RUN SENSE LOW"},"content":{"rendered":"<p data-start=\"0\" data-end=\"180\">Nudijo optimalno oporo, saj se prilagodijo va\u0161emu tipu stopala in podpirajo naravni odriv stopala. Dinami\u010dni in lahki vlo\u017eki so popolni za vse, ki \u017eelijo izkoristiti vsak trenutek!<\/p>\n<p data-start=\"182\" data-end=\"208\"><strong data-start=\"182\" data-end=\"206\">TEHNI\u010cNE ZNA\u010cILNOSTI<\/strong><\/p>\n<ul data-start=\"209\" data-end=\"568\" data-is-last-node=\"\" data-is-only-node=\"\">\n<li data-start=\"209\" data-end=\"325\">\n<p data-start=\"211\" data-end=\"325\"><strong data-start=\"211\" data-end=\"254\">Oja\u010ditev v srednjem delu stopala (EVA):<\/strong> opora, prilagojena tipu stopala, ki podpira naravno gibanje stopala.<\/p>\n<\/li>\n<li data-start=\"326\" data-end=\"371\">\n<p data-start=\"328\" data-end=\"371\"><strong data-start=\"328\" data-end=\"356\">Merrymesh zgornja plast:<\/strong> protizdrsna.<\/p>\n<\/li>\n<li data-start=\"372\" data-end=\"420\">\n<p data-start=\"374\" data-end=\"420\"><strong data-start=\"374\" data-end=\"401\">Dvojnogostna struktura:<\/strong> navpi\u010dno udobje.<\/p>\n<\/li>\n<li data-start=\"421\" data-end=\"476\">\n<p data-start=\"423\" data-end=\"476\"><strong data-start=\"423\" data-end=\"457\">Sprednja struktura (EVA guma):<\/strong> pove\u010duje potisk.<\/p>\n<\/li>\n<li data-start=\"477\" data-end=\"526\">\n<p data-start=\"479\" data-end=\"526\"><strong data-start=\"479\" data-end=\"506\">Blazinica v peti (EVA):<\/strong> absorbira udarce.<\/p>\n<\/li>\n<li data-start=\"527\" data-end=\"568\" data-is-last-node=\"\">\n<p data-start=\"529\" data-end=\"568\" data-is-last-node=\"\"><strong data-start=\"529\" data-end=\"545\">Perforations:<\/strong> zagotavljajo zra\u010dnost.<\/p>\n<\/li>\n<\/ul>","protected":false},"excerpt":{"rendered":"<p>Nudijo optimalno oporo, saj se prilagodijo va\u0161emu tipu stopala in podpirajo naravni odriv stopala. Dinami\u010dni in lahki vlo\u017eki so popolni za vse, ki \u017eelijo izkoristiti vsak trenutek!<\/p>","protected":false},"featured_media":4287,"comment_status":"open","ping_status":"closed","template":"","meta":{"_acf_changed":false,"inline_featured_image":false,"_monsterinsights_skip_tracking":false,"_monsterinsights_sitenote_active":false,"_monsterinsights_sitenote_note":"","_monsterinsights_sitenote_category":0},"product_brand":[36],"product_cat":[77,19,79],"product_tag":[],"class_list":{"0":"post-2119","1":"product","2":"type-product","3":"status-publish","4":"has-post-thumbnail","6":"product_brand-sidas","7":"product_cat-dodatki-za-tek-in-hojo","8":"product_cat-tek-in-hoja","9":"product_cat-vlozki-za-tekaske-cevlje","11":"first","12":"instock","13":"taxable","14":"shipping-taxable","15":"purchasable","16":"product-type-variable"},"acf":[],"aioseo_notices":[],"_links":{"self":[{"href":"https:\/\/olliesport.com\/en\/wp-json\/wp\/v2\/product\/2119","targetHints":{"allow":["GET"]}}],"collection":[{"href":"https:\/\/olliesport.com\/en\/wp-json\/wp\/v2\/product"}],"about":[{"href":"https:\/\/olliesport.com\/en\/wp-json\/wp\/v2\/types\/product"}],"replies":[{"embeddable":true,"href":"https:\/\/olliesport.com\/en\/wp-json\/wp\/v2\/comments?post=2119"}],"wp:featuredmedia":[{"embeddable":true,"href":"https:\/\/olliesport.com\/en\/wp-json\/wp\/v2\/media\/4287"}],"wp:attachment":[{"href":"https:\/\/olliesport.com\/en\/wp-json\/wp\/v2\/media?parent=2119"}],"wp:term":[{"taxonomy":"product_brand","embeddable":true,"href":"https:\/\/olliesport.com\/en\/wp-json\/wp\/v2\/product_brand?post=2119"},{"taxonomy":"product_cat","embeddable":true,"href":"https:\/\/olliesport.com\/en\/wp-json\/wp\/v2\/product_cat?post=2119"},{"taxonomy":"product_tag","embeddable":true,"href":"https:\/\/olliesport.com\/en\/wp-json\/wp\/v2\/product_tag?post=2119"}],"curies":[{"name":"wp","href":"https:\/\/api.w.org\/{rel}","templated":true}]}}