{"id":2115,"date":"2025-10-29T14:53:50","date_gmt":"2025-10-29T13:53:50","guid":{"rendered":"https:\/\/olliesport.click.si\/trgovina\/uncategorized\/sidas-vlozek-3feet-run-sense-hi-l-315496104\/"},"modified":"2026-04-16T21:59:06","modified_gmt":"2026-04-16T19:59:06","slug":"sidas-vlozek-3feet-run-sense-hi-l-315496104","status":"publish","type":"product","link":"https:\/\/olliesport.com\/en\/trgovina\/tek-in-hoja\/dodatki-za-tek-in-hojo\/vlozki-za-tekaske-cevlje\/sidas-vlozek-3feet-run-sense-hi-l-315496104\/","title":{"rendered":"SIDAS VLO\u017dKI 3FEET RUN SENSE HI"},"content":{"rendered":"<p data-start=\"0\" data-end=\"198\">Nudijo optimalno oporo, saj se prilagodijo va\u0161emu tipu stopala in podpirajo naravni prenos te\u017ee pri hoji ali teku. Dinami\u010dni in lahki vlo\u017eki so popolni za tiste, ki \u017eelijo izkoristiti vsak trenutek!<\/p>\n<p data-start=\"200\" data-end=\"226\"><strong data-start=\"200\" data-end=\"224\">TEHNI\u010cNE ZNA\u010cILNOSTI<\/strong><\/p>\n<ul data-start=\"227\" data-end=\"586\" data-is-last-node=\"\" data-is-only-node=\"\">\n<li data-start=\"227\" data-end=\"343\">\n<p data-start=\"229\" data-end=\"343\"><strong data-start=\"229\" data-end=\"272\">Oja\u010ditev v srednjem delu stopala (EVA):<\/strong> opora, prilagojena tipu stopala, ki podpira naravno gibanje stopala.<\/p>\n<\/li>\n<li data-start=\"344\" data-end=\"389\">\n<p data-start=\"346\" data-end=\"389\"><strong data-start=\"346\" data-end=\"374\">Merrymesh zgornja plast:<\/strong> protizdrsna.<\/p>\n<\/li>\n<li data-start=\"390\" data-end=\"438\">\n<p data-start=\"392\" data-end=\"438\"><strong data-start=\"392\" data-end=\"419\">Dvojnogostna struktura:<\/strong> navpi\u010dno udobje.<\/p>\n<\/li>\n<li data-start=\"439\" data-end=\"494\">\n<p data-start=\"441\" data-end=\"494\"><strong data-start=\"441\" data-end=\"475\">Sprednja struktura (EVA guma):<\/strong> pove\u010duje potisk.<\/p>\n<\/li>\n<li data-start=\"495\" data-end=\"544\">\n<p data-start=\"497\" data-end=\"544\"><strong data-start=\"497\" data-end=\"524\">Blazinica v peti (EVA):<\/strong> absorbira udarce.<\/p>\n<\/li>\n<li data-start=\"545\" data-end=\"586\" data-is-last-node=\"\">\n<p data-start=\"547\" data-end=\"586\" data-is-last-node=\"\"><strong data-start=\"547\" data-end=\"563\">Perforations:<\/strong> zagotavljajo zra\u010dnost.<\/p>\n<\/li>\n<\/ul>","protected":false},"excerpt":{"rendered":"<p>Nudijo optimalno oporo, saj se prilagodijo va\u0161emu tipu stopala in podpirajo naravni prenos te\u017ee pri hoji ali teku. Dinami\u010dni in lahki vlo\u017eki so popolni za tiste, ki \u017eelijo izkoristiti vsak trenutek!<\/p>","protected":false},"featured_media":4274,"comment_status":"open","ping_status":"closed","template":"","meta":{"_acf_changed":false,"inline_featured_image":false,"_monsterinsights_skip_tracking":false,"_monsterinsights_sitenote_active":false,"_monsterinsights_sitenote_note":"","_monsterinsights_sitenote_category":0},"product_brand":[36],"product_cat":[77,19,79],"product_tag":[],"class_list":{"0":"post-2115","1":"product","2":"type-product","3":"status-publish","4":"has-post-thumbnail","6":"product_brand-sidas","7":"product_cat-dodatki-za-tek-in-hojo","8":"product_cat-tek-in-hoja","9":"product_cat-vlozki-za-tekaske-cevlje","11":"first","12":"instock","13":"taxable","14":"shipping-taxable","15":"purchasable","16":"product-type-variable"},"acf":[],"aioseo_notices":[],"_links":{"self":[{"href":"https:\/\/olliesport.com\/en\/wp-json\/wp\/v2\/product\/2115","targetHints":{"allow":["GET"]}}],"collection":[{"href":"https:\/\/olliesport.com\/en\/wp-json\/wp\/v2\/product"}],"about":[{"href":"https:\/\/olliesport.com\/en\/wp-json\/wp\/v2\/types\/product"}],"replies":[{"embeddable":true,"href":"https:\/\/olliesport.com\/en\/wp-json\/wp\/v2\/comments?post=2115"}],"wp:featuredmedia":[{"embeddable":true,"href":"https:\/\/olliesport.com\/en\/wp-json\/wp\/v2\/media\/4274"}],"wp:attachment":[{"href":"https:\/\/olliesport.com\/en\/wp-json\/wp\/v2\/media?parent=2115"}],"wp:term":[{"taxonomy":"product_brand","embeddable":true,"href":"https:\/\/olliesport.com\/en\/wp-json\/wp\/v2\/product_brand?post=2115"},{"taxonomy":"product_cat","embeddable":true,"href":"https:\/\/olliesport.com\/en\/wp-json\/wp\/v2\/product_cat?post=2115"},{"taxonomy":"product_tag","embeddable":true,"href":"https:\/\/olliesport.com\/en\/wp-json\/wp\/v2\/product_tag?post=2115"}],"curies":[{"name":"wp","href":"https:\/\/api.w.org\/{rel}","templated":true}]}}