{"id":2089,"date":"2025-10-29T14:53:46","date_gmt":"2025-10-29T13:53:46","guid":{"rendered":"https:\/\/olliesport.click.si\/trgovina\/uncategorized\/sidas-ski-merino-performance-socks-324538305\/"},"modified":"2026-04-16T22:58:44","modified_gmt":"2026-04-16T20:58:44","slug":"sidas-nogavice-ski-merino-performance","status":"publish","type":"product","link":"https:\/\/olliesport.com\/en\/trgovina\/smucanje\/dodatki-za-smucanje\/smucarske-nogavice\/sidas-nogavice-ski-merino-performance\/","title":{"rendered":"SIDAS SKI SOCKS MERINO PERFORMANCE"},"content":{"rendered":"<p><strong>Ski Merino Performance \u2013 visokozmogljive smu\u010darske nogavice za najve\u010djo natan\u010dnost<\/strong><\/p>\n<p>Nogavice <strong>Ski Merino Performance<\/strong> so pletene z <strong>200 iglami<\/strong>, kar zagotavlja vrhunsko natan\u010dnost pri alpskem smu\u010danju. Izdelane so brez notranjih rezov niti (<strong>In &amp; Out konstrukcija<\/strong>), kar pove\u010duje udobje in natan\u010den stik med stopalom in smu\u010darskim \u010devljem. Za bolj\u0161i ob\u010dutek in izbolj\u0161an stik z vlo\u017ekom smu\u010darskega \u010devlja imajo te nogavice <strong>silikonski trak pod podplatom<\/strong>, ki zagotavlja bolj\u0161i oprijem in stabilnost.<\/p>\n<p>Sestava temelji na <strong>organski merino volni<\/strong> and <strong>recikliranem poliamidu<\/strong>, kar je del trajnostne zasnove <strong>EcoTech<\/strong>. Tanka struktura in \u010dvrsta napetost nogavic omogo\u010data, da se nogavice popolno prilegajo stopalu, kar izbolj\u0161uje ob\u010dutke in kontrolo v smu\u010darskem \u010devlju.<\/p>\n<p>Izjemna natan\u010dnost nogavic je dose\u017eena z vrhunsko tehniko pletenja, optimalno debelino in uravnote\u017eeno napetostjo materiala. Zaradi minimalne debeline je stik s \u010devljem izbolj\u0161an, hkrati pa nogavice ostajajo zelo udobne.<\/p>\n<p>Merino volna v nogavicah poskrbi za toploto in u\u010dinkovito odvajanje vlage, kar zagotavlja optimalno zra\u010dnost in suhost stopal med celodnevnim smu\u010danjem.<\/p>\n<p><strong>TEHNI\u010cNE LASTNOSTI<\/strong><\/p>\n<ul>\n<li>In &amp; Out konstrukcija (brez notranjih \u0161ivov)<\/li>\n<li>Izdelava iz recikliranih vlaken (EcoTech)<\/li>\n<li>Pletene z 200 iglami \u2013 visoka lo\u010dljivost pletenja<\/li>\n<li>Ciljna za\u0161\u010dita ob\u010dutljivih delov stopala<\/li>\n<li>Zra\u010dnost pod stopalom<\/li>\n<li><strong>Toplota \u2022 Natan\u010dnost \u2022 Prenos mo\u010di \u2022 Merino volna<\/strong><\/li>\n<\/ul>","protected":false},"excerpt":{"rendered":"<p><strong>TEHNI\u010cNE LASTNOSTI<\/strong><\/p>\n<ul>\n<li>In &amp; Out konstrukcija (brez notranjih \u0161ivov)<\/li>\n<li>Izdelava iz recikliranih vlaken (EcoTech)<\/li>\n<li>Pletene z 200 iglami \u2013 visoka lo\u010dljivost pletenja<\/li>\n<li>Ciljna za\u0161\u010dita ob\u010dutljivih delov stopala<\/li>\n<li>Zra\u010dnost pod stopalom<\/li>\n<li><strong>Toplota \u2022 Natan\u010dnost \u2022 Prenos mo\u010di \u2022 Merino volna<\/strong><\/li>\n<\/ul>","protected":false},"featured_media":3075,"comment_status":"open","ping_status":"closed","template":"","meta":{"_acf_changed":false,"inline_featured_image":false,"_monsterinsights_skip_tracking":false,"_monsterinsights_sitenote_active":false,"_monsterinsights_sitenote_note":"","_monsterinsights_sitenote_category":0},"product_brand":[36],"product_cat":[124,21,91],"product_tag":[],"class_list":{"0":"post-2089","1":"product","2":"type-product","3":"status-publish","4":"has-post-thumbnail","6":"product_brand-sidas","7":"product_cat-dodatki-za-smucanje","8":"product_cat-smucanje","9":"product_cat-smucarske-nogavice","11":"first","12":"instock","13":"taxable","14":"shipping-taxable","15":"purchasable","16":"product-type-variable"},"acf":[],"aioseo_notices":[],"_links":{"self":[{"href":"https:\/\/olliesport.com\/en\/wp-json\/wp\/v2\/product\/2089","targetHints":{"allow":["GET"]}}],"collection":[{"href":"https:\/\/olliesport.com\/en\/wp-json\/wp\/v2\/product"}],"about":[{"href":"https:\/\/olliesport.com\/en\/wp-json\/wp\/v2\/types\/product"}],"replies":[{"embeddable":true,"href":"https:\/\/olliesport.com\/en\/wp-json\/wp\/v2\/comments?post=2089"}],"wp:featuredmedia":[{"embeddable":true,"href":"https:\/\/olliesport.com\/en\/wp-json\/wp\/v2\/media\/3075"}],"wp:attachment":[{"href":"https:\/\/olliesport.com\/en\/wp-json\/wp\/v2\/media?parent=2089"}],"wp:term":[{"taxonomy":"product_brand","embeddable":true,"href":"https:\/\/olliesport.com\/en\/wp-json\/wp\/v2\/product_brand?post=2089"},{"taxonomy":"product_cat","embeddable":true,"href":"https:\/\/olliesport.com\/en\/wp-json\/wp\/v2\/product_cat?post=2089"},{"taxonomy":"product_tag","embeddable":true,"href":"https:\/\/olliesport.com\/en\/wp-json\/wp\/v2\/product_tag?post=2089"}],"curies":[{"name":"wp","href":"https:\/\/api.w.org\/{rel}","templated":true}]}}