{"id":2085,"date":"2025-10-29T14:53:45","date_gmt":"2025-10-29T13:53:45","guid":{"rendered":"https:\/\/olliesport.click.si\/trgovina\/uncategorized\/sidas-nogavice-winter-run-326971105\/"},"modified":"2026-04-16T22:58:44","modified_gmt":"2026-04-16T20:58:44","slug":"sidas-nogavice-winter-run-326971105","status":"publish","type":"product","link":"https:\/\/olliesport.com\/en\/trgovina\/tek-in-hoja\/dodatki-za-tek-in-hojo\/tekaske-nogavice\/sidas-nogavice-winter-run-326971105\/","title":{"rendered":"SIDAS NOGAVICE WINTER RUN"},"content":{"rendered":"<p data-start=\"0\" data-end=\"189\">Nogavice <strong data-start=\"9\" data-end=\"39\">Winter Run High Definition<\/strong> so zasnovane posebej za zimske teke po cestah in poteh. Zagotavljajo <strong data-start=\"109\" data-end=\"146\">odli\u010dno sinergijo z va\u0161imi vlo\u017eki<\/strong> zahvaljujo\u010d tehnologiji <strong data-start=\"171\" data-end=\"186\">Synergy Fit<\/strong>.<\/p>\n<p data-start=\"191\" data-end=\"261\">Te nogavice vklju\u010dujejo vse klju\u010dne lastnosti, ki jih teka\u010di i\u0161\u010dejo:<\/p>\n<ul data-start=\"262\" data-end=\"541\">\n<li data-start=\"262\" data-end=\"324\">\n<p data-start=\"264\" data-end=\"324\"><strong data-start=\"264\" data-end=\"279\">Zra\u010dna cona<\/strong> na loku stopala za bolj\u0161e odvajanje znoja.<\/p>\n<\/li>\n<li data-start=\"325\" data-end=\"415\">\n<p data-start=\"327\" data-end=\"415\"><strong data-start=\"327\" data-end=\"356\">Oja\u010dana opora pri gle\u017enju<\/strong> za izbolj\u0161ano stabilnost in zmanj\u0161anje tveganja po\u0161kodb.<\/p>\n<\/li>\n<li data-start=\"416\" data-end=\"541\">\n<p data-start=\"418\" data-end=\"541\"><strong data-start=\"418\" data-end=\"451\">3 anti-slip oprijemni trakovi<\/strong>, ki zmanj\u0161ajo drsenje in trenje, ter pove\u010dajo oprijem med nogavicami in \u010devlji za 65 %.<\/p>\n<\/li>\n<\/ul>\n<p data-start=\"543\" data-end=\"741\">Za varnost in vidljivost je dodan <strong data-start=\"577\" data-end=\"593\">odsevni trak<\/strong>, idealen za no\u010dne teke. Nogavice iz <strong data-start=\"630\" data-end=\"646\">merino volne<\/strong> zagotavljajo optimalno toploto in u\u010dinkovito odvajanje vlage, kar je klju\u010dno za zimske teke.<\/p>\n<p data-start=\"743\" data-end=\"1022\">Poleg tega vklju\u010dujejo <strong data-start=\"766\" data-end=\"791\">Polygiene tehnologijo<\/strong>, ki prepre\u010duje \u0161irjenje bakterij in neprijetnih vonjav. Mikro\u010destice srebra, ki se naravno pojavljajo v Polygiene tretmaju, zagotavljajo sve\u017eino nogavic za vsaj 100 pranj. Vse vlakna so varna za ko\u017eo in laboratorijsko testirana.<\/p>\n<p data-start=\"1024\" data-end=\"1145\">Za udobje poskrbi <strong data-start=\"1042\" data-end=\"1065\">In&amp;Out konstrukcija<\/strong> skupaj z izjemno mehko poliamidno prejo, ki daje prijeten ob\u010dutek na stopalu.<\/p>\n<p data-start=\"1147\" data-end=\"1191\"><strong data-start=\"1147\" data-end=\"1163\">Unisex model<\/strong> je na voljo v ve\u010d barvah.<\/p>\n<p data-start=\"1193\" data-end=\"1219\"><strong data-start=\"1193\" data-end=\"1217\">TEHNI\u010cNE ZNA\u010cILNOSTI<\/strong><\/p>\n<ul data-start=\"1220\" data-end=\"1843\">\n<li data-start=\"1220\" data-end=\"1311\">\n<p data-start=\"1222\" data-end=\"1311\"><strong data-start=\"1222\" data-end=\"1251\">Synergy Fit konstrukcija:<\/strong> bolj\u0161i ob\u010dutek med tekom in optimalna sinergija z vlo\u017eki.<\/p>\n<\/li>\n<li data-start=\"1312\" data-end=\"1391\">\n<p data-start=\"1314\" data-end=\"1391\"><strong data-start=\"1314\" data-end=\"1334\">Toplotno udobje:<\/strong> Merino volna za toploto in u\u010dinkovito odvajanje vlage.<\/p>\n<\/li>\n<li data-start=\"1392\" data-end=\"1480\">\n<p data-start=\"1394\" data-end=\"1480\"><strong data-start=\"1394\" data-end=\"1417\">Maksimalen oprijem:<\/strong> 3 anti-slip trakovi za 65 % manj trenja in ve\u010djo stabilnost.<\/p>\n<\/li>\n<li data-start=\"1481\" data-end=\"1607\">\n<p data-start=\"1483\" data-end=\"1607\"><strong data-start=\"1483\" data-end=\"1503\">Specifi\u010dne cone:<\/strong> zra\u010dna cona na loku stopala in oporna cona pri gle\u017enju za bolj\u0161o stabilnost in prepre\u010devanje po\u0161kodb.<\/p>\n<\/li>\n<li data-start=\"1608\" data-end=\"1663\">\n<p data-start=\"1610\" data-end=\"1663\"><strong data-start=\"1610\" data-end=\"1627\">Odsevni trak:<\/strong> ve\u010dja vidljivost pri no\u010dnem teku.<\/p>\n<\/li>\n<li data-start=\"1664\" data-end=\"1766\">\n<p data-start=\"1666\" data-end=\"1766\"><strong data-start=\"1666\" data-end=\"1692\">Polygiene tehnologija:<\/strong> prepre\u010duje neprijetne vonjave in rast bakterij, sve\u017eina vsaj 100 pranj.<\/p>\n<\/li>\n<li data-start=\"1767\" data-end=\"1843\">\n<p data-start=\"1769\" data-end=\"1843\"><strong data-start=\"1769\" data-end=\"1788\">Dodatno udobje:<\/strong> In&amp;Out konstrukcija in super mehka poliamidna preja.<\/p>\n<\/li>\n<\/ul>\n<p data-start=\"1845\" data-end=\"1892\"><strong data-start=\"1845\" data-end=\"1890\">Oblikovano v Franciji \/ izdelano v Evropi<\/strong><\/p>\n<p data-start=\"1894\" data-end=\"1933\" data-is-last-node=\"\" data-is-only-node=\"\"><strong data-start=\"1894\" data-end=\"1910\">Tehnologiji:<\/strong> Synergy Fit, Polygiene<\/p>","protected":false},"excerpt":{"rendered":"<p>Nogavice <strong data-start=\"9\" data-end=\"39\">Winter Run High Definition<\/strong> so zasnovane posebej za zimske teke po cestah in poteh. Zagotavljajo <strong data-start=\"109\" data-end=\"146\">odli\u010dno sinergijo z va\u0161imi vlo\u017eki<\/strong> zahvaljujo\u010d tehnologiji <strong data-start=\"171\" data-end=\"186\">Synergy Fit<\/strong>.<\/p>","protected":false},"featured_media":4478,"comment_status":"open","ping_status":"closed","template":"","meta":{"_acf_changed":false,"inline_featured_image":false,"_monsterinsights_skip_tracking":false,"_monsterinsights_sitenote_active":false,"_monsterinsights_sitenote_note":"","_monsterinsights_sitenote_category":0},"product_brand":[36],"product_cat":[77,19,78],"product_tag":[],"class_list":{"0":"post-2085","1":"product","2":"type-product","3":"status-publish","4":"has-post-thumbnail","6":"product_brand-sidas","7":"product_cat-dodatki-za-tek-in-hojo","8":"product_cat-tek-in-hoja","9":"product_cat-tekaske-nogavice","11":"first","12":"instock","13":"taxable","14":"shipping-taxable","15":"purchasable","16":"product-type-variable"},"acf":[],"aioseo_notices":[],"_links":{"self":[{"href":"https:\/\/olliesport.com\/en\/wp-json\/wp\/v2\/product\/2085","targetHints":{"allow":["GET"]}}],"collection":[{"href":"https:\/\/olliesport.com\/en\/wp-json\/wp\/v2\/product"}],"about":[{"href":"https:\/\/olliesport.com\/en\/wp-json\/wp\/v2\/types\/product"}],"replies":[{"embeddable":true,"href":"https:\/\/olliesport.com\/en\/wp-json\/wp\/v2\/comments?post=2085"}],"wp:featuredmedia":[{"embeddable":true,"href":"https:\/\/olliesport.com\/en\/wp-json\/wp\/v2\/media\/4478"}],"wp:attachment":[{"href":"https:\/\/olliesport.com\/en\/wp-json\/wp\/v2\/media?parent=2085"}],"wp:term":[{"taxonomy":"product_brand","embeddable":true,"href":"https:\/\/olliesport.com\/en\/wp-json\/wp\/v2\/product_brand?post=2085"},{"taxonomy":"product_cat","embeddable":true,"href":"https:\/\/olliesport.com\/en\/wp-json\/wp\/v2\/product_cat?post=2085"},{"taxonomy":"product_tag","embeddable":true,"href":"https:\/\/olliesport.com\/en\/wp-json\/wp\/v2\/product_tag?post=2085"}],"curies":[{"name":"wp","href":"https:\/\/api.w.org\/{rel}","templated":true}]}}