{"id":2081,"date":"2025-10-29T14:53:45","date_gmt":"2025-10-29T13:53:45","guid":{"rendered":"https:\/\/olliesport.click.si\/trgovina\/uncategorized\/sidas-nogavice-ultrafi-bk-ybi-327116103\/"},"modified":"2026-04-16T22:58:46","modified_gmt":"2026-04-16T20:58:46","slug":"sidas-nogavice-ultrafit-race-bk-ybi","status":"publish","type":"product","link":"https:\/\/olliesport.com\/en\/trgovina\/smucanje\/dodatki-za-smucanje\/smucarske-nogavice\/sidas-nogavice-ultrafit-race-bk-ybi\/","title":{"rendered":"SIDAS NOGAVICE ULTRAFIT RACE Bk\/YBI"},"content":{"rendered":"<p><strong>Ski Ultrafit \u2013 kompresijske nogavice za vrhunsko natan\u010dnost pri smu\u010danju<\/strong><\/p>\n<p><strong>Ski Ultrafit<\/strong> visokozmogljive smu\u010darske nogavice so pletene z <strong>200 iglami<\/strong> in izdelane brez notranjih rezov niti (<strong>In &amp; Out konstrukcija<\/strong>), kar zagotavlja izjemno udobje ter vrhunsko <strong>natan\u010dnost pri smu\u010danju<\/strong>. Gre za <strong>kompresijske nogavice izjemno nizkega volumna<\/strong>, ki delujejo kot druga ko\u017ea in omogo\u010dajo neposreden stik z notranjostjo smu\u010darskega \u010devlja.<\/p>\n<p>Izdelane so po trajnostni zasnovi <strong>EcoTech<\/strong>, z uporabo <strong>organske merino volne<\/strong> and <strong>recikliranega poliamida<\/strong>, kar pomeni, da skrbijo tako za va\u0161a stopala kot za okolje.<\/p>\n<p>Nogavice <strong>Ski Ultrafit<\/strong> izbolj\u0161ujejo <strong>cirkulacijo krvi<\/strong> and <strong>stabilizacijo mi\u0161ic<\/strong> zahvaljujo\u010d tehnologiji <strong>Compressive Tension<\/strong> (20\u201330 mmHg). To pomeni hitrej\u0161o regeneracijo, manj vibracij v mi\u0161icah ter izbolj\u0161ano zmogljivost med in po smu\u010danju.<\/p>\n<p>Njihova izjemna <strong>natan\u010dnost<\/strong> je rezultat vrhunske izdelave \u2013 mo\u010dna kompresija za popolno prileganje stopalu in me\u010dem, izjemno tanka struktura za neposreden stik s \u010devljem in maksimalno kontrolo gibanja.<\/p>\n<p><strong>Silikonski oprijemalni trak na podplatu<\/strong> poskrbi za popoln stik z vlo\u017ekom in smu\u010darskim \u010devljem ter zagotavlja ve\u010djo <strong>stabilnost, natan\u010dnost in u\u010dinkovit prenos energije<\/strong>.<\/p>\n<p>Merino volna poskrbi za <strong>toploto in odvajanje vlage<\/strong>, tako da so stopala vedno suha in zra\u010dna \u2013 tudi med intenzivnimi smu\u010darskimi dnevi.<\/p>\n<p><strong>Uniseks model.<\/strong> Na voljo v ve\u010d velikostih.<\/p>\n<p><strong>TEHNI\u010cNE LASTNOSTI<\/strong><\/p>\n<ul>\n<li><strong>In &amp; Out konstrukcija<\/strong> \u2013 brez notranjih rezov niti<\/li>\n<li><strong>EcoTech zasnova<\/strong> \u2013 reciklirana vlakna<\/li>\n<li><strong>200 igel<\/strong> \u2013 visoka gostota pletenja za izjemno natan\u010dnost<\/li>\n<li><strong>Ciljna za\u0161\u010dita<\/strong> ob\u010dutljivih con stopala<\/li>\n<li><strong>Zra\u010dnost<\/strong> na spodnjem delu stopala<\/li>\n<li><strong>Kompresijska podpora<\/strong> (20\u201330 mmHg)<\/li>\n<li><strong>Silikonski podplat<\/strong> za oprijem in stabilnost<\/li>\n<li><strong>Toplota \u2022 Natan\u010dnost \u2022 Prenos mo\u010di \u2022 Merino volna<\/strong><\/li>\n<li><strong>Synergyfit tehnologija<\/strong> \u2013 popolno prileganje brez drsenja<\/li>\n<\/ul>","protected":false},"excerpt":{"rendered":"<p><strong>TEHNI\u010cNE LASTNOSTI<\/strong><\/p>\n<ul>\n<li><strong>In &amp; Out konstrukcija<\/strong> \u2013 brez notranjih rezov niti<\/li>\n<li><strong>EcoTech zasnova<\/strong> \u2013 reciklirana vlakna<\/li>\n<li><strong>200 igel<\/strong> \u2013 visoka gostota pletenja za izjemno natan\u010dnost<\/li>\n<li><strong>Ciljna za\u0161\u010dita<\/strong> ob\u010dutljivih con stopala<\/li>\n<li><strong>Zra\u010dnost<\/strong> na spodnjem delu stopala<\/li>\n<li><strong>Kompresijska podpora<\/strong> (20\u201330 mmHg)<\/li>\n<li><strong>Silikonski podplat<\/strong> za oprijem in stabilnost<\/li>\n<li><strong>Toplota \u2022 Natan\u010dnost \u2022 Prenos mo\u010di \u2022 Merino volna<\/strong><\/li>\n<li><strong>Synergyfit tehnologija<\/strong> \u2013 popolno prileganje brez drsenja<\/li>\n<\/ul>","protected":false},"featured_media":3182,"comment_status":"open","ping_status":"closed","template":"","meta":{"_acf_changed":false,"inline_featured_image":false,"_monsterinsights_skip_tracking":false,"_monsterinsights_sitenote_active":false,"_monsterinsights_sitenote_note":"","_monsterinsights_sitenote_category":0},"product_brand":[36],"product_cat":[124,21,91],"product_tag":[],"class_list":{"0":"post-2081","1":"product","2":"type-product","3":"status-publish","4":"has-post-thumbnail","6":"product_brand-sidas","7":"product_cat-dodatki-za-smucanje","8":"product_cat-smucanje","9":"product_cat-smucarske-nogavice","11":"first","12":"instock","13":"taxable","14":"shipping-taxable","15":"purchasable","16":"product-type-variable"},"acf":[],"aioseo_notices":[],"_links":{"self":[{"href":"https:\/\/olliesport.com\/en\/wp-json\/wp\/v2\/product\/2081","targetHints":{"allow":["GET"]}}],"collection":[{"href":"https:\/\/olliesport.com\/en\/wp-json\/wp\/v2\/product"}],"about":[{"href":"https:\/\/olliesport.com\/en\/wp-json\/wp\/v2\/types\/product"}],"replies":[{"embeddable":true,"href":"https:\/\/olliesport.com\/en\/wp-json\/wp\/v2\/comments?post=2081"}],"wp:featuredmedia":[{"embeddable":true,"href":"https:\/\/olliesport.com\/en\/wp-json\/wp\/v2\/media\/3182"}],"wp:attachment":[{"href":"https:\/\/olliesport.com\/en\/wp-json\/wp\/v2\/media?parent=2081"}],"wp:term":[{"taxonomy":"product_brand","embeddable":true,"href":"https:\/\/olliesport.com\/en\/wp-json\/wp\/v2\/product_brand?post=2081"},{"taxonomy":"product_cat","embeddable":true,"href":"https:\/\/olliesport.com\/en\/wp-json\/wp\/v2\/product_cat?post=2081"},{"taxonomy":"product_tag","embeddable":true,"href":"https:\/\/olliesport.com\/en\/wp-json\/wp\/v2\/product_tag?post=2081"}],"curies":[{"name":"wp","href":"https:\/\/api.w.org\/{rel}","templated":true}]}}