{"id":2069,"date":"2025-10-29T14:53:43","date_gmt":"2025-10-29T13:53:43","guid":{"rendered":"https:\/\/olliesport.click.si\/trgovina\/uncategorized\/sidas-nogavice-trail-protectml-321416804\/"},"modified":"2026-04-17T00:58:37","modified_gmt":"2026-04-16T22:58:37","slug":"sidas-nogavice-trail-protectml-321416804","status":"publish","type":"product","link":"https:\/\/olliesport.com\/en\/trgovina\/tek-in-hoja\/dodatki-za-tek-in-hojo\/tekaske-nogavice\/sidas-nogavice-trail-protectml-321416804\/","title":{"rendered":"SIDAS NOGAVICE TRAIL PROTECT"},"content":{"rendered":"<p data-start=\"0\" data-end=\"41\"><strong data-start=\"0\" data-end=\"39\">Trail Protect nogavice za trail tek<\/strong><\/p>\n<p data-start=\"43\" data-end=\"342\">Nogavice <strong data-start=\"52\" data-end=\"69\">Trail Protect<\/strong> zagotavljajo optimalno udobje na trail poteh. \u0160tevilne oja\u010ditve na <strong data-start=\"137\" data-end=\"180\">gle\u017enju, peti in sprednjem delu stopala<\/strong> nudijo vrhunsko udobje med va\u0161imi teki, medtem ko <strong data-start=\"231\" data-end=\"258\">mre\u017eica na loku stopala<\/strong> omogo\u010da prezra\u010devanje, uravnava temperaturo in prepre\u010duje dra\u017eenje ter drgnjenje.<\/p>\n<p data-start=\"344\" data-end=\"551\">Tehni\u010dne trail nogavice so opremljene tudi z <strong data-start=\"389\" data-end=\"410\">oprijemnim trakom<\/strong>, ki pove\u010duje sinergijo z va\u0161im vlo\u017ekom in prepre\u010duje drsenje stopal znotraj \u010devlja. Nogavice so popolnoma zdru\u017eljive z vlo\u017eki <strong data-start=\"537\" data-end=\"548\">Protect<\/strong>.<\/p>\n<p data-start=\"553\" data-end=\"649\">Za zimske trail teke je na voljo tudi <strong data-start=\"591\" data-end=\"623\">zimski model iz merino volne<\/strong> za belotrajne avanture.<\/p>\n<p data-start=\"651\" data-end=\"677\"><strong data-start=\"651\" data-end=\"675\">TEHNI\u010cNE ZNA\u010cILNOSTI<\/strong><\/p>\n<ul data-start=\"678\" data-end=\"989\">\n<li data-start=\"678\" data-end=\"720\">\n<p data-start=\"680\" data-end=\"720\"><strong data-start=\"680\" data-end=\"697\">Odsevni trak:<\/strong> za ve\u010djo vidljivost.<\/p>\n<\/li>\n<li data-start=\"721\" data-end=\"763\">\n<p data-start=\"723\" data-end=\"763\"><strong data-start=\"723\" data-end=\"743\">Za\u0161\u010dita gle\u017enja:<\/strong> bla\u017eenje udarcev.<\/p>\n<\/li>\n<li data-start=\"764\" data-end=\"809\">\n<p data-start=\"766\" data-end=\"809\"><strong data-start=\"766\" data-end=\"784\">Opora gle\u017enja:<\/strong> stabilen in varen tek.<\/p>\n<\/li>\n<li data-start=\"810\" data-end=\"876\">\n<p data-start=\"812\" data-end=\"876\"><strong data-start=\"812\" data-end=\"834\">Oprijemno obmo\u010dje:<\/strong> maksimalna stabilnost stopala v \u010devlju.<\/p>\n<\/li>\n<li data-start=\"877\" data-end=\"929\">\n<p data-start=\"879\" data-end=\"929\"><strong data-start=\"879\" data-end=\"910\">Prezra\u010dena pletena mre\u017eica:<\/strong> odvajanje vlage.<\/p>\n<\/li>\n<li data-start=\"930\" data-end=\"989\">\n<p data-start=\"932\" data-end=\"989\"><strong data-start=\"932\" data-end=\"960\">Za\u0161\u010diten del pri prstih:<\/strong> dodatna za\u0161\u010dita in udobje.<\/p>\n<\/li>\n<\/ul>\n<p data-start=\"991\" data-end=\"1036\" data-is-last-node=\"\" data-is-only-node=\"\"><strong data-start=\"991\" data-end=\"1036\" data-is-last-node=\"\">Oblikovano v Franciji \/ izdelano v Evropi<\/strong><\/p>","protected":false},"excerpt":{"rendered":"<p>Nogavice <strong data-start=\"52\" data-end=\"69\">Trail Protect<\/strong> zagotavljajo optimalno udobje na trail poteh. \u0160tevilne oja\u010ditve na <strong data-start=\"137\" data-end=\"180\">gle\u017enju, peti in sprednjem delu stopala<\/strong> nudijo vrhunsko udobje med va\u0161imi teki, medtem ko <strong data-start=\"231\" data-end=\"258\">mre\u017eica na loku stopala<\/strong> omogo\u010da prezra\u010devanje, uravnava temperaturo in prepre\u010duje dra\u017eenje ter drgnjenje.<\/p>","protected":false},"featured_media":4528,"comment_status":"open","ping_status":"closed","template":"","meta":{"_acf_changed":false,"inline_featured_image":false,"_monsterinsights_skip_tracking":false,"_monsterinsights_sitenote_active":false,"_monsterinsights_sitenote_note":"","_monsterinsights_sitenote_category":0},"product_brand":[36],"product_cat":[77,19,78],"product_tag":[],"class_list":{"0":"post-2069","1":"product","2":"type-product","3":"status-publish","4":"has-post-thumbnail","6":"product_brand-sidas","7":"product_cat-dodatki-za-tek-in-hojo","8":"product_cat-tek-in-hoja","9":"product_cat-tekaske-nogavice","11":"first","12":"instock","13":"taxable","14":"shipping-taxable","15":"purchasable","16":"product-type-variable"},"acf":[],"aioseo_notices":[],"_links":{"self":[{"href":"https:\/\/olliesport.com\/en\/wp-json\/wp\/v2\/product\/2069","targetHints":{"allow":["GET"]}}],"collection":[{"href":"https:\/\/olliesport.com\/en\/wp-json\/wp\/v2\/product"}],"about":[{"href":"https:\/\/olliesport.com\/en\/wp-json\/wp\/v2\/types\/product"}],"replies":[{"embeddable":true,"href":"https:\/\/olliesport.com\/en\/wp-json\/wp\/v2\/comments?post=2069"}],"wp:featuredmedia":[{"embeddable":true,"href":"https:\/\/olliesport.com\/en\/wp-json\/wp\/v2\/media\/4528"}],"wp:attachment":[{"href":"https:\/\/olliesport.com\/en\/wp-json\/wp\/v2\/media?parent=2069"}],"wp:term":[{"taxonomy":"product_brand","embeddable":true,"href":"https:\/\/olliesport.com\/en\/wp-json\/wp\/v2\/product_brand?post=2069"},{"taxonomy":"product_cat","embeddable":true,"href":"https:\/\/olliesport.com\/en\/wp-json\/wp\/v2\/product_cat?post=2069"},{"taxonomy":"product_tag","embeddable":true,"href":"https:\/\/olliesport.com\/en\/wp-json\/wp\/v2\/product_tag?post=2069"}],"curies":[{"name":"wp","href":"https:\/\/api.w.org\/{rel}","templated":true}]}}