{"id":2067,"date":"2025-10-29T14:53:43","date_gmt":"2025-10-29T13:53:43","guid":{"rendered":"https:\/\/olliesport.click.si\/trgovina\/uncategorized\/sidas-nogavice-trail-protectml-321416304\/"},"modified":"2026-04-17T00:58:37","modified_gmt":"2026-04-16T22:58:37","slug":"sidas-nogavice-trail-protectml-321416304","status":"publish","type":"product","link":"https:\/\/olliesport.com\/en\/trgovina\/tek-in-hoja\/dodatki-za-tek-in-hojo\/tekaske-nogavice\/sidas-nogavice-trail-protectml-321416304\/","title":{"rendered":"SIDAS NOGAVICE TRAIL PROTECT"},"content":{"rendered":"<p data-start=\"0\" data-end=\"44\"><strong data-start=\"0\" data-end=\"42\">Trail Protect nogavice za za\u0161\u010diten tek<\/strong><\/p>\n<p data-start=\"46\" data-end=\"335\">Nogavice <strong data-start=\"55\" data-end=\"72\">Trail Protect<\/strong> nudijo optimalno udobje na poteh za trail tek. \u0160tevilne oja\u010ditve na <strong data-start=\"141\" data-end=\"184\">gle\u017enju, peti in sprednjem delu stopala<\/strong> zagotavljajo vrhunsko udobje med va\u0161imi trail teki. <strong data-start=\"237\" data-end=\"264\">Mre\u017eica na loku stopala<\/strong> omogo\u010da prezra\u010devanje, uravnava temperaturo in prepre\u010duje drgnjenje.<\/p>\n<p data-start=\"337\" data-end=\"554\">Poleg tega tehni\u010dne trail nogavice vklju\u010dujejo <strong data-start=\"384\" data-end=\"402\">oprijemni trak<\/strong>, ki zagotavlja maksimalno sinergijo z va\u0161im vlo\u017ekom in prepre\u010duje drsenje stopala znotraj \u010devlja. Nogavice se popolnoma ujemajo z vlo\u017eki <strong data-start=\"540\" data-end=\"551\">Protect<\/strong>.<\/p>\n<p data-start=\"556\" data-end=\"652\">Za zimske trail teke je na voljo tudi <strong data-start=\"594\" data-end=\"626\">zimski model iz merino volne<\/strong> za belotrajne avanture.<\/p>\n<p data-start=\"654\" data-end=\"680\"><strong data-start=\"654\" data-end=\"678\">TEHNI\u010cNE ZNA\u010cILNOSTI<\/strong><\/p>\n<ul data-start=\"681\" data-end=\"955\">\n<li data-start=\"681\" data-end=\"720\">\n<p data-start=\"683\" data-end=\"720\"><strong data-start=\"683\" data-end=\"700\">Odsevni trak:<\/strong> ve\u010dja vidljivost.<\/p>\n<\/li>\n<li data-start=\"721\" data-end=\"763\">\n<p data-start=\"723\" data-end=\"763\"><strong data-start=\"723\" data-end=\"743\">Za\u0161\u010dita gle\u017enja:<\/strong> bla\u017eenje udarcev.<\/p>\n<\/li>\n<li data-start=\"764\" data-end=\"800\">\n<p data-start=\"766\" data-end=\"800\"><strong data-start=\"766\" data-end=\"784\">Opora gle\u017enja:<\/strong> stabilen tek.<\/p>\n<\/li>\n<li data-start=\"801\" data-end=\"850\">\n<p data-start=\"803\" data-end=\"850\"><strong data-start=\"803\" data-end=\"825\">Oprijemno obmo\u010dje:<\/strong> bolj\u0161i stik s \u010devljem.<\/p>\n<\/li>\n<li data-start=\"851\" data-end=\"905\">\n<p data-start=\"853\" data-end=\"905\"><strong data-start=\"853\" data-end=\"886\">Prezra\u010devana pletena mre\u017eica:<\/strong> odvajanje vlage.<\/p>\n<\/li>\n<li data-start=\"906\" data-end=\"955\">\n<p data-start=\"908\" data-end=\"955\"><strong data-start=\"908\" data-end=\"936\">Za\u0161\u010diten del pri prstih:<\/strong> dodatna za\u0161\u010dita.<\/p>\n<\/li>\n<\/ul>\n<p data-start=\"957\" data-end=\"1002\" data-is-last-node=\"\" data-is-only-node=\"\"><strong data-start=\"957\" data-end=\"1002\" data-is-last-node=\"\">Oblikovano v Franciji \/ izdelano v Evropi<\/strong><\/p>","protected":false},"excerpt":{"rendered":"<p>Nogavice <strong data-start=\"55\" data-end=\"72\">Trail Protect<\/strong> nudijo optimalno udobje na poteh za trail tek. \u0160tevilne oja\u010ditve na <strong data-start=\"141\" data-end=\"184\">gle\u017enju, peti in sprednjem delu stopala<\/strong> zagotavljajo vrhunsko udobje med va\u0161imi trail teki. <strong data-start=\"237\" data-end=\"264\">Mre\u017eica na loku stopala<\/strong> omogo\u010da prezra\u010devanje, uravnava temperaturo in prepre\u010duje drgnjenje.<\/p>","protected":false},"featured_media":0,"comment_status":"open","ping_status":"closed","template":"","meta":{"_acf_changed":false,"inline_featured_image":false,"_monsterinsights_skip_tracking":false,"_monsterinsights_sitenote_active":false,"_monsterinsights_sitenote_note":"","_monsterinsights_sitenote_category":0},"product_brand":[36],"product_cat":[77,19,78],"product_tag":[],"class_list":{"0":"post-2067","1":"product","2":"type-product","3":"status-publish","5":"product_brand-sidas","6":"product_cat-dodatki-za-tek-in-hojo","7":"product_cat-tek-in-hoja","8":"product_cat-tekaske-nogavice","10":"first","11":"instock","12":"taxable","13":"shipping-taxable","14":"purchasable","15":"product-type-variable"},"acf":[],"aioseo_notices":[],"_links":{"self":[{"href":"https:\/\/olliesport.com\/en\/wp-json\/wp\/v2\/product\/2067","targetHints":{"allow":["GET"]}}],"collection":[{"href":"https:\/\/olliesport.com\/en\/wp-json\/wp\/v2\/product"}],"about":[{"href":"https:\/\/olliesport.com\/en\/wp-json\/wp\/v2\/types\/product"}],"replies":[{"embeddable":true,"href":"https:\/\/olliesport.com\/en\/wp-json\/wp\/v2\/comments?post=2067"}],"wp:attachment":[{"href":"https:\/\/olliesport.com\/en\/wp-json\/wp\/v2\/media?parent=2067"}],"wp:term":[{"taxonomy":"product_brand","embeddable":true,"href":"https:\/\/olliesport.com\/en\/wp-json\/wp\/v2\/product_brand?post=2067"},{"taxonomy":"product_cat","embeddable":true,"href":"https:\/\/olliesport.com\/en\/wp-json\/wp\/v2\/product_cat?post=2067"},{"taxonomy":"product_tag","embeddable":true,"href":"https:\/\/olliesport.com\/en\/wp-json\/wp\/v2\/product_tag?post=2067"}],"curies":[{"name":"wp","href":"https:\/\/api.w.org\/{rel}","templated":true}]}}