{"id":2065,"date":"2025-10-29T14:53:42","date_gmt":"2025-10-29T13:53:42","guid":{"rendered":"https:\/\/olliesport.click.si\/trgovina\/uncategorized\/sidas-nogavice-trail-protect-xl-321416106\/"},"modified":"2026-03-06T14:00:03","modified_gmt":"2026-03-06T13:00:03","slug":"sidas-nogavice-trail-protect-xl-321416106","status":"publish","type":"product","link":"https:\/\/olliesport.com\/en\/trgovina\/tek-in-hoja\/dodatki-za-tek-in-hojo\/tekaske-nogavice\/sidas-nogavice-trail-protect-xl-321416106\/","title":{"rendered":"SIDAS NOGAVICE TRAIL PROTECT"},"content":{"rendered":"<p data-start=\"0\" data-end=\"44\"><strong data-start=\"0\" data-end=\"42\">Trail nogavice za tek z vlo\u017eki Protect<\/strong><\/p>\n<p data-start=\"46\" data-end=\"379\">Te <strong data-start=\"49\" data-end=\"67\">trail nogavice<\/strong> so zasnovane za uporabo z vlo\u017eki <strong data-start=\"101\" data-end=\"112\">Protect<\/strong>. Za\u0161\u010ditite svoje prste med trail tekom z <strong data-start=\"154\" data-end=\"206\">za\u0161\u010ditnimi oja\u010ditvami na gle\u017enju, peti in prstih<\/strong>. <strong data-start=\"208\" data-end=\"239\">Oprijemni trak pod stopalom<\/strong> izbolj\u0161uje stik z vlo\u017ekom in dr\u017ei stopalo na mestu, medtem ko razli\u010dna <strong data-start=\"311\" data-end=\"336\">prezra\u010devalna obmo\u010dja<\/strong> zagotavljajo odli\u010dno zra\u010dnost in udobje.<\/p>\n<p data-start=\"381\" data-end=\"407\"><strong data-start=\"381\" data-end=\"405\">TEHNI\u010cNE ZNA\u010cILNOSTI<\/strong><\/p>\n<ul data-start=\"408\" data-end=\"753\">\n<li data-start=\"408\" data-end=\"457\">\n<p data-start=\"410\" data-end=\"457\"><strong data-start=\"410\" data-end=\"427\">Odsevni trak:<\/strong> ve\u010dja vidljivost med tekom.<\/p>\n<\/li>\n<li data-start=\"458\" data-end=\"519\">\n<p data-start=\"460\" data-end=\"519\"><strong data-start=\"460\" data-end=\"480\">Za\u0161\u010dita gle\u017enja:<\/strong> dodatna za\u0161\u010dita in bla\u017eenje udarcev.<\/p>\n<\/li>\n<li data-start=\"520\" data-end=\"565\">\n<p data-start=\"522\" data-end=\"565\"><strong data-start=\"522\" data-end=\"540\">Opora gle\u017enja:<\/strong> stabilen in varen tek.<\/p>\n<\/li>\n<li data-start=\"566\" data-end=\"629\">\n<p data-start=\"568\" data-end=\"629\"><strong data-start=\"568\" data-end=\"590\">Oprijemno obmo\u010dje:<\/strong> optimalen stik s \u010devljem in vlo\u017ekom.<\/p>\n<\/li>\n<li data-start=\"630\" data-end=\"693\">\n<p data-start=\"632\" data-end=\"693\"><strong data-start=\"632\" data-end=\"663\">Prezra\u010dena pletena mre\u017eica:<\/strong> u\u010dinkovito odvajanje vlage.<\/p>\n<\/li>\n<li data-start=\"694\" data-end=\"753\">\n<p data-start=\"696\" data-end=\"753\"><strong data-start=\"696\" data-end=\"724\">Za\u0161\u010diten del pri prstih:<\/strong> dodatna za\u0161\u010dita in udobje.<\/p>\n<\/li>\n<\/ul>\n<p data-start=\"755\" data-end=\"800\" data-is-last-node=\"\" data-is-only-node=\"\"><strong data-start=\"755\" data-end=\"800\" data-is-last-node=\"\">Oblikovano v Franciji \/ izdelano v Evropi<\/strong><\/p>","protected":false},"excerpt":{"rendered":"<p>Te <strong data-start=\"49\" data-end=\"67\">trail nogavice<\/strong> so zasnovane za uporabo z vlo\u017eki <strong data-start=\"101\" data-end=\"112\">Protect<\/strong>. Za\u0161\u010ditite svoje prste med trail tekom z <strong data-start=\"154\" data-end=\"206\">za\u0161\u010ditnimi oja\u010ditvami na gle\u017enju, peti in prstih<\/strong>. <strong data-start=\"208\" data-end=\"239\">Oprijemni trak pod stopalom<\/strong> izbolj\u0161uje stik z vlo\u017ekom in dr\u017ei stopalo na mestu, medtem ko razli\u010dna <strong data-start=\"311\" data-end=\"336\">prezra\u010devalna obmo\u010dja<\/strong> zagotavljajo odli\u010dno zra\u010dnost in udobje.<\/p>","protected":false},"featured_media":4542,"comment_status":"open","ping_status":"closed","template":"","meta":{"_acf_changed":false,"inline_featured_image":false,"_monsterinsights_skip_tracking":false,"_monsterinsights_sitenote_active":false,"_monsterinsights_sitenote_note":"","_monsterinsights_sitenote_category":0},"product_brand":[36],"product_cat":[77,19,78],"product_tag":[],"class_list":{"0":"post-2065","1":"product","2":"type-product","3":"status-publish","4":"has-post-thumbnail","6":"product_brand-sidas","7":"product_cat-dodatki-za-tek-in-hojo","8":"product_cat-tek-in-hoja","9":"product_cat-tekaske-nogavice","11":"first","12":"instock","13":"taxable","14":"shipping-taxable","15":"purchasable","16":"product-type-variable"},"acf":[],"aioseo_notices":[],"_links":{"self":[{"href":"https:\/\/olliesport.com\/en\/wp-json\/wp\/v2\/product\/2065","targetHints":{"allow":["GET"]}}],"collection":[{"href":"https:\/\/olliesport.com\/en\/wp-json\/wp\/v2\/product"}],"about":[{"href":"https:\/\/olliesport.com\/en\/wp-json\/wp\/v2\/types\/product"}],"replies":[{"embeddable":true,"href":"https:\/\/olliesport.com\/en\/wp-json\/wp\/v2\/comments?post=2065"}],"wp:featuredmedia":[{"embeddable":true,"href":"https:\/\/olliesport.com\/en\/wp-json\/wp\/v2\/media\/4542"}],"wp:attachment":[{"href":"https:\/\/olliesport.com\/en\/wp-json\/wp\/v2\/media?parent=2065"}],"wp:term":[{"taxonomy":"product_brand","embeddable":true,"href":"https:\/\/olliesport.com\/en\/wp-json\/wp\/v2\/product_brand?post=2065"},{"taxonomy":"product_cat","embeddable":true,"href":"https:\/\/olliesport.com\/en\/wp-json\/wp\/v2\/product_cat?post=2065"},{"taxonomy":"product_tag","embeddable":true,"href":"https:\/\/olliesport.com\/en\/wp-json\/wp\/v2\/product_tag?post=2065"}],"curies":[{"name":"wp","href":"https:\/\/api.w.org\/{rel}","templated":true}]}}