{"id":2053,"date":"2025-10-29T14:53:41","date_gmt":"2025-10-29T13:53:41","guid":{"rendered":"https:\/\/olliesport.click.si\/trgovina\/uncategorized\/sidas-nogavice-t-free-trail-nr-noir-gris-l4243\/"},"modified":"2025-11-14T13:57:46","modified_gmt":"2025-11-14T12:57:46","slug":"sidas-nogavice-t-free-trail-nr-noir-gris-l4243","status":"publish","type":"product","link":"https:\/\/olliesport.com\/en\/trgovina\/tek-in-hoja\/dodatki-za-tek-in-hojo\/tekaske-nogavice\/sidas-nogavice-t-free-trail-nr-noir-gris-l4243\/","title":{"rendered":"SIDAS NOGAVICE T-FREE TRAIL"},"content":{"rendered":"<p data-start=\"0\" data-end=\"44\"><strong data-start=\"0\" data-end=\"42\">T-Free\u00ae Tehnologija za naravno gibanje<\/strong><\/p>\n<p data-start=\"46\" data-end=\"313\">Pri teku je <strong data-start=\"58\" data-end=\"92\">palec na nogi klju\u010dnega pomena<\/strong> za ravnote\u017eje, poravnavo in potisk. Zato smo v sodelovanju z atletom Jonathanom Albonom razvili tehnologijo <strong data-start=\"201\" data-end=\"212\">T-Free\u00ae<\/strong>, ki omogo\u010da prost in neodvisen premik palca ter izbolj\u0161uje udobje in stabilnost pri teku po cesti.<\/p>\n<p data-start=\"315\" data-end=\"639\">Nogavice vklju\u010dujejo vse inovacije, ki jih teka\u010di pri\u010dakujejo pri trail teku: <strong data-start=\"393\" data-end=\"435\">anatomska oblika za levo in desno nogo<\/strong> v kombinaciji s <strong data-start=\"452\" data-end=\"476\">In &amp; Out tehnologijo<\/strong> (brez odrezanih niti) zagotavlja popolno prileganje in izjemno udobje. <strong data-start=\"548\" data-end=\"568\">Polygiene vlakna<\/strong> and <strong data-start=\"572\" data-end=\"603\">zra\u010dna mre\u017eica pod stopalom<\/strong> ohranjajo stopala hladna in suha.<\/p>\n<p data-start=\"641\" data-end=\"941\">Dodatno so strate\u0161ko ume\u0161\u010dena <strong data-start=\"671\" data-end=\"722\">za\u0161\u010ditna podro\u010dja okoli gle\u017enja, pete in prstov<\/strong>, ki bla\u017eijo udarce in zagotavljajo optimalno udobje. Opora pri gle\u017enju omogo\u010da varen in stabilen tek, <strong data-start=\"825\" data-end=\"849\">\u0161irok oprijemni trak<\/strong> izbolj\u0161uje oprijem nogavice na vlo\u017eek, odsevni trak pa zagotavlja vidljivost tudi pono\u010di.<\/p>\n<p data-start=\"943\" data-end=\"969\"><strong data-start=\"943\" data-end=\"967\">TEHNI\u010cNE ZNA\u010cILNOSTI<\/strong><\/p>\n<ul data-start=\"970\" data-end=\"1522\">\n<li data-start=\"970\" data-end=\"1034\">\n<p data-start=\"972\" data-end=\"1034\"><strong data-start=\"972\" data-end=\"998\">In &amp; Out konstrukcija:<\/strong> ve\u010dje udobje brez odrezanih niti.<\/p>\n<\/li>\n<li data-start=\"1035\" data-end=\"1122\">\n<p data-start=\"1037\" data-end=\"1122\"><strong data-start=\"1037\" data-end=\"1055\">Lo\u010ditev palca:<\/strong> palec se lahko prosto giblje za izbolj\u0161ano udobje in stabilnost.<\/p>\n<\/li>\n<li data-start=\"1123\" data-end=\"1185\">\n<p data-start=\"1125\" data-end=\"1185\"><strong data-start=\"1125\" data-end=\"1143\">Opora gle\u017enja:<\/strong> podporni trak za varen in stabilen tek.<\/p>\n<\/li>\n<li data-start=\"1186\" data-end=\"1261\">\n<p data-start=\"1188\" data-end=\"1261\"><strong data-start=\"1188\" data-end=\"1210\">Za\u0161\u010ditna podro\u010dja:<\/strong> pri gle\u017enju, prstih in peti za bla\u017eenje udarcev.<\/p>\n<\/li>\n<li data-start=\"1262\" data-end=\"1325\">\n<p data-start=\"1264\" data-end=\"1325\"><strong data-start=\"1264\" data-end=\"1283\">Zra\u010dna mre\u017eica:<\/strong> maksimalna ventilacija za suha stopala.<\/p>\n<\/li>\n<li data-start=\"1326\" data-end=\"1407\">\n<p data-start=\"1328\" data-end=\"1407\"><strong data-start=\"1328\" data-end=\"1353\">\u0160irok oprijemni trak:<\/strong> izbolj\u0161uje oprijem in sinergijo nogavice z vlo\u017ekom.<\/p>\n<\/li>\n<li data-start=\"1408\" data-end=\"1475\">\n<p data-start=\"1410\" data-end=\"1475\"><strong data-start=\"1410\" data-end=\"1436\">Polygiene tehnologija:<\/strong> dolgotrajna sve\u017eina in nadzor vonja.<\/p>\n<\/li>\n<li data-start=\"1476\" data-end=\"1522\">\n<p data-start=\"1478\" data-end=\"1522\"><strong data-start=\"1478\" data-end=\"1495\">Odsevni trak:<\/strong> ve\u010dja vidljivost v temi.<\/p>\n<\/li>\n<\/ul>\n<p data-start=\"1524\" data-end=\"1569\" data-is-last-node=\"\" data-is-only-node=\"\"><strong data-start=\"1524\" data-end=\"1569\" data-is-last-node=\"\">Oblikovano v Franciji \/ izdelano v Evropi<\/strong><\/p>","protected":false},"excerpt":{"rendered":"<p>Pri teku je <strong data-start=\"58\" data-end=\"92\">palec na nogi klju\u010dnega pomena<\/strong> za ravnote\u017eje, poravnavo in potisk. Zato smo v sodelovanju z atletom Jonathanom Albonom razvili tehnologijo <strong data-start=\"201\" data-end=\"212\">T-Free\u00ae<\/strong>, ki omogo\u010da prost in neodvisen premik palca ter izbolj\u0161uje udobje in stabilnost pri teku po cesti.<\/p>","protected":false},"featured_media":4507,"comment_status":"open","ping_status":"closed","template":"","meta":{"_acf_changed":false,"inline_featured_image":false,"_monsterinsights_skip_tracking":false,"_monsterinsights_sitenote_active":false,"_monsterinsights_sitenote_note":"","_monsterinsights_sitenote_category":0},"product_brand":[36],"product_cat":[77,19,78],"product_tag":[],"class_list":{"0":"post-2053","1":"product","2":"type-product","3":"status-publish","4":"has-post-thumbnail","6":"product_brand-sidas","7":"product_cat-dodatki-za-tek-in-hojo","8":"product_cat-tek-in-hoja","9":"product_cat-tekaske-nogavice","11":"first","12":"instock","13":"taxable","14":"shipping-taxable","15":"product-type-variable"},"acf":[],"aioseo_notices":[],"_links":{"self":[{"href":"https:\/\/olliesport.com\/en\/wp-json\/wp\/v2\/product\/2053","targetHints":{"allow":["GET"]}}],"collection":[{"href":"https:\/\/olliesport.com\/en\/wp-json\/wp\/v2\/product"}],"about":[{"href":"https:\/\/olliesport.com\/en\/wp-json\/wp\/v2\/types\/product"}],"replies":[{"embeddable":true,"href":"https:\/\/olliesport.com\/en\/wp-json\/wp\/v2\/comments?post=2053"}],"wp:featuredmedia":[{"embeddable":true,"href":"https:\/\/olliesport.com\/en\/wp-json\/wp\/v2\/media\/4507"}],"wp:attachment":[{"href":"https:\/\/olliesport.com\/en\/wp-json\/wp\/v2\/media?parent=2053"}],"wp:term":[{"taxonomy":"product_brand","embeddable":true,"href":"https:\/\/olliesport.com\/en\/wp-json\/wp\/v2\/product_brand?post=2053"},{"taxonomy":"product_cat","embeddable":true,"href":"https:\/\/olliesport.com\/en\/wp-json\/wp\/v2\/product_cat?post=2053"},{"taxonomy":"product_tag","embeddable":true,"href":"https:\/\/olliesport.com\/en\/wp-json\/wp\/v2\/product_tag?post=2053"}],"curies":[{"name":"wp","href":"https:\/\/api.w.org\/{rel}","templated":true}]}}