{"id":2051,"date":"2025-10-29T14:53:41","date_gmt":"2025-10-29T13:53:41","guid":{"rendered":"https:\/\/olliesport.click.si\/trgovina\/uncategorized\/sidas-nogavice-t-free-run-gr-n-gris-noir-sm39-40\/"},"modified":"2025-11-14T13:49:17","modified_gmt":"2025-11-14T12:49:17","slug":"sidas-nogavice-t-free-run-gr-n-gris-noir-sm39-40","status":"publish","type":"product","link":"https:\/\/olliesport.com\/en\/trgovina\/tek-in-hoja\/dodatki-za-tek-in-hojo\/tekaske-nogavice\/sidas-nogavice-t-free-run-gr-n-gris-noir-sm39-40\/","title":{"rendered":"SIDAS NOGAVICE T-FREE RUN"},"content":{"rendered":"<p data-start=\"0\" data-end=\"300\"><strong data-start=\"0\" data-end=\"42\">T-Free\u00ae Tehnologija za naravno gibanje<\/strong><br data-start=\"42\" data-end=\"45\" \/>Pri teku je <strong data-start=\"57\" data-end=\"82\">palec na nogi klju\u010den<\/strong> za ravnote\u017eje, poravnavo in potisk. Zato smo v sodelovanju z atletom Jonathanom Albonom razvili tehnologijo <strong data-start=\"191\" data-end=\"202\">T-Free\u00ae<\/strong>, ki omogo\u010da prost in neodvisen premik palca, izbolj\u0161uje udobje in stabilnost pri teku po cesti.<\/p>\n<p data-start=\"302\" data-end=\"624\">Nogavice vklju\u010dujejo vse inovacije, ki jih teka\u010di pri\u010dakujejo pri trail teku: <strong data-start=\"380\" data-end=\"419\">anatomska oblika za levo\/desno nogo<\/strong> v kombinaciji s <strong data-start=\"436\" data-end=\"460\">In &amp; Out tehnologijo<\/strong> (brez odrezanih niti) zagotavlja popolno prileganje in vrhunsko udobje. <strong data-start=\"533\" data-end=\"553\">Polygiene vlakna<\/strong> and <strong data-start=\"557\" data-end=\"588\">zra\u010dna mre\u017eica pod stopalom<\/strong> ohranjajo stopala hladna in suha.<\/p>\n<p data-start=\"626\" data-end=\"802\">Opornik pri gle\u017enju zagotavlja varen in stabilen tek, \u0161irok oprijemni trak izbolj\u0161uje oprijem nogavice na vlo\u017eek, odsevni trak pa zagotavlja optimalno vidljivost tudi pono\u010di.<\/p>\n<p data-start=\"804\" data-end=\"830\"><strong data-start=\"804\" data-end=\"828\">TEHNI\u010cNE ZNA\u010cILNOSTI<\/strong><\/p>\n<ul data-start=\"831\" data-end=\"1307\">\n<li data-start=\"831\" data-end=\"895\">\n<p data-start=\"833\" data-end=\"895\"><strong data-start=\"833\" data-end=\"859\">In &amp; Out konstrukcija:<\/strong> ve\u010dje udobje brez odrezanih niti.<\/p>\n<\/li>\n<li data-start=\"896\" data-end=\"983\">\n<p data-start=\"898\" data-end=\"983\"><strong data-start=\"898\" data-end=\"916\">Lo\u010ditev palca:<\/strong> palec se lahko prosto giblje za izbolj\u0161ano udobje in stabilnost.<\/p>\n<\/li>\n<li data-start=\"984\" data-end=\"1046\">\n<p data-start=\"986\" data-end=\"1046\"><strong data-start=\"986\" data-end=\"1004\">Opora gle\u017enja:<\/strong> podporni trak za varen in stabilen tek.<\/p>\n<\/li>\n<li data-start=\"1047\" data-end=\"1110\">\n<p data-start=\"1049\" data-end=\"1110\"><strong data-start=\"1049\" data-end=\"1068\">Zra\u010dna mre\u017eica:<\/strong> maksimalna ventilacija za suha stopala.<\/p>\n<\/li>\n<li data-start=\"1111\" data-end=\"1192\">\n<p data-start=\"1113\" data-end=\"1192\"><strong data-start=\"1113\" data-end=\"1138\">\u0160irok oprijemni trak:<\/strong> izbolj\u0161uje oprijem in sinergijo nogavice z vlo\u017ekom.<\/p>\n<\/li>\n<li data-start=\"1193\" data-end=\"1260\">\n<p data-start=\"1195\" data-end=\"1260\"><strong data-start=\"1195\" data-end=\"1221\">Polygiene tehnologija:<\/strong> dolgotrajna sve\u017eina in nadzor vonja.<\/p>\n<\/li>\n<li data-start=\"1261\" data-end=\"1307\">\n<p data-start=\"1263\" data-end=\"1307\"><strong data-start=\"1263\" data-end=\"1280\">Odsevni trak:<\/strong> ve\u010dja vidljivost v temi.<\/p>\n<\/li>\n<\/ul>\n<p data-start=\"1309\" data-end=\"1354\" data-is-last-node=\"\" data-is-only-node=\"\"><strong data-start=\"1309\" data-end=\"1354\" data-is-last-node=\"\">Oblikovano v Franciji \/ izdelano v Evropi<\/strong><\/p>","protected":false},"excerpt":{"rendered":"<p><strong data-start=\"0\" data-end=\"42\">T-Free\u00ae Tehnologija za naravno gibanje<\/strong><br data-start=\"42\" data-end=\"45\" \/>Pri teku je <strong data-start=\"57\" data-end=\"82\">palec na nogi klju\u010den<\/strong> za ravnote\u017eje, poravnavo in potisk. Zato smo v sodelovanju z atletom Jonathanom Albonom razvili tehnologijo <strong data-start=\"191\" data-end=\"202\">T-Free\u00ae<\/strong>, ki omogo\u010da prost in neodvisen premik palca, izbolj\u0161uje udobje in stabilnost pri teku po cesti.<\/p>","protected":false},"featured_media":4491,"comment_status":"open","ping_status":"closed","template":"","meta":{"_acf_changed":false,"inline_featured_image":false,"_monsterinsights_skip_tracking":false,"_monsterinsights_sitenote_active":false,"_monsterinsights_sitenote_note":"","_monsterinsights_sitenote_category":0},"product_brand":[36],"product_cat":[77,19,78],"product_tag":[],"class_list":{"0":"post-2051","1":"product","2":"type-product","3":"status-publish","4":"has-post-thumbnail","6":"product_brand-sidas","7":"product_cat-dodatki-za-tek-in-hojo","8":"product_cat-tek-in-hoja","9":"product_cat-tekaske-nogavice","11":"first","12":"instock","13":"taxable","14":"shipping-taxable","15":"product-type-variable"},"acf":[],"aioseo_notices":[],"_links":{"self":[{"href":"https:\/\/olliesport.com\/en\/wp-json\/wp\/v2\/product\/2051","targetHints":{"allow":["GET"]}}],"collection":[{"href":"https:\/\/olliesport.com\/en\/wp-json\/wp\/v2\/product"}],"about":[{"href":"https:\/\/olliesport.com\/en\/wp-json\/wp\/v2\/types\/product"}],"replies":[{"embeddable":true,"href":"https:\/\/olliesport.com\/en\/wp-json\/wp\/v2\/comments?post=2051"}],"wp:featuredmedia":[{"embeddable":true,"href":"https:\/\/olliesport.com\/en\/wp-json\/wp\/v2\/media\/4491"}],"wp:attachment":[{"href":"https:\/\/olliesport.com\/en\/wp-json\/wp\/v2\/media?parent=2051"}],"wp:term":[{"taxonomy":"product_brand","embeddable":true,"href":"https:\/\/olliesport.com\/en\/wp-json\/wp\/v2\/product_brand?post=2051"},{"taxonomy":"product_cat","embeddable":true,"href":"https:\/\/olliesport.com\/en\/wp-json\/wp\/v2\/product_cat?post=2051"},{"taxonomy":"product_tag","embeddable":true,"href":"https:\/\/olliesport.com\/en\/wp-json\/wp\/v2\/product_tag?post=2051"}],"curies":[{"name":"wp","href":"https:\/\/api.w.org\/{rel}","templated":true}]}}