{"id":2043,"date":"2025-10-29T14:53:40","date_gmt":"2025-10-29T13:53:40","guid":{"rendered":"https:\/\/olliesport.click.si\/trgovina\/uncategorized\/sidas-nogavice-ski-touring-ble-ja-l\/"},"modified":"2026-04-18T11:58:51","modified_gmt":"2026-04-18T09:58:51","slug":"sidas-nogavice-ski-touring-ble-ja","status":"publish","type":"product","link":"https:\/\/olliesport.com\/en\/trgovina\/smucanje\/dodatki-za-smucanje\/smucarske-nogavice\/sidas-nogavice-ski-touring-ble-ja\/","title":{"rendered":"SIDAS NOGAVICE SKI TOURING Ble\/Ja"},"content":{"rendered":"<p><strong>Ski Touring \u2013 visokozmogljive nogavice za turno smuko<\/strong><\/p>\n<p><strong>Ski Touring<\/strong> smu\u010darske nogavice so zasnovane za u\u010dinkovito odvajanje vlage med turnimi vzponi, hkrati pa zmanj\u0161ujejo tveganje za nastanek \u017euljev. <strong>Proti-zdrsni silikonski trak nad gle\u017enjem<\/strong> izbolj\u0161a stik s ko\u017eo in deluje kot za\u0161\u010dita druge ko\u017ee, saj zmanj\u0161a trenje in prepre\u010duje drsenje nogavice.<\/p>\n<p>Prednji del stopala je pleten z <strong>ve\u010djo mre\u017eo<\/strong>, kar omogo\u010da bolj\u0161e odvajanje vlage in zagotavlja odli\u010dno <strong>zra\u010dnost<\/strong>. Tako stopala ostanejo <strong>suha in topla<\/strong> tudi pri intenzivni telesni aktivnosti. Nogavice so izdelane iz <strong>organske merino volne<\/strong> and <strong>recikliranega poliamida<\/strong>, zato so prijazne do okolja in hkrati nudijo zanesljivo za\u0161\u010dito stopalom.<\/p>\n<p>Te visokozmogljive nogavice odlikuje izjemna <strong>natan\u010dnost<\/strong>, ki temelji na napredni tehniki pletenja, optimalni debelini in uravnote\u017eeni napetosti materiala. Pletene so z <strong>200 iglami<\/strong>, kar predstavlja eno najvi\u0161jih mo\u017enih lo\u010dljivosti za nogavice. Zaradi <strong>In &amp; Out konstrukcije<\/strong> nimajo notranjih rezov niti, kar prepre\u010duje dra\u017eenje ko\u017ee. Mo\u010dna napetost zagotavlja popolno prileganje stopalu in me\u010dem, minimalna debelina pa omogo\u010da tesen stik s smu\u010darskim \u010devljem \u2013 brez izgube udobja.<\/p>\n<p><strong>Silikonski trak na podplatu<\/strong> poskrbi za bolj\u0161i oprijem s podplatom \u010devlja in vlo\u017ekom ter s tem za ve\u010djo <strong>stabilnost, natan\u010dnost in prenos gibanja<\/strong>. <strong>Merino volna<\/strong> zagotavlja toploto in odvajanje vlage za <strong>najbolj\u0161o zra\u010dnost<\/strong> med gibanjem v hribih.<\/p>\n<p><strong>Uniseks model.<\/strong> Na voljo v ve\u010d velikostih.<\/p>\n<p><strong>TEHNI\u010cNE LASTNOSTI<\/strong><\/p>\n<ul>\n<li>In &amp; Out konstrukcija (brez notranjih \u0161ivov)<\/li>\n<li>Izdelava iz recikliranih vlaken (EcoTech)<\/li>\n<li>200 igel za izjemno fino pletenje<\/li>\n<li>Ciljna za\u0161\u010dita ob\u010dutljivih con stopala<\/li>\n<li>Zra\u010dnost pod stopalom<\/li>\n<li><strong>Toplota \u2022 Preciznost \u2022 Proti \u017euljem \u2022 Merino volna<\/strong><\/li>\n<\/ul>\n<p>&nbsp;<\/p>","protected":false},"excerpt":{"rendered":"<p><strong>TEHNI\u010cNE LASTNOSTI<\/strong><\/p>\n<ul>\n<li>In &amp; Out konstrukcija (brez notranjih \u0161ivov)<\/li>\n<li>Izdelava iz recikliranih vlaken (EcoTech)<\/li>\n<li>200 igel za izjemno fino pletenje<\/li>\n<li>Ciljna za\u0161\u010dita ob\u010dutljivih con stopala<\/li>\n<li>Zra\u010dnost pod stopalom<\/li>\n<li><strong>Toplota \u2022 Preciznost \u2022 Proti \u017euljem \u2022 Merino volna<\/strong><\/li>\n<\/ul>","protected":false},"featured_media":3151,"comment_status":"open","ping_status":"closed","template":"","meta":{"_acf_changed":false,"inline_featured_image":false,"_monsterinsights_skip_tracking":false,"_monsterinsights_sitenote_active":false,"_monsterinsights_sitenote_note":"","_monsterinsights_sitenote_category":0},"product_brand":[36],"product_cat":[124,21,91],"product_tag":[],"class_list":{"0":"post-2043","1":"product","2":"type-product","3":"status-publish","4":"has-post-thumbnail","6":"product_brand-sidas","7":"product_cat-dodatki-za-smucanje","8":"product_cat-smucanje","9":"product_cat-smucarske-nogavice","11":"first","12":"instock","13":"taxable","14":"shipping-taxable","15":"purchasable","16":"product-type-variable"},"acf":[],"aioseo_notices":[],"_links":{"self":[{"href":"https:\/\/olliesport.com\/en\/wp-json\/wp\/v2\/product\/2043","targetHints":{"allow":["GET"]}}],"collection":[{"href":"https:\/\/olliesport.com\/en\/wp-json\/wp\/v2\/product"}],"about":[{"href":"https:\/\/olliesport.com\/en\/wp-json\/wp\/v2\/types\/product"}],"replies":[{"embeddable":true,"href":"https:\/\/olliesport.com\/en\/wp-json\/wp\/v2\/comments?post=2043"}],"wp:featuredmedia":[{"embeddable":true,"href":"https:\/\/olliesport.com\/en\/wp-json\/wp\/v2\/media\/3151"}],"wp:attachment":[{"href":"https:\/\/olliesport.com\/en\/wp-json\/wp\/v2\/media?parent=2043"}],"wp:term":[{"taxonomy":"product_brand","embeddable":true,"href":"https:\/\/olliesport.com\/en\/wp-json\/wp\/v2\/product_brand?post=2043"},{"taxonomy":"product_cat","embeddable":true,"href":"https:\/\/olliesport.com\/en\/wp-json\/wp\/v2\/product_cat?post=2043"},{"taxonomy":"product_tag","embeddable":true,"href":"https:\/\/olliesport.com\/en\/wp-json\/wp\/v2\/product_tag?post=2043"}],"curies":[{"name":"wp","href":"https:\/\/api.w.org\/{rel}","templated":true}]}}