{"id":2039,"date":"2025-10-29T14:53:39","date_gmt":"2025-10-29T13:53:39","guid":{"rendered":"https:\/\/olliesport.click.si\/trgovina\/uncategorized\/sidas-nogavice-ski-protect-v2-35-38\/"},"modified":"2026-04-16T20:58:39","modified_gmt":"2026-04-16T18:58:39","slug":"sidas-nogavice-ski-protect-v2","status":"publish","type":"product","link":"https:\/\/olliesport.com\/en\/trgovina\/smucanje\/dodatki-za-smucanje\/smucarske-nogavice\/sidas-nogavice-ski-protect-v2\/","title":{"rendered":"SIDAS SOCKS SKI PROTECT V2"},"content":{"rendered":"<p><strong>Ski Protect \u2013 pozabite na bole\u010dine v golenih med smu\u010danjem!<\/strong><\/p>\n<p>Spoznajte <strong>Ski Protect<\/strong>, vrhunsko tehni\u010dno nogavico za smu\u010danje, ki zdru\u017euje udobje, zmogljivost in inovativnost. Z napredno za\u0161\u010dito goleni, zasnovano za bla\u017eenje udarcev, vam ta nogavica zagotavlja izjemno udobje tudi med najzahtevnej\u0161imi spusti.<\/p>\n<p>Za\u0161\u010dita goleni je izdelana iz <strong>nizkostoje\u010de pene<\/strong>, ki zagotavlja odli\u010dno bla\u017eenje, medtem ko anatomski kroj omogo\u010da popolno prileganje okoli goleni. Nogavica zdru\u017euje <strong>naravno toploto merino volne<\/strong> z elasti\u010dnostjo in trajnostjo <strong>recikliranih vlaken<\/strong>, kar ustvarja nepremagljivo udobje za najzahtevnej\u0161e smu\u010darje.<\/p>\n<p>Pozabite na neprijetne bole\u010dine in nelagodje \u2013 izberite <strong>Ski Protect<\/strong> in u\u017eivajte v smu\u010darskih dneh brez omejitev!<\/p>\n<p><strong>Glavne prednosti<\/strong><\/p>\n<ul>\n<li><strong>Integrirana za\u0161\u010dita goleni:<\/strong> Nizkostoje\u010da pena u\u010dinkovito bla\u017ei udarce na predel goleni in zagotavlja klju\u010dno za\u0161\u010dito med smu\u010danjem.<\/li>\n<li><strong>Optimalno udobje:<\/strong> Tehni\u010dna zasnova in anatomski kroj poskrbita za popolno prileganje in udobje \u2013 tudi med najzahtevnej\u0161imi spusti.<\/li>\n<li><strong>Kakovostni materiali:<\/strong> Merino volna za naravno toploto in odvajanje vlage ter reciklirana vlakna za trajnost, elasti\u010dnost in udobje.<\/li>\n<li><strong>Inovativna In &amp; Out konstrukcija:<\/strong> Omejuje stik niti s ko\u017eo in tako prepre\u010duje dra\u017eenje ter pove\u010duje udobje med no\u0161enjem.<\/li>\n<li><strong>Dodatna za\u0161\u010dita:<\/strong> Poleg za\u0161\u010dite goleni nogavica vklju\u010duje tudi okrepljene za\u0161\u010ditne cone na prstih in peti za ve\u010djo trpe\u017enost in podporo.<\/li>\n<li><strong>Primerna za ob\u010dutljive smu\u010darje:<\/strong> Posebej zasnovana za smu\u010darje z ob\u010dutljivo ko\u017eo ali ve\u010djo ob\u010dutljivostjo na pritisk, da lahko u\u017eivajo brez nelagodja.<\/li>\n<\/ul>\n<p>&nbsp;<\/p>","protected":false},"excerpt":{"rendered":"<ul>\n<li><strong>Integrirana za\u0161\u010dita goleni:<\/strong> Nizkostoje\u010da pena u\u010dinkovito bla\u017ei udarce na predel goleni in zagotavlja klju\u010dno za\u0161\u010dito med smu\u010danjem.<\/li>\n<li><strong>Optimalno udobje:<\/strong> Tehni\u010dna zasnova in anatomski kroj poskrbita za popolno prileganje in udobje \u2013 tudi med najzahtevnej\u0161imi spusti.<\/li>\n<li><strong>Kakovostni materiali:<\/strong> Merino volna za naravno toploto in odvajanje vlage ter reciklirana vlakna za trajnost, elasti\u010dnost in udobje.<\/li>\n<li><strong>Inovativna In &amp; Out konstrukcija:<\/strong> Omejuje stik niti s ko\u017eo in tako prepre\u010duje dra\u017eenje ter pove\u010duje udobje med no\u0161enjem.<\/li>\n<li><strong>Dodatna za\u0161\u010dita:<\/strong> Poleg za\u0161\u010dite goleni nogavica vklju\u010duje tudi okrepljene za\u0161\u010ditne cone na prstih in peti za ve\u010djo trpe\u017enost in podporo.<\/li>\n<li><strong>Primerna za ob\u010dutljive smu\u010darje:<\/strong> Posebej zasnovana za smu\u010darje z ob\u010dutljivo ko\u017eo ali ve\u010djo ob\u010dutljivostjo na pritisk, da lahko u\u017eivajo brez nelagodja.<\/li>\n<\/ul>","protected":false},"featured_media":3093,"comment_status":"open","ping_status":"closed","template":"","meta":{"_acf_changed":false,"inline_featured_image":false,"_monsterinsights_skip_tracking":false,"_monsterinsights_sitenote_active":false,"_monsterinsights_sitenote_note":"","_monsterinsights_sitenote_category":0},"product_brand":[36],"product_cat":[124,21,91],"product_tag":[],"class_list":{"0":"post-2039","1":"product","2":"type-product","3":"status-publish","4":"has-post-thumbnail","6":"product_brand-sidas","7":"product_cat-dodatki-za-smucanje","8":"product_cat-smucanje","9":"product_cat-smucarske-nogavice","11":"first","12":"instock","13":"taxable","14":"shipping-taxable","15":"purchasable","16":"product-type-variable"},"acf":[],"aioseo_notices":[],"_links":{"self":[{"href":"https:\/\/olliesport.com\/en\/wp-json\/wp\/v2\/product\/2039","targetHints":{"allow":["GET"]}}],"collection":[{"href":"https:\/\/olliesport.com\/en\/wp-json\/wp\/v2\/product"}],"about":[{"href":"https:\/\/olliesport.com\/en\/wp-json\/wp\/v2\/types\/product"}],"replies":[{"embeddable":true,"href":"https:\/\/olliesport.com\/en\/wp-json\/wp\/v2\/comments?post=2039"}],"wp:featuredmedia":[{"embeddable":true,"href":"https:\/\/olliesport.com\/en\/wp-json\/wp\/v2\/media\/3093"}],"wp:attachment":[{"href":"https:\/\/olliesport.com\/en\/wp-json\/wp\/v2\/media?parent=2039"}],"wp:term":[{"taxonomy":"product_brand","embeddable":true,"href":"https:\/\/olliesport.com\/en\/wp-json\/wp\/v2\/product_brand?post=2039"},{"taxonomy":"product_cat","embeddable":true,"href":"https:\/\/olliesport.com\/en\/wp-json\/wp\/v2\/product_cat?post=2039"},{"taxonomy":"product_tag","embeddable":true,"href":"https:\/\/olliesport.com\/en\/wp-json\/wp\/v2\/product_tag?post=2039"}],"curies":[{"name":"wp","href":"https:\/\/api.w.org\/{rel}","templated":true}]}}