{"id":2035,"date":"2025-10-29T14:53:39","date_gmt":"2025-10-29T13:53:39","guid":{"rendered":"https:\/\/olliesport.click.si\/trgovina\/uncategorized\/sidas-nogavice-ski-merinos-women-35-36-blue-purple\/"},"modified":"2026-04-16T20:58:38","modified_gmt":"2026-04-16T18:58:38","slug":"sidas-nogavice-ski-merino-blue-purple","status":"publish","type":"product","link":"https:\/\/olliesport.com\/en\/trgovina\/smucanje\/dodatki-za-smucanje\/smucarske-nogavice\/sidas-nogavice-ski-merino-blue-purple\/","title":{"rendered":"SIDAS SKI SOCKS MERINO blue\/purple"},"content":{"rendered":"<p><strong>Anatomske smu\u010darske nogavice Ski Merino<\/strong> so posebej zasnovane za popolno udobje okoli celotnega stopala. Oblazinjenje na predelih goleni, pete in prstov u\u010dinkovito \u0161\u010diti ob\u010dutljive dele stopala. <strong>Merino volna<\/strong> zagotavlja toploto in odvajanje vlage, kar omogo\u010da optimalno zra\u010dnost stopal \u010dez cel dan \u2013 tudi za smu\u010darje, ki so posebej ob\u010dutljivi na mraz.<\/p>\n<p>Nogavice Ski Merino so izdelane iz <strong>organske merino volne<\/strong> and <strong>recikliranih vlaken<\/strong>, zato so prijazne do okolja in va\u0161ih stopal. Zmerna kompresija in optimalna debelina omogo\u010data odli\u010dno prileganje tako va\u0161im stopalom kot smu\u010darskim \u010devljem.<\/p>\n<p>Inovativna <strong>In &amp; Out konstrukcija<\/strong> prepre\u010duje notranje \u0161ive in ve\u010dplastnost materiala, kar \u0161e dodatno pove\u010da udobje in izbolj\u0161a ob\u010dutek v smu\u010darskih \u010devljih. Merino volna v teh nogavicah ohranja toploto in u\u010dinkovito odvaja vlago \u2013 va\u0161a stopala bodo ves \u010das suha in prijetno topla.<\/p>\n<p><strong>TEHNI\u010cNE LASTNOSTI<\/strong><\/p>\n<ul>\n<li>In &amp; Out konstrukcija<\/li>\n<li>EcoTech konstrukcija: reciklirana vlakna<\/li>\n<li>Pletene z 156 iglami za natan\u010dno strukturo<\/li>\n<li>Ciljna za\u0161\u010dita ob\u010dutljivih delov stopala<\/li>\n<li>Zra\u010denje na spodnjem delu stopala<\/li>\n<li>Toplota \u2022 Za\u0161\u010dita \u2022 Udobje \u2022 Merino volna<\/li>\n<\/ul>","protected":false},"excerpt":{"rendered":"<p><strong>TEHNI\u010cNE LASTNOSTI<\/strong><\/p>\n<ul>\n<li>In &amp; Out konstrukcija<\/li>\n<li>EcoTech konstrukcija: reciklirana vlakna<\/li>\n<li>Pletene z 156 iglami za natan\u010dno strukturo<\/li>\n<li>Ciljna za\u0161\u010dita ob\u010dutljivih delov stopala<\/li>\n<li>Zra\u010denje na spodnjem delu stopala<\/li>\n<li>Toplota \u2022 Za\u0161\u010dita \u2022 Udobje \u2022 Merino volna<\/li>\n<\/ul>","protected":false},"featured_media":3066,"comment_status":"open","ping_status":"closed","template":"","meta":{"_acf_changed":false,"inline_featured_image":false,"_monsterinsights_skip_tracking":false,"_monsterinsights_sitenote_active":false,"_monsterinsights_sitenote_note":"","_monsterinsights_sitenote_category":0},"product_brand":[36],"product_cat":[124,21,91],"product_tag":[],"class_list":{"0":"post-2035","1":"product","2":"type-product","3":"status-publish","4":"has-post-thumbnail","6":"product_brand-sidas","7":"product_cat-dodatki-za-smucanje","8":"product_cat-smucanje","9":"product_cat-smucarske-nogavice","11":"first","12":"instock","13":"taxable","14":"shipping-taxable","15":"purchasable","16":"product-type-variable"},"acf":[],"aioseo_notices":[],"_links":{"self":[{"href":"https:\/\/olliesport.com\/en\/wp-json\/wp\/v2\/product\/2035","targetHints":{"allow":["GET"]}}],"collection":[{"href":"https:\/\/olliesport.com\/en\/wp-json\/wp\/v2\/product"}],"about":[{"href":"https:\/\/olliesport.com\/en\/wp-json\/wp\/v2\/types\/product"}],"replies":[{"embeddable":true,"href":"https:\/\/olliesport.com\/en\/wp-json\/wp\/v2\/comments?post=2035"}],"wp:featuredmedia":[{"embeddable":true,"href":"https:\/\/olliesport.com\/en\/wp-json\/wp\/v2\/media\/3066"}],"wp:attachment":[{"href":"https:\/\/olliesport.com\/en\/wp-json\/wp\/v2\/media?parent=2035"}],"wp:term":[{"taxonomy":"product_brand","embeddable":true,"href":"https:\/\/olliesport.com\/en\/wp-json\/wp\/v2\/product_brand?post=2035"},{"taxonomy":"product_cat","embeddable":true,"href":"https:\/\/olliesport.com\/en\/wp-json\/wp\/v2\/product_cat?post=2035"},{"taxonomy":"product_tag","embeddable":true,"href":"https:\/\/olliesport.com\/en\/wp-json\/wp\/v2\/product_tag?post=2035"}],"curies":[{"name":"wp","href":"https:\/\/api.w.org\/{rel}","templated":true}]}}