{"id":2031,"date":"2025-10-29T14:53:38","date_gmt":"2025-10-29T13:53:38","guid":{"rendered":"https:\/\/olliesport.click.si\/trgovina\/uncategorized\/sidas-nogavice-ski-merino-bl-ble-35-38\/"},"modified":"2026-04-16T20:58:38","modified_gmt":"2026-04-16T18:58:38","slug":"sidas-nogavice-ski-merino-bl-ble","status":"publish","type":"product","link":"https:\/\/olliesport.com\/en\/trgovina\/smucanje\/dodatki-za-smucanje\/smucarske-nogavice\/sidas-nogavice-ski-merino-bl-ble\/","title":{"rendered":"SIDAS NOGAVICE SKI MERINO Bl\/Ble"},"content":{"rendered":"<p data-start=\"0\" data-end=\"355\"><strong data-start=\"0\" data-end=\"43\">Anatomske smu\u010darske nogavice Ski Merino<\/strong> so posebej zasnovane za popolno udobje okoli celotnega stopala. <strong data-start=\"108\" data-end=\"147\">Blazinice na goleni, peti in prstih<\/strong> \u0161\u010ditijo te ob\u010dutljive dele stopala. <strong data-start=\"184\" data-end=\"200\">Merino volna<\/strong> zagotavlja toploto in u\u010dinkovito odvajanje vlage, kar omogo\u010da <strong data-start=\"263\" data-end=\"285\">optimalno zra\u010dnost<\/strong> skozi ves dan \u2013 tudi za smu\u010darje, ki so posebej ob\u010dutljivi na mraz.<\/p>\n<p data-start=\"357\" data-end=\"598\">Nogavice <strong data-start=\"366\" data-end=\"380\">Ski Merino<\/strong> so izdelane iz <strong data-start=\"396\" data-end=\"444\">organske merino volne in recikliranih vlaken<\/strong>, zato so prijazne tako do okolja kot do va\u0161ih stopal. Zmerna napetost in srednja debelina nudita <strong data-start=\"542\" data-end=\"564\">odli\u010dno prileganje<\/strong> stopalom in smu\u010darskim \u010devljem.<\/p>\n<p data-start=\"600\" data-end=\"861\"><strong data-start=\"600\" data-end=\"625\">In &amp; Out konstrukcija<\/strong> prepre\u010duje preseke niti ali ve\u010dplastno nalaganje materiala v notranjosti nogavice, kar pove\u010duje udobje in izbolj\u0161uje ob\u010dutek v smu\u010darskih \u010devljih. Merino volna dodatno poskrbi za <strong data-start=\"805\" data-end=\"845\">toploto, odvajanje vlage in zra\u010dnost<\/strong> va\u0161ih stopal.<\/p>\n<p data-start=\"863\" data-end=\"914\">Model je <strong data-start=\"872\" data-end=\"882\">unisex<\/strong> in na voljo v ve\u010d velikostih.<\/p>\n<hr data-start=\"916\" data-end=\"919\" \/>\n<h3 data-start=\"921\" data-end=\"943\">TEHNI\u010cNE LASTNOSTI<\/h3>\n<ul data-start=\"944\" data-end=\"1195\" data-is-last-node=\"\" data-is-only-node=\"\">\n<li data-start=\"944\" data-end=\"973\">\n<p data-start=\"946\" data-end=\"973\"><strong data-start=\"946\" data-end=\"971\">In &amp; Out konstrukcija<\/strong><\/p>\n<\/li>\n<li data-start=\"974\" data-end=\"1022\">\n<p data-start=\"976\" data-end=\"1022\"><strong data-start=\"976\" data-end=\"1000\">EcoTech konstrukcija<\/strong>: reciklirana vlakna<\/p>\n<\/li>\n<li data-start=\"1023\" data-end=\"1067\">\n<p data-start=\"1025\" data-end=\"1067\"><strong data-start=\"1025\" data-end=\"1037\">156 igel<\/strong> za visoko natan\u010dnost tkanja<\/p>\n<\/li>\n<li data-start=\"1068\" data-end=\"1117\">\n<p data-start=\"1070\" data-end=\"1117\"><strong data-start=\"1070\" data-end=\"1115\">Za\u0161\u010dita posebej ob\u010dutljivih delov stopala<\/strong><\/p>\n<\/li>\n<li data-start=\"1118\" data-end=\"1147\">\n<p data-start=\"1120\" data-end=\"1147\"><strong data-start=\"1120\" data-end=\"1145\">Zra\u010dnost pod stopalom<\/strong><\/p>\n<\/li>\n<li data-start=\"1148\" data-end=\"1195\" data-is-last-node=\"\">\n<p data-start=\"1150\" data-end=\"1195\" data-is-last-node=\"\"><strong data-start=\"1150\" data-end=\"1195\" data-is-last-node=\"\">Toplota \u2022 Za\u0161\u010dita \u2022 Udobje \u2022 Merino volna<\/strong><\/p>\n<\/li>\n<\/ul>","protected":false},"excerpt":{"rendered":"<h3 data-start=\"921\" data-end=\"943\">TEHNI\u010cNE LASTNOSTI<\/h3>\n<ul data-start=\"944\" data-end=\"1195\" data-is-last-node=\"\" data-is-only-node=\"\">\n<li data-start=\"944\" data-end=\"973\">\n<p data-start=\"946\" data-end=\"973\"><strong data-start=\"946\" data-end=\"971\">In &amp; Out konstrukcija<\/strong><\/p>\n<\/li>\n<li data-start=\"974\" data-end=\"1022\">\n<p data-start=\"976\" data-end=\"1022\"><strong data-start=\"976\" data-end=\"1000\">EcoTech konstrukcija<\/strong>: reciklirana vlakna<\/p>\n<\/li>\n<li data-start=\"1023\" data-end=\"1067\">\n<p data-start=\"1025\" data-end=\"1067\"><strong data-start=\"1025\" data-end=\"1037\">156 igel<\/strong> za visoko natan\u010dnost tkanja<\/p>\n<\/li>\n<li data-start=\"1068\" data-end=\"1117\">\n<p data-start=\"1070\" data-end=\"1117\"><strong data-start=\"1070\" data-end=\"1115\">Za\u0161\u010dita posebej ob\u010dutljivih delov stopala<\/strong><\/p>\n<\/li>\n<li data-start=\"1118\" data-end=\"1147\">\n<p data-start=\"1120\" data-end=\"1147\"><strong data-start=\"1120\" data-end=\"1145\">Zra\u010dnost pod stopalom<\/strong><\/p>\n<\/li>\n<li data-start=\"1148\" data-end=\"1195\" data-is-last-node=\"\">\n<p data-start=\"1150\" data-end=\"1195\" data-is-last-node=\"\"><strong data-start=\"1150\" data-end=\"1195\" data-is-last-node=\"\">Toplota \u2022 Za\u0161\u010dita \u2022 Udobje \u2022 Merino volna<\/strong><\/p>\n<\/li>\n<\/ul>","protected":false},"featured_media":3142,"comment_status":"open","ping_status":"closed","template":"","meta":{"_acf_changed":false,"inline_featured_image":false,"_monsterinsights_skip_tracking":false,"_monsterinsights_sitenote_active":false,"_monsterinsights_sitenote_note":"","_monsterinsights_sitenote_category":0},"product_brand":[36],"product_cat":[124,21,91],"product_tag":[],"class_list":{"0":"post-2031","1":"product","2":"type-product","3":"status-publish","4":"has-post-thumbnail","6":"product_brand-sidas","7":"product_cat-dodatki-za-smucanje","8":"product_cat-smucanje","9":"product_cat-smucarske-nogavice","11":"first","12":"instock","13":"taxable","14":"shipping-taxable","15":"purchasable","16":"product-type-variable"},"acf":[],"aioseo_notices":[],"_links":{"self":[{"href":"https:\/\/olliesport.com\/en\/wp-json\/wp\/v2\/product\/2031","targetHints":{"allow":["GET"]}}],"collection":[{"href":"https:\/\/olliesport.com\/en\/wp-json\/wp\/v2\/product"}],"about":[{"href":"https:\/\/olliesport.com\/en\/wp-json\/wp\/v2\/types\/product"}],"replies":[{"embeddable":true,"href":"https:\/\/olliesport.com\/en\/wp-json\/wp\/v2\/comments?post=2031"}],"wp:featuredmedia":[{"embeddable":true,"href":"https:\/\/olliesport.com\/en\/wp-json\/wp\/v2\/media\/3142"}],"wp:attachment":[{"href":"https:\/\/olliesport.com\/en\/wp-json\/wp\/v2\/media?parent=2031"}],"wp:term":[{"taxonomy":"product_brand","embeddable":true,"href":"https:\/\/olliesport.com\/en\/wp-json\/wp\/v2\/product_brand?post=2031"},{"taxonomy":"product_cat","embeddable":true,"href":"https:\/\/olliesport.com\/en\/wp-json\/wp\/v2\/product_cat?post=2031"},{"taxonomy":"product_tag","embeddable":true,"href":"https:\/\/olliesport.com\/en\/wp-json\/wp\/v2\/product_tag?post=2031"}],"curies":[{"name":"wp","href":"https:\/\/api.w.org\/{rel}","templated":true}]}}